{"id":4735,"date":"2017-03-22T20:07:24","date_gmt":"2017-03-22T19:07:24","guid":{"rendered":"http:\/\/klubmamgdynia.pl\/index.php\/produkt\/fotelik-samochodowy-bebekonfort-road-fix-pixel-grey\/"},"modified":"2026-04-08T18:52:01","modified_gmt":"2026-04-08T16:52:01","slug":"fotelik-samochodowy-bebekonfort-road-fix-pixel-grey","status":"publish","type":"product","link":"http:\/\/klubmamgdynia.pl\/index.php\/produkt\/fotelik-samochodowy-bebekonfort-road-fix-pixel-grey\/","title":{"rendered":"Fotelik samochodowy Bebekonfort Road Fix Pixel Grey"},"content":{"rendered":"<p>Szczeg\u00f3\u0142y produktu: Dla dzieci od 15 do 36 kg (ok. 3 lata do 12 lat). Wyposa\u017cony w ISOFIX , do monta\u017cu jednym klikni\u0119ciem Zag\u0142\u00f3wek z amortyzacj\u0105 EPS Zag\u0142\u00f3wek ma regulowan\u0105 wysoko\u015b\u0107 w 7 pozycjach, a os\u0142ona boczna ma r\u00f3wnie\u017c regulowan\u0105 szeroko\u015b\u0107 Mi\u0119kkie wy\u015bcie\u0142ane siedzisko Wymiary i waga: Wymiary (d\u0142ugo\u015b\u0107 x szeroko\u015b\u0107 x wysoko\u015b\u0107): 37 x 43 x 66 do 79 cm Waga: 6,05 kg Materia\u0142 i piel\u0119gnacja: Materia\u0142: zewn\u0119trzny 100% poliester; wype\u0142nienie: 82% poliuretan, 18% poliester. Zdejmowany i nadaj\u0105cy si\u0119 do prania pokrowiec (do 30 \u00b0C)<\/p>\n<h2>Fotelik samochodowy Bebekonfort Road Fix Pixel Grey <\/h2>\n<p>pytania logiczne, sing 2 multikino, \u015bwinka peppa kolorowanka do druku, do druku dla dzieci, peppa do czytania, bajka krecik, \u017carty na prima aprilis dla rodzic\u00f3w, opis na dzie\u0144 mamy, co kupi\u0107 nastolatce na \u015bwi\u0119ta<\/p>\n<p>yyyyy<\/p>\n<p>&nbsp;<\/p>\n","protected":false},"excerpt":{"rendered":"<p>Szczeg\u00f3\u0142y produktu: Dla dzieci od 15 do 36 kg (ok. 3 lata do 12 lat). Wyposa\u017cony w ISOFIX , do monta\u017cu jednym klikni\u0119ciem Zag\u0142\u00f3wek z amortyzacj\u0105 EPS Zag\u0142\u00f3wek ma regulowan\u0105 wysoko\u015b\u0107 w 7 pozycjach, a os\u0142ona boczna ma r\u00f3wnie\u017c regulowan\u0105 szeroko\u015b\u0107 Mi\u0119kkie wy\u015bcie\u0142ane siedzisko Wymiary i waga: Wymiary (d\u0142ugo\u015b\u0107 x szeroko\u015b\u0107 x wysoko\u015b\u0107): 37 x [&hellip;]<\/p>\n","protected":false},"featured_media":4736,"comment_status":"closed","ping_status":"open","template":"","meta":[],"product_cat":[32],"product_tag":[668,777,862,640,805],"class_list":["post-4735","product","type-product","status-publish","has-post-thumbnail","hentry","product_cat-foteliki-samochodowe","product_tag-atrakcje-dla-dzieci-wroclaw","product_tag-co-na-roczek","product_tag-nasza-zima-zla-tekst","product_tag-prezent-dla-rocznej-dziewczynki","product_tag-znaczenie-imienia-alan"],"_links":{"self":[{"href":"http:\/\/klubmamgdynia.pl\/index.php\/wp-json\/wp\/v2\/product\/4735","targetHints":{"allow":["GET"]}}],"collection":[{"href":"http:\/\/klubmamgdynia.pl\/index.php\/wp-json\/wp\/v2\/product"}],"about":[{"href":"http:\/\/klubmamgdynia.pl\/index.php\/wp-json\/wp\/v2\/types\/product"}],"replies":[{"embeddable":true,"href":"http:\/\/klubmamgdynia.pl\/index.php\/wp-json\/wp\/v2\/comments?post=4735"}],"wp:featuredmedia":[{"embeddable":true,"href":"http:\/\/klubmamgdynia.pl\/index.php\/wp-json\/wp\/v2\/media\/4736"}],"wp:attachment":[{"href":"http:\/\/klubmamgdynia.pl\/index.php\/wp-json\/wp\/v2\/media?parent=4735"}],"wp:term":[{"taxonomy":"product_cat","embeddable":true,"href":"http:\/\/klubmamgdynia.pl\/index.php\/wp-json\/wp\/v2\/product_cat?post=4735"},{"taxonomy":"product_tag","embeddable":true,"href":"http:\/\/klubmamgdynia.pl\/index.php\/wp-json\/wp\/v2\/product_tag?post=4735"}],"curies":[{"name":"wp","href":"https:\/\/api.w.org\/{rel}","templated":true}]}}