{"id":4737,"date":"2016-09-07T20:21:18","date_gmt":"2016-09-07T18:21:18","guid":{"rendered":"http:\/\/klubmamgdynia.pl\/index.php\/produkt\/adar-ubranko-dla-lalki-60cm-428577\/"},"modified":"2026-04-30T09:11:09","modified_gmt":"2026-04-30T07:11:09","slug":"adar-ubranko-dla-lalki-60cm-428577","status":"publish","type":"product","link":"http:\/\/klubmamgdynia.pl\/index.php\/produkt\/adar-ubranko-dla-lalki-60cm-428577\/","title":{"rendered":"Adar Ubranko Dla Lalki 60cm 428577"},"content":{"rendered":"<p>Ubranko dla lalki o d\u0142ugo\u015bci do 60cm w pi\u0119knym r\u00f3\u017cowym kolorze ozdobione motywem motylk\u00f3w.W zestawie znajduj\u0105 si\u0119: czapeczka, sukienka, kurteczka, buciki na wieszaczku.W sumie 24 element\u00f3w&#8230;.<\/p>\n<h2>Adar Ubranko Dla Lalki 60cm 428577 Adar<\/h2>\n<p>trudne zagadki i odpowiedzi, znaki drogowe quizy, zagadki dla dzieci 4-5 lat online, sabina, zabawy dla dzieci 9-12 lat, \u0142atwe zagadki, zagadki trudne, \u017cyczenia wielkanocne dla dzieci kr\u00f3tkie, quiz stolice europy, marianna imi\u0119, bajka o smoku wawelskim, lego ninjago kolorowanki, cytaty na dzie\u0144 nauczyciela, sentencje o rodzinie, quizy miko\u0142ajek<\/p>\n<p>yyyyy<\/p>\n<p>&nbsp;<\/p>\n","protected":false},"excerpt":{"rendered":"<p>Ubranko dla lalki o d\u0142ugo\u015bci do 60cm w pi\u0119knym r\u00f3\u017cowym kolorze ozdobione motywem motylk\u00f3w.W zestawie znajduj\u0105 si\u0119: czapeczka, sukienka, kurteczka, buciki na wieszaczku.W sumie 24 element\u00f3w&#8230;. Adar Ubranko Dla Lalki 60cm 428577 Adar trudne zagadki i odpowiedzi, znaki drogowe quizy, zagadki dla dzieci 4-5 lat online, sabina, zabawy dla dzieci 9-12 lat, \u0142atwe zagadki, zagadki [&hellip;]<\/p>\n","protected":false},"featured_media":4738,"comment_status":"closed","ping_status":"open","template":"","meta":[],"product_cat":[175,50],"product_tag":[648,585,620,693],"class_list":["post-4737","product","type-product","status-publish","has-post-thumbnail","hentry","product_cat-adar","product_cat-ubranka-i-buty-dla-lalek","product_tag-dobrej-nocy-i-sza","product_tag-kolorowanki-dla-chlopcow","product_tag-quiz-opowiesci-z-narnii","product_tag-zagadki-dla-doroslych"],"_links":{"self":[{"href":"http:\/\/klubmamgdynia.pl\/index.php\/wp-json\/wp\/v2\/product\/4737","targetHints":{"allow":["GET"]}}],"collection":[{"href":"http:\/\/klubmamgdynia.pl\/index.php\/wp-json\/wp\/v2\/product"}],"about":[{"href":"http:\/\/klubmamgdynia.pl\/index.php\/wp-json\/wp\/v2\/types\/product"}],"replies":[{"embeddable":true,"href":"http:\/\/klubmamgdynia.pl\/index.php\/wp-json\/wp\/v2\/comments?post=4737"}],"wp:featuredmedia":[{"embeddable":true,"href":"http:\/\/klubmamgdynia.pl\/index.php\/wp-json\/wp\/v2\/media\/4738"}],"wp:attachment":[{"href":"http:\/\/klubmamgdynia.pl\/index.php\/wp-json\/wp\/v2\/media?parent=4737"}],"wp:term":[{"taxonomy":"product_cat","embeddable":true,"href":"http:\/\/klubmamgdynia.pl\/index.php\/wp-json\/wp\/v2\/product_cat?post=4737"},{"taxonomy":"product_tag","embeddable":true,"href":"http:\/\/klubmamgdynia.pl\/index.php\/wp-json\/wp\/v2\/product_tag?post=4737"}],"curies":[{"name":"wp","href":"https:\/\/api.w.org\/{rel}","templated":true}]}}