{"id":4741,"date":"2022-03-31T21:26:59","date_gmt":"2022-03-31T19:26:59","guid":{"rendered":"http:\/\/klubmamgdynia.pl\/index.php\/produkt\/adar-wiertarka-na-baterie-506992-zabawka\/"},"modified":"2026-05-17T22:46:57","modified_gmt":"2026-05-17T20:46:57","slug":"adar-wiertarka-na-baterie-506992-zabawka","status":"publish","type":"product","link":"http:\/\/klubmamgdynia.pl\/index.php\/produkt\/adar-wiertarka-na-baterie-506992-zabawka\/","title":{"rendered":"Adar Wiertarka Na Baterie 506992 &#8211; Zabawka"},"content":{"rendered":"<p>Wiertarka na baterie 506992Zestaw do majsterkowania dla maych W opakowaniu : wiertarka , ruby , lupaOpakowanie z okienkiem Zabawka dziaa na baterie : 2 x AA &#8211; 1,5 V &#8211; brak w zestawie Wymiary opakowania : 29 x 22 x 6 cm Wiek : 3+<\/p>\n<h2>Adar Wiertarka Na Baterie 506992 &#8211; Zabawka Adar<\/h2>\n<p>dzieci cytaty, nadia imi\u0119, quiz o flagach, w\u0142ochy, kawa\u0142y na prima aprilis dla rodzic\u00f3w, wzory zaprosze\u0144 zaproszenie na urodziny do druku pdf, urodziny dziecka pomys\u0142y, zagadki wielkanocne dla dzieci, miriam imie, stare bajki, bajki dla niemowl\u0105t do czytania, kolorowanki pokemon, zagadki logiczne matematyczne dla dzieci, pieski, quiz bajki, lilianna, gry ruchowe dla dzieci, quizy \u015bwi\u0105teczne bo\u017ce narodzenie, atrakcje dla dzieci tr\u00f3jmiasto<\/p>\n<p>yyyyy<\/p>\n<p>&nbsp;<\/p>\n","protected":false},"excerpt":{"rendered":"<p>Wiertarka na baterie 506992Zestaw do majsterkowania dla maych W opakowaniu : wiertarka , ruby , lupaOpakowanie z okienkiem Zabawka dziaa na baterie : 2 x AA &#8211; 1,5 V &#8211; brak w zestawie Wymiary opakowania : 29 x 22 x 6 cm Wiek : 3+ Adar Wiertarka Na Baterie 506992 &#8211; Zabawka Adar dzieci cytaty, [&hellip;]<\/p>\n","protected":false},"featured_media":4742,"comment_status":"closed","ping_status":"open","template":"","meta":[],"product_cat":[175,53],"product_tag":[686,727,815,778,604],"class_list":["post-4741","product","type-product","status-publish","has-post-thumbnail","hentry","product_cat-adar","product_cat-kaciki-zabaw","product_tag-co-na-roczek-dla-chlopca","product_tag-godlo-polski-do-druku","product_tag-ozdoby-choinkowe-dla-dzieci","product_tag-zabawki-na-roczek-dla-chlopca","product_tag-zagadki-trudne"],"_links":{"self":[{"href":"http:\/\/klubmamgdynia.pl\/index.php\/wp-json\/wp\/v2\/product\/4741","targetHints":{"allow":["GET"]}}],"collection":[{"href":"http:\/\/klubmamgdynia.pl\/index.php\/wp-json\/wp\/v2\/product"}],"about":[{"href":"http:\/\/klubmamgdynia.pl\/index.php\/wp-json\/wp\/v2\/types\/product"}],"replies":[{"embeddable":true,"href":"http:\/\/klubmamgdynia.pl\/index.php\/wp-json\/wp\/v2\/comments?post=4741"}],"wp:featuredmedia":[{"embeddable":true,"href":"http:\/\/klubmamgdynia.pl\/index.php\/wp-json\/wp\/v2\/media\/4742"}],"wp:attachment":[{"href":"http:\/\/klubmamgdynia.pl\/index.php\/wp-json\/wp\/v2\/media?parent=4741"}],"wp:term":[{"taxonomy":"product_cat","embeddable":true,"href":"http:\/\/klubmamgdynia.pl\/index.php\/wp-json\/wp\/v2\/product_cat?post=4741"},{"taxonomy":"product_tag","embeddable":true,"href":"http:\/\/klubmamgdynia.pl\/index.php\/wp-json\/wp\/v2\/product_tag?post=4741"}],"curies":[{"name":"wp","href":"https:\/\/api.w.org\/{rel}","templated":true}]}}