{"id":4745,"date":"2015-01-29T11:42:09","date_gmt":"2015-01-29T10:42:09","guid":{"rendered":"http:\/\/klubmamgdynia.pl\/index.php\/produkt\/hasbro-gaming-pipi-party-duel-childrens-e3257\/"},"modified":"2026-04-04T02:29:48","modified_gmt":"2026-04-04T00:29:48","slug":"hasbro-gaming-pipi-party-duel-childrens-e3257","status":"publish","type":"product","link":"http:\/\/klubmamgdynia.pl\/index.php\/produkt\/hasbro-gaming-pipi-party-duel-childrens-e3257\/","title":{"rendered":"Hasbro Gaming Pipi Party Duel Childrens E3257"},"content":{"rendered":"<p>Hasbro Gaming Pipi Party Duel Childrens E3257Szalona Sp\u0142uczka od firmy Hasbro to przezabawna gra towarzyska dla dw\u00f3ch os\u00f3b, w kt\u00f3rej wygrana zale\u017cy od zr\u0119czno\u015bci.<br \/>\n\u00a0\u015acigaj si\u0119 ze swoimi znajomymi obracaj\u0105c rolk\u0119 papieru aby spryska\u0107 przeciwnika.                            <\/p>\n<p>Kto b\u0119dzie pierwszym graczem, kt\u00f3ry zostanie spryskany wod\u0105?<br \/>\n\u00a0Szalona Sp\u0142uczka to dynamiczna gra dla dzieci, w kt\u00f3rej gracze \u015bcigaj\u0105 si\u0119 obracaj\u0105c rolkami papieru toaletowego najszybciej jak si\u0119 da, aby spryska\u0107 przeciwnika.<br \/>\n\u00a0Gracz, kt\u00f3ry nie zosta\u0142 spryskany wod\u0105, wygrywa!<\/p>\n<h2>Hasbro Gaming Pipi Party Duel Childrens E3257 Hasbro<\/h2>\n<p>tr\u00f3jmiasto atrakcje dla dzieci, quiz minecraft, prezenty dla nastolatk\u00f3w na dzie\u0144 dziecka, test z lektury pies kt\u00f3ry je\u017adzi\u0142 kolej\u0105<\/p>\n<p>yyyyy<\/p>\n<p>&nbsp;<\/p>\n","protected":false},"excerpt":{"rendered":"<p>Hasbro Gaming Pipi Party Duel Childrens E3257Szalona Sp\u0142uczka od firmy Hasbro to przezabawna gra towarzyska dla dw\u00f3ch os\u00f3b, w kt\u00f3rej wygrana zale\u017cy od zr\u0119czno\u015bci. \u00a0\u015acigaj si\u0119 ze swoimi znajomymi obracaj\u0105c rolk\u0119 papieru aby spryska\u0107 przeciwnika. Kto b\u0119dzie pierwszym graczem, kt\u00f3ry zostanie spryskany wod\u0105? \u00a0Szalona Sp\u0142uczka to dynamiczna gra dla dzieci, w kt\u00f3rej gracze \u015bcigaj\u0105 si\u0119 [&hellip;]<\/p>\n","protected":false},"featured_media":4746,"comment_status":"closed","ping_status":"open","template":"","meta":[],"product_cat":[130,129],"product_tag":[784,667,618,652,812],"class_list":["post-4745","product","type-product","status-publish","has-post-thumbnail","hentry","product_cat-gry-dzieciece","product_cat-hasbro","product_tag-hymn-gorniczy","product_tag-kolorowanka-lol","product_tag-lato-lato-lato-czeka-tekst","product_tag-otto","product_tag-zagadki-logiczne-na-inteligencje"],"_links":{"self":[{"href":"http:\/\/klubmamgdynia.pl\/index.php\/wp-json\/wp\/v2\/product\/4745","targetHints":{"allow":["GET"]}}],"collection":[{"href":"http:\/\/klubmamgdynia.pl\/index.php\/wp-json\/wp\/v2\/product"}],"about":[{"href":"http:\/\/klubmamgdynia.pl\/index.php\/wp-json\/wp\/v2\/types\/product"}],"replies":[{"embeddable":true,"href":"http:\/\/klubmamgdynia.pl\/index.php\/wp-json\/wp\/v2\/comments?post=4745"}],"wp:featuredmedia":[{"embeddable":true,"href":"http:\/\/klubmamgdynia.pl\/index.php\/wp-json\/wp\/v2\/media\/4746"}],"wp:attachment":[{"href":"http:\/\/klubmamgdynia.pl\/index.php\/wp-json\/wp\/v2\/media?parent=4745"}],"wp:term":[{"taxonomy":"product_cat","embeddable":true,"href":"http:\/\/klubmamgdynia.pl\/index.php\/wp-json\/wp\/v2\/product_cat?post=4745"},{"taxonomy":"product_tag","embeddable":true,"href":"http:\/\/klubmamgdynia.pl\/index.php\/wp-json\/wp\/v2\/product_tag?post=4745"}],"curies":[{"name":"wp","href":"https:\/\/api.w.org\/{rel}","templated":true}]}}