{"id":4747,"date":"2013-06-12T06:01:40","date_gmt":"2013-06-12T04:01:40","guid":{"rendered":"http:\/\/klubmamgdynia.pl\/index.php\/produkt\/fotelik-samochodowy-klippan-triofix-recline-z-baza-fotelik-samochodowy-9-36-kg-sport\/"},"modified":"2026-05-17T22:39:43","modified_gmt":"2026-05-17T20:39:43","slug":"fotelik-samochodowy-klippan-triofix-recline-z-baza-fotelik-samochodowy-9-36-kg-sport","status":"publish","type":"product","link":"http:\/\/klubmamgdynia.pl\/index.php\/produkt\/fotelik-samochodowy-klippan-triofix-recline-z-baza-fotelik-samochodowy-9-36-kg-sport\/","title":{"rendered":"Fotelik samochodowy Klippan Triofix Recline Z Baz\u0105 Fotelik Samochodowy 9-36 Kg Sport"},"content":{"rendered":"<p>Klippan Triofix Recline Z Baz\u0105 Fotelik Samochodowy 9-36 Kg Sport<\/p>\n<h2>Fotelik samochodowy Klippan Triofix Recline Z Baz\u0105 Fotelik Samochodowy 9-36 Kg Sport Klippan<\/h2>\n<p>kr\u00f3tkie zagadki logiczne, ciekawe zagadki, miasto dzieci pl, ignacy znaczenie imienia, pa\u0144stwa miasta wz\u00f3r, najlepsze pranki na prima aprilis, pomys\u0142 na prezent dla nastolatk\u00f3w, dobre \u017carty na prima aprilis<\/p>\n<p>yyyyy<\/p>\n<p>&nbsp;<\/p>\n","protected":false},"excerpt":{"rendered":"<p>Klippan Triofix Recline Z Baz\u0105 Fotelik Samochodowy 9-36 Kg Sport Fotelik samochodowy Klippan Triofix Recline Z Baz\u0105 Fotelik Samochodowy 9-36 Kg Sport Klippan kr\u00f3tkie zagadki logiczne, ciekawe zagadki, miasto dzieci pl, ignacy znaczenie imienia, pa\u0144stwa miasta wz\u00f3r, najlepsze pranki na prima aprilis, pomys\u0142 na prezent dla nastolatk\u00f3w, dobre \u017carty na prima aprilis yyyyy &nbsp;<\/p>\n","protected":false},"featured_media":4748,"comment_status":"closed","ping_status":"open","template":"","meta":[],"product_cat":[32,1260],"product_tag":[720,631,586,661,632],"class_list":["post-4747","product","type-product","status-publish","has-post-thumbnail","hentry","product_cat-foteliki-samochodowe","product_cat-klippan","product_tag-malowanki","product_tag-prezent-na-roczek","product_tag-smieszne-zagadki","product_tag-swinka-peppa-kolorowanka","product_tag-warszawa-atrakcje-dla-mlodziezy"],"_links":{"self":[{"href":"http:\/\/klubmamgdynia.pl\/index.php\/wp-json\/wp\/v2\/product\/4747","targetHints":{"allow":["GET"]}}],"collection":[{"href":"http:\/\/klubmamgdynia.pl\/index.php\/wp-json\/wp\/v2\/product"}],"about":[{"href":"http:\/\/klubmamgdynia.pl\/index.php\/wp-json\/wp\/v2\/types\/product"}],"replies":[{"embeddable":true,"href":"http:\/\/klubmamgdynia.pl\/index.php\/wp-json\/wp\/v2\/comments?post=4747"}],"wp:featuredmedia":[{"embeddable":true,"href":"http:\/\/klubmamgdynia.pl\/index.php\/wp-json\/wp\/v2\/media\/4748"}],"wp:attachment":[{"href":"http:\/\/klubmamgdynia.pl\/index.php\/wp-json\/wp\/v2\/media?parent=4747"}],"wp:term":[{"taxonomy":"product_cat","embeddable":true,"href":"http:\/\/klubmamgdynia.pl\/index.php\/wp-json\/wp\/v2\/product_cat?post=4747"},{"taxonomy":"product_tag","embeddable":true,"href":"http:\/\/klubmamgdynia.pl\/index.php\/wp-json\/wp\/v2\/product_tag?post=4747"}],"curies":[{"name":"wp","href":"https:\/\/api.w.org\/{rel}","templated":true}]}}