{"id":4749,"date":"2015-12-31T04:03:50","date_gmt":"2015-12-31T03:03:50","guid":{"rendered":"http:\/\/klubmamgdynia.pl\/index.php\/produkt\/fotelik-samochodowy-avionaut-kite-baza-dock-isofix-k-03-0-13-kg\/"},"modified":"2026-05-02T04:46:07","modified_gmt":"2026-05-02T02:46:07","slug":"fotelik-samochodowy-avionaut-kite-baza-dock-isofix-k-03-0-13-kg","status":"publish","type":"product","link":"http:\/\/klubmamgdynia.pl\/index.php\/produkt\/fotelik-samochodowy-avionaut-kite-baza-dock-isofix-k-03-0-13-kg\/","title":{"rendered":"Fotelik samochodowy Avionaut Kite + Baza Dock Isofix K.03 0 13 Kg"},"content":{"rendered":"<p>avionaut fotelik kite + baza dock isofix jest praktycznym po\u0142\u0105czeniem cech, kt\u00f3re zapewniaj\u0105 \u0142atwe u\u017cytkowanie produktu<\/p>\n<h2>Fotelik samochodowy Avionaut Kite + Baza Dock Isofix K.03 0 13 Kg Avionaut<\/h2>\n<p>gad\u017cety dla nastolatka, ma\u0142y ksi\u0105\u017c\u0119 &#8211; test z odpowiedziami, kolorowe kanapki kanapki dla dzieci, piosenka dla mamy tekst, kiedy dzieci chodza na halloween, sentencje na dzie\u0144 nauczyciela, wycinanki puzzle do druku, sonia imi\u0119, wzory zaprosze\u0144 zaproszenie na urodziny szablon do druku, rysowanki, alfabet kolorowanka, julian znaczenie imienia<\/p>\n<p>yyyyy<\/p>\n<p>&nbsp;<\/p>\n","protected":false},"excerpt":{"rendered":"<p>avionaut fotelik kite + baza dock isofix jest praktycznym po\u0142\u0105czeniem cech, kt\u00f3re zapewniaj\u0105 \u0142atwe u\u017cytkowanie produktu Fotelik samochodowy Avionaut Kite + Baza Dock Isofix K.03 0 13 Kg Avionaut gad\u017cety dla nastolatka, ma\u0142y ksi\u0105\u017c\u0119 &#8211; test z odpowiedziami, kolorowe kanapki kanapki dla dzieci, piosenka dla mamy tekst, kiedy dzieci chodza na halloween, sentencje na dzie\u0144 [&hellip;]<\/p>\n","protected":false},"featured_media":4750,"comment_status":"closed","ping_status":"open","template":"","meta":[],"product_cat":[993,32],"product_tag":[583,657,589,714],"class_list":["post-4749","product","type-product","status-publish","has-post-thumbnail","hentry","product_cat-avionaut","product_cat-foteliki-samochodowe","product_tag-kolysanki-dla-dzieci-tekst","product_tag-lol-kolorowanka","product_tag-prezent-dla-rocznego-dziecka","product_tag-zagadki-logiczne"],"_links":{"self":[{"href":"http:\/\/klubmamgdynia.pl\/index.php\/wp-json\/wp\/v2\/product\/4749","targetHints":{"allow":["GET"]}}],"collection":[{"href":"http:\/\/klubmamgdynia.pl\/index.php\/wp-json\/wp\/v2\/product"}],"about":[{"href":"http:\/\/klubmamgdynia.pl\/index.php\/wp-json\/wp\/v2\/types\/product"}],"replies":[{"embeddable":true,"href":"http:\/\/klubmamgdynia.pl\/index.php\/wp-json\/wp\/v2\/comments?post=4749"}],"wp:featuredmedia":[{"embeddable":true,"href":"http:\/\/klubmamgdynia.pl\/index.php\/wp-json\/wp\/v2\/media\/4750"}],"wp:attachment":[{"href":"http:\/\/klubmamgdynia.pl\/index.php\/wp-json\/wp\/v2\/media?parent=4749"}],"wp:term":[{"taxonomy":"product_cat","embeddable":true,"href":"http:\/\/klubmamgdynia.pl\/index.php\/wp-json\/wp\/v2\/product_cat?post=4749"},{"taxonomy":"product_tag","embeddable":true,"href":"http:\/\/klubmamgdynia.pl\/index.php\/wp-json\/wp\/v2\/product_tag?post=4749"}],"curies":[{"name":"wp","href":"https:\/\/api.w.org\/{rel}","templated":true}]}}