{"id":475,"date":"2020-01-01T20:00:37","date_gmt":"2020-01-01T19:00:37","guid":{"rendered":"http:\/\/klubmamgdynia.pl\/index.php\/produkt\/zoocchini-recznik-dla-dziecka-z-kapturem-szop-pracz\/"},"modified":"2026-04-23T17:34:14","modified_gmt":"2026-04-23T15:34:14","slug":"zoocchini-recznik-dla-dziecka-z-kapturem-szop-pracz","status":"publish","type":"product","link":"http:\/\/klubmamgdynia.pl\/index.php\/produkt\/zoocchini-recznik-dla-dziecka-z-kapturem-szop-pracz\/","title":{"rendered":"Zoocchini R\u0119cznik Dla Dziecka Z Kapturem Szop Pracz"},"content":{"rendered":"<p>Zoocchini R\u0119cznik dla Dziecka z Kapturem Szop Pracz<\/p>\n<h2>Zoocchini R\u0119cznik Dla Dziecka Z Kapturem Szop Pracz Zoocchini<\/h2>\n<p>prezenty urodzinowe dla nastolatk\u00f3w, wzruszaj\u0105c\u0105 piosenka dla taty, co mo\u017cna zrobi\u0107 z rolki papieru, podchwytliwe zagadki matematyczne, konie quiz, bajki z misiami, warszawa atrakcje dla m\u0142odzie\u017cy, prezenty na dzie\u0144 dziecka dla nastolatk\u00f3w, quiz o dinozaurach, \u015bwinka peppa kolorowanka do druku, gra kulki, test narnia lew czarownica i stara szafa, anastazja imi\u0119, pch\u0142y na noc, mateusz imi\u0119, prima aprilis zarty, kolorowanka do druku super zings, kolorowanki ninjago, jak zrobi\u0107 samolot z papieru<\/p>\n<p>yyyyy<\/p>\n<p>&nbsp;<\/p>\n","protected":false},"excerpt":{"rendered":"<p>Zoocchini R\u0119cznik dla Dziecka z Kapturem Szop Pracz Zoocchini R\u0119cznik Dla Dziecka Z Kapturem Szop Pracz Zoocchini prezenty urodzinowe dla nastolatk\u00f3w, wzruszaj\u0105c\u0105 piosenka dla taty, co mo\u017cna zrobi\u0107 z rolki papieru, podchwytliwe zagadki matematyczne, konie quiz, bajki z misiami, warszawa atrakcje dla m\u0142odzie\u017cy, prezenty na dzie\u0144 dziecka dla nastolatk\u00f3w, quiz o dinozaurach, \u015bwinka peppa kolorowanka [&hellip;]<\/p>\n","protected":false},"featured_media":476,"comment_status":"closed","ping_status":"open","template":"","meta":[],"product_cat":[30,179],"product_tag":[666,768,794,762],"class_list":["post-475","product","type-product","status-publish","has-post-thumbnail","hentry","product_cat-reczniki-i-okrycia-kapielowe","product_cat-zoocchini","product_tag-afrykanskie-imiona","product_tag-krotkie-zagadki-logiczne","product_tag-test-opowiesci-z-narnii-lew-czarownica-i-stara-szafa-do-druku","product_tag-trudne-zagadki-dla-dzieci"],"_links":{"self":[{"href":"http:\/\/klubmamgdynia.pl\/index.php\/wp-json\/wp\/v2\/product\/475","targetHints":{"allow":["GET"]}}],"collection":[{"href":"http:\/\/klubmamgdynia.pl\/index.php\/wp-json\/wp\/v2\/product"}],"about":[{"href":"http:\/\/klubmamgdynia.pl\/index.php\/wp-json\/wp\/v2\/types\/product"}],"replies":[{"embeddable":true,"href":"http:\/\/klubmamgdynia.pl\/index.php\/wp-json\/wp\/v2\/comments?post=475"}],"wp:featuredmedia":[{"embeddable":true,"href":"http:\/\/klubmamgdynia.pl\/index.php\/wp-json\/wp\/v2\/media\/476"}],"wp:attachment":[{"href":"http:\/\/klubmamgdynia.pl\/index.php\/wp-json\/wp\/v2\/media?parent=475"}],"wp:term":[{"taxonomy":"product_cat","embeddable":true,"href":"http:\/\/klubmamgdynia.pl\/index.php\/wp-json\/wp\/v2\/product_cat?post=475"},{"taxonomy":"product_tag","embeddable":true,"href":"http:\/\/klubmamgdynia.pl\/index.php\/wp-json\/wp\/v2\/product_tag?post=475"}],"curies":[{"name":"wp","href":"https:\/\/api.w.org\/{rel}","templated":true}]}}