{"id":4755,"date":"2014-12-13T02:47:23","date_gmt":"2014-12-13T01:47:23","guid":{"rendered":"http:\/\/klubmamgdynia.pl\/index.php\/produkt\/fotelik-samochodowy-cybex-aton-fotelik-samochodowy-0-13-kg-grey-rabbit-dark-grey\/"},"modified":"2026-04-30T07:49:34","modified_gmt":"2026-04-30T05:49:34","slug":"fotelik-samochodowy-cybex-aton-fotelik-samochodowy-0-13-kg-grey-rabbit-dark-grey","status":"publish","type":"product","link":"http:\/\/klubmamgdynia.pl\/index.php\/produkt\/fotelik-samochodowy-cybex-aton-fotelik-samochodowy-0-13-kg-grey-rabbit-dark-grey\/","title":{"rendered":"Fotelik samochodowy Cybex Aton Fotelik Samochodowy 0-13 kg Grey Rabbit Dark Grey"},"content":{"rendered":"<p>Cybex Aton Fotelik Samochodowy 0-13 kg Grey Rabbit Dark Grey<\/p>\n<h2>Fotelik samochodowy Cybex Aton Fotelik Samochodowy 0-13 kg Grey Rabbit Dark Grey Cybex<\/h2>\n<p>prezent na roczek dla dziewczynki, zagadki dla 5 latka, sk\u0142adniki do pizzy kolorowanka, pokemon kolorowanka, cytat matka, kolorowanki ninjago, malowanki, kotki kolorowanka, prezent dla nastolatki, kolorowanki spongebob, darmowy szablon list do miko\u0142aja, \u017carty na prima aprilis dla mamy, pomys\u0142 na prezent dla nastolatki, kolorowanka dla dzieci, walentynka dla c\u00f3rki, miriam imie, zagadki i odpowiedzi, konkurencje sportowe dla dzieci, wzruszajace cytaty o rodzinie<\/p>\n<p>yyyyy<\/p>\n<p>&nbsp;<\/p>\n","protected":false},"excerpt":{"rendered":"<p>Cybex Aton Fotelik Samochodowy 0-13 kg Grey Rabbit Dark Grey Fotelik samochodowy Cybex Aton Fotelik Samochodowy 0-13 kg Grey Rabbit Dark Grey Cybex prezent na roczek dla dziewczynki, zagadki dla 5 latka, sk\u0142adniki do pizzy kolorowanka, pokemon kolorowanka, cytat matka, kolorowanki ninjago, malowanki, kotki kolorowanka, prezent dla nastolatki, kolorowanki spongebob, darmowy szablon list do miko\u0142aja, [&hellip;]<\/p>\n","protected":false},"featured_media":4756,"comment_status":"closed","ping_status":"open","template":"","meta":[],"product_cat":[34,32],"product_tag":[790,808,757,760],"class_list":["post-4755","product","type-product","status-publish","has-post-thumbnail","hentry","product_cat-cybex","product_cat-foteliki-samochodowe","product_tag-gry-planszowe-dla-nastolatkow","product_tag-imie-mia","product_tag-test-z-lektury-ania-z-zielonego-wzgorza-klasa-6-z-odpowiedziami","product_tag-zagadka-matematyczna"],"_links":{"self":[{"href":"http:\/\/klubmamgdynia.pl\/index.php\/wp-json\/wp\/v2\/product\/4755","targetHints":{"allow":["GET"]}}],"collection":[{"href":"http:\/\/klubmamgdynia.pl\/index.php\/wp-json\/wp\/v2\/product"}],"about":[{"href":"http:\/\/klubmamgdynia.pl\/index.php\/wp-json\/wp\/v2\/types\/product"}],"replies":[{"embeddable":true,"href":"http:\/\/klubmamgdynia.pl\/index.php\/wp-json\/wp\/v2\/comments?post=4755"}],"wp:featuredmedia":[{"embeddable":true,"href":"http:\/\/klubmamgdynia.pl\/index.php\/wp-json\/wp\/v2\/media\/4756"}],"wp:attachment":[{"href":"http:\/\/klubmamgdynia.pl\/index.php\/wp-json\/wp\/v2\/media?parent=4755"}],"wp:term":[{"taxonomy":"product_cat","embeddable":true,"href":"http:\/\/klubmamgdynia.pl\/index.php\/wp-json\/wp\/v2\/product_cat?post=4755"},{"taxonomy":"product_tag","embeddable":true,"href":"http:\/\/klubmamgdynia.pl\/index.php\/wp-json\/wp\/v2\/product_tag?post=4755"}],"curies":[{"name":"wp","href":"https:\/\/api.w.org\/{rel}","templated":true}]}}