{"id":4757,"date":"2011-10-20T07:36:48","date_gmt":"2011-10-20T05:36:48","guid":{"rendered":"http:\/\/klubmamgdynia.pl\/index.php\/produkt\/lego-jurassic-world-75931-atak-dilofozaura-na-posterunek\/"},"modified":"2026-04-24T07:48:06","modified_gmt":"2026-04-24T05:48:06","slug":"lego-jurassic-world-75931-atak-dilofozaura-na-posterunek","status":"publish","type":"product","link":"http:\/\/klubmamgdynia.pl\/index.php\/produkt\/lego-jurassic-world-75931-atak-dilofozaura-na-posterunek\/","title":{"rendered":"LEGO Jurassic World 75931 Atak Dilofozaura Na Posterunek"},"content":{"rendered":"<p>LEGO\u00ae Jurassic World\u2122 75931 Atak dilofozaura na posterunek Dinozaury s\u0105 niebezpieczne dla ludzi, ale ich ataki nie s\u0105 bezpodstawne. Na posterunku LEGO\u00ae przetrzymywane s\u0105 m\u0142ode osobniki oraz jaja, z kt\u00f3rych dopiero wykluj\u0105 si\u0119 ma\u0142e gady. Wielki dilofozaur, kt\u00f3ry porusza si\u0119 na dw\u00f3ch \u0142apach, pragnie odzyska\u0107 zabrane mu si\u0142\u0105 lub podst\u0119pem potomstwo. Funkcjonariuszka, monitoruj\u0105ca okolic\u0119 z wie\u017cy obserwacyjnej, jako pierwsza zauwa\u017cy\u0142a zbli\u017caj\u0105cego si\u0119 dinozaura. W tym samym czasie inny pracownik przenosi klatk\u0119 z m\u0142odym za pomoc\u0105 \u017c\u00f3\u0142tego d\u017awigu. Dilfozaur wpada w furi\u0119, forsuje ogrodzenie i stara si\u0119 przedosta\u0107 do m\u0142odego. Mundurowi postanawiaj\u0105 broni\u0107 si\u0119 przed wielkim zwierz\u0119ciem i strzelaj\u0105 w jego kierunku amunicj\u0105 ze \u015brodkiem usypiaj\u0105cym. Czy uda im si\u0119 odeprze\u0107 atak dinozaura? W zestawie: \u2022 Posterunek do zbudowania z wie\u017c\u0105 obserwacyjn\u0105, ogrodzeniem i d\u017awigiem \u2022 Trzy Minifigurki LEGO\u00ae \u2022 Dwie figurki dinozaur\u00f3w: Dilfozaur i ma\u0142y osobnik \u2022 Dodatki: skrzynia z jajem, bro\u0144, plastikowa ro\u015blinno\u015b\u0107 itp. Z dost\u0119pnych w zestawie klock\u00f3w zbudujemy wie\u017c\u0119 obserwacyjn\u0105 oraz fragment ogrodzenia z \u201ewybuchaj\u0105c\u0105\u201d bram\u0105, pr\u0119tami i reflektorami. Minifigurki LEGO\u00ae oraz dwa dinozaury pos\u0142u\u017c\u0105 do odgrywania zapami\u0119tanych filmowych scen lub wymy\u015blonych przez siebie historii. Zestawy klock\u00f3w LEGO\u00ae Jurassic World\u2122 to zabawki zaprojektowane na podstawie popularnej produkcji filmowej o tym samym tytule oraz na jej ostatniej cz\u0119\u015bci Upad\u0142e Kr\u00f3lestwo, kt\u00f3re swoj\u0105 kinow\u0105 premier\u0119 mia\u0142o w czerwcu 2018 roku, a kt\u00f3rej fabu\u0142a dzieje si\u0119 cztery lata p\u00f3\u017aniej. Na Isla Nublar panuje chaos. Dinozaury \u017cyj\u0105 na wolno\u015bci, ale grozi im \u015bmiertelne niebezpiecze\u0144stwo ze strony budz\u0105cego si\u0119 wulkanu. Do\u0142\u0105cz do Owena i Claire i rusz z misj\u0105 ratunkow\u0105, maj\u0105c\u0105 na celu uratowanie prehistorycznych gad\u00f3w przed nieuchronn\u0105 zag\u0142ad\u0105. Z zestawami klock\u00f3w LEGO\u00ae Jurassic World dzieci mog\u0105 odgrywa\u0107 ulubione sceny filmowe, budowa\u0107 pojazdy i wciela\u0107 si\u0119 w rol\u0119 g\u0142\u00f3wnych bohater\u00f3w w postaci Minifigurek LEGO\u00ae. Producent: LEGO\u00ae Seria: Jurassic World\u2122 Numer katalogowy: 75931 Wiek dziecka: 7-12 Ilo\u015b\u0107 element\u00f3w: 289 Wymiary opakowania: 35cm x 19cm x 6cm LEGO\u00ae to firma, kt\u00f3ra produkuje najs\u0142ynniejsze klocki na \u015bwiecie. Nazwa wzi\u0119\u0142a si\u0119 od pierwszych sylab du\u0144skich s\u0142\u00f3w \u201eleg godt\u201d, znacz\u0105cych \u201edobra zabawa\u201d. Wi\u0119kszo\u015b\u0107 z nas mia\u0142a styczno\u015b\u0107 z tymi klockami. Charakterystyczn\u0105 ich cech\u0105 jest r\u00f3\u017cnorodna mo\u017cliwo\u015b\u0107 sk\u0142adania, umo\u017cliwiaj\u0105ca kreatywn\u0105 zabaw\u0119. Dzieci, kt\u00f3re uwielbiaj\u0105 klocki LEGO rozwijaj\u0105 si\u0119 manualnie i intelektualnie. Klocki otwieraj\u0105 przed nimi wiele mo\u017cliwo\u015bci, rozbudzaj\u0105 pasj\u0119 poznania \u015bwiata i pozwalaj\u0105 dzieciom na realizowanie w\u0142asnych pomys\u0142\u00f3w. Psychologowie zgadzaj\u0105 si\u0119, \u017ce klocki rozwijaj\u0105 my\u015blenie przyczynowo skutkowe naszych dzieci. Umiej\u0119tno\u015b\u0107 my\u015blenia przyczynowo skutkowego u dzieci jest bardzo wa\u017cna ju\u017c od najm\u0142odszych lat. Asortyment firmy LEGO jest bardzo bogaty i wci\u0105\u017c si\u0119 powi\u0119ksza, znajdziemy zestawy dla dzieci w ka\u017cdym wieku. Zach\u0119cajmy zatem swoje dzieci do rozwijania swoich zdolno\u015bci manualnych i intelektualnych poprzez uk\u0142adanie klock\u00f3w LEGO.<\/p>\n<h2>LEGO Jurassic World 75931 Atak Dilofozaura Na Posterunek LEGO<\/h2>\n<p>jak dobra\u0107 narty dla dziecka, wzory dyplom\u00f3w do pobrania, quizy znaki drogowe, test z lektury ten obcy, quiz o hejka tu lenka, jak dobra\u0107 narty dla dziecka, wzory zaprosze\u0144 zaproszenie na urodziny do druku pdf, wielkanocne zagadki, krotkie zagadki<\/p>\n<p>yyyyy<\/p>\n<p>&nbsp;<\/p>\n","protected":false},"excerpt":{"rendered":"<p>LEGO\u00ae Jurassic World\u2122 75931 Atak dilofozaura na posterunek Dinozaury s\u0105 niebezpieczne dla ludzi, ale ich ataki nie s\u0105 bezpodstawne. Na posterunku LEGO\u00ae przetrzymywane s\u0105 m\u0142ode osobniki oraz jaja, z kt\u00f3rych dopiero wykluj\u0105 si\u0119 ma\u0142e gady. Wielki dilofozaur, kt\u00f3ry porusza si\u0119 na dw\u00f3ch \u0142apach, pragnie odzyska\u0107 zabrane mu si\u0142\u0105 lub podst\u0119pem potomstwo. Funkcjonariuszka, monitoruj\u0105ca okolic\u0119 z [&hellip;]<\/p>\n","protected":false},"featured_media":4758,"comment_status":"closed","ping_status":"open","template":"","meta":[],"product_cat":[113,540],"product_tag":[697,718,635],"class_list":["post-4757","product","type-product","status-publish","has-post-thumbnail","hentry","product_cat-klocki","product_cat-lego","product_tag-krotkie-bajki-do-czytania","product_tag-prezent-na-roczek-dla-chrzesniaka","product_tag-znaki-drogowe-do-druku"],"_links":{"self":[{"href":"http:\/\/klubmamgdynia.pl\/index.php\/wp-json\/wp\/v2\/product\/4757","targetHints":{"allow":["GET"]}}],"collection":[{"href":"http:\/\/klubmamgdynia.pl\/index.php\/wp-json\/wp\/v2\/product"}],"about":[{"href":"http:\/\/klubmamgdynia.pl\/index.php\/wp-json\/wp\/v2\/types\/product"}],"replies":[{"embeddable":true,"href":"http:\/\/klubmamgdynia.pl\/index.php\/wp-json\/wp\/v2\/comments?post=4757"}],"wp:featuredmedia":[{"embeddable":true,"href":"http:\/\/klubmamgdynia.pl\/index.php\/wp-json\/wp\/v2\/media\/4758"}],"wp:attachment":[{"href":"http:\/\/klubmamgdynia.pl\/index.php\/wp-json\/wp\/v2\/media?parent=4757"}],"wp:term":[{"taxonomy":"product_cat","embeddable":true,"href":"http:\/\/klubmamgdynia.pl\/index.php\/wp-json\/wp\/v2\/product_cat?post=4757"},{"taxonomy":"product_tag","embeddable":true,"href":"http:\/\/klubmamgdynia.pl\/index.php\/wp-json\/wp\/v2\/product_tag?post=4757"}],"curies":[{"name":"wp","href":"https:\/\/api.w.org\/{rel}","templated":true}]}}