{"id":4759,"date":"2022-09-20T09:47:47","date_gmt":"2022-09-20T07:47:47","guid":{"rendered":"http:\/\/klubmamgdynia.pl\/index.php\/produkt\/fotelik-samochodowy-babysafe-akita-fotelik-samochodowy-0-18kg-grey-black\/"},"modified":"2026-04-20T13:30:03","modified_gmt":"2026-04-20T11:30:03","slug":"fotelik-samochodowy-babysafe-akita-fotelik-samochodowy-0-18kg-grey-black","status":"publish","type":"product","link":"http:\/\/klubmamgdynia.pl\/index.php\/produkt\/fotelik-samochodowy-babysafe-akita-fotelik-samochodowy-0-18kg-grey-black\/","title":{"rendered":"Fotelik samochodowy Babysafe Akita Fotelik Samochodowy 0-18kg Grey Black"},"content":{"rendered":"<p>Babysafe Akita Fotelik Samochodowy 0-18kg Grey BlackBabysafe Akita<\/p>\n<h2>Fotelik samochodowy Babysafe Akita Fotelik Samochodowy 0-18kg Grey Black BabySafe<\/h2>\n<p>wiersz o marzannie, test miko\u0142ajek, kr\u00f3tkie bajki dla dzieci, prima aprilis zarty, mia i ja kolorowanki do druku, wierszyki na \u015bmigusa dyngusa, estera, bajka o emocjach, kolorowanka dla dzieci, co kupic na roczek, bajka o biedronce, zagadki rymowane, zagadki dla dzieci, quizy geograficzne, zabawy na dzie\u0144 dziecka w szkole, zabawy dla 7 latki, pomysl na prezent na roczek, ch\u0142opcy z placu broni &#8211; test<\/p>\n<p>yyyyy<\/p>\n<p>&nbsp;<\/p>\n","protected":false},"excerpt":{"rendered":"<p>Babysafe Akita Fotelik Samochodowy 0-18kg Grey BlackBabysafe Akita Fotelik samochodowy Babysafe Akita Fotelik Samochodowy 0-18kg Grey Black BabySafe wiersz o marzannie, test miko\u0142ajek, kr\u00f3tkie bajki dla dzieci, prima aprilis zarty, mia i ja kolorowanki do druku, wierszyki na \u015bmigusa dyngusa, estera, bajka o emocjach, kolorowanka dla dzieci, co kupic na roczek, bajka o biedronce, zagadki [&hellip;]<\/p>\n","protected":false},"featured_media":4760,"comment_status":"closed","ping_status":"open","template":"","meta":[],"product_cat":[972,32],"product_tag":[836,808,795],"class_list":["post-4759","product","type-product","status-publish","has-post-thumbnail","hentry","product_cat-babysafe","product_cat-foteliki-samochodowe","product_tag-co-kupic-dziecku-na-roczek","product_tag-imie-mia","product_tag-mini-zoo-warszawa"],"_links":{"self":[{"href":"http:\/\/klubmamgdynia.pl\/index.php\/wp-json\/wp\/v2\/product\/4759","targetHints":{"allow":["GET"]}}],"collection":[{"href":"http:\/\/klubmamgdynia.pl\/index.php\/wp-json\/wp\/v2\/product"}],"about":[{"href":"http:\/\/klubmamgdynia.pl\/index.php\/wp-json\/wp\/v2\/types\/product"}],"replies":[{"embeddable":true,"href":"http:\/\/klubmamgdynia.pl\/index.php\/wp-json\/wp\/v2\/comments?post=4759"}],"wp:featuredmedia":[{"embeddable":true,"href":"http:\/\/klubmamgdynia.pl\/index.php\/wp-json\/wp\/v2\/media\/4760"}],"wp:attachment":[{"href":"http:\/\/klubmamgdynia.pl\/index.php\/wp-json\/wp\/v2\/media?parent=4759"}],"wp:term":[{"taxonomy":"product_cat","embeddable":true,"href":"http:\/\/klubmamgdynia.pl\/index.php\/wp-json\/wp\/v2\/product_cat?post=4759"},{"taxonomy":"product_tag","embeddable":true,"href":"http:\/\/klubmamgdynia.pl\/index.php\/wp-json\/wp\/v2\/product_tag?post=4759"}],"curies":[{"name":"wp","href":"https:\/\/api.w.org\/{rel}","templated":true}]}}