{"id":4761,"date":"2025-10-19T23:09:09","date_gmt":"2025-10-19T21:09:09","guid":{"rendered":"http:\/\/klubmamgdynia.pl\/?post_type=product&#038;p=4761"},"modified":"2026-04-28T23:21:49","modified_gmt":"2026-04-28T21:21:49","slug":"nuk-laktator-elektryczny-dwufazowy-luna-butelka-300ml-ze-wskaznikiem-temperatury-fc","status":"publish","type":"product","link":"http:\/\/klubmamgdynia.pl\/index.php\/produkt\/nuk-laktator-elektryczny-dwufazowy-luna-butelka-300ml-ze-wskaznikiem-temperatury-fc\/","title":{"rendered":"Nuk Laktator elektryczny dwufazowy luna + butelka 300ml ze wska\u017anikiem temperatury FC"},"content":{"rendered":"<p>Laktator elektryczny NUK dwufazowy LUNA + butelka 300 ml First Choice Plus ze wska\u017anikiem temperatury GRATIS Laktator elektryczny NUK Luna jest ma\u0142y, lekki i prosty w obs\u0142udze. Dwufazowy system odci\u0105gania wzorowany jest na naturalnym rytmie ssania przez dziecko i zapewnia efektywne odci\u0105ganie. Po fazie 1, kt\u00f3ra pobudza wyp\u0142yw pokarmu (szybkie ssanie z kr\u00f3tkimi przerwami), po naci\u015bni\u0119ciu przycisku laktator przechodzi do fazy 2, w kt\u00f3rej rytm ssania jest wolniejszy i bardziej intensywny, co zapewnia maksymalny wyp\u0142yw pokarmu. Jest \u0142atwy w utrzymaniu czysto\u015bci ze wzgl\u0119du na ma\u0142\u0105 liczb\u0119 element\u00f3w. Laktator mo\u017ce by\u0107 zasilany sieciowo b\u0105d\u017a na bateri\u0119. Butelka NUK First Choice Plus ze wska\u017anikiem temperatury 0m + posiada lateksowy smoczek z systemem antykolkowym. Dzi\u0119ki wska\u017anikowi temperatury mamy pewno\u015b\u0107, \u017ce pokarm nie b\u0119dzie zbyt gor\u0105cy. Je\u015bli zawarto\u015b\u0107 butelki jest zbyt gor\u0105ca, wska\u017anik przybiera bia\u0142y kolor pomi\u0119dzy kreskami podzia\u0142ki. Specjalny kszta\u0142t smoczka przypomina brodawk\u0119 sutkow\u0105 matki. Do optymalnego \u0142\u0105czenia karmienia piersi\u0105 i butelk\u0105. Laktator dwufazowy Luna NUK + butelka GRATIS Zestaw zawiera: laktator pojemnik na mleko matki nakr\u0119tk\u0119 kr\u0105\u017cek zabezpieczaj\u0105cy silikonowy smoczek do butelek NUK First Choice Plus w rozmiarze 0-6 miesi\u0119cy, S os\u0142onk\u0119 smoczka podstawk\u0119 wtyczk\u0119 sieciow\u0105 i wtyczki przej\u015bciowe butelk\u0119 300 ml NUK First Choice Plus<\/p>\n<h2>Nuk Laktator elektryczny dwufazowy luna + butelka 300ml ze wska\u017anikiem temperatury FC NUK<\/h2>\n<p>zagadki na inteligencje, lucyna, m\u00f3j przyjaciel mi\u015b scenariusz zaj\u0119\u0107 w przedszkolu, krak\u00f3w atrakcje dla dzieci, gdzie strumyk p\u0142ynie z wolna tekst, quiz o samochodach, kartka walentynkowa zrobiona przez dzieci, zrobi\u0107 laurk\u0119 laurka dla babci, trudne zagadki na inteligencje, karty pracy dla dzieci z ukrainy, znaczenie imienia julian, nauka polskiego dla dzieci z ukrainy, imie pola, zagadki matematyczne na logik\u0119, \u017carty na prima aprilis w domu, kolorowanki do druku pokemon, j\u0119zyk polski dla dzieci z ukrainy, zagadki rymowane, mi\u015b z filmu animowanego, kuba imi\u0119<\/p>\n<p>yyyyy<\/p>\n<p>&nbsp;<\/p>\n","protected":false},"excerpt":{"rendered":"<p>Laktator elektryczny NUK dwufazowy LUNA + butelka 300 ml First Choice Plus ze wska\u017anikiem temperatury GRATIS Laktator elektryczny NUK Luna jest ma\u0142y, lekki i prosty w obs\u0142udze. Dwufazowy system odci\u0105gania wzorowany jest na naturalnym rytmie ssania przez dziecko i zapewnia efektywne odci\u0105ganie. Po fazie 1, kt\u00f3ra pobudza wyp\u0142yw pokarmu (szybkie ssanie z kr\u00f3tkimi przerwami), po [&hellip;]<\/p>\n","protected":false},"featured_media":4762,"comment_status":"closed","ping_status":"open","template":"","meta":[],"product_cat":[1016,251],"product_tag":[837,802,862,629,647],"class_list":["post-4761","product","type-product","status-publish","has-post-thumbnail","hentry","product_cat-laktatory","product_cat-nuk","product_tag-cicha-noc-po-angielsku","product_tag-co-kupic-dziewczynce-na-roczek","product_tag-nasza-zima-zla-tekst","product_tag-smieszne-zagadki-z-odpowiedziami","product_tag-warszawa-z-dzieckiem"],"_links":{"self":[{"href":"http:\/\/klubmamgdynia.pl\/index.php\/wp-json\/wp\/v2\/product\/4761","targetHints":{"allow":["GET"]}}],"collection":[{"href":"http:\/\/klubmamgdynia.pl\/index.php\/wp-json\/wp\/v2\/product"}],"about":[{"href":"http:\/\/klubmamgdynia.pl\/index.php\/wp-json\/wp\/v2\/types\/product"}],"replies":[{"embeddable":true,"href":"http:\/\/klubmamgdynia.pl\/index.php\/wp-json\/wp\/v2\/comments?post=4761"}],"wp:featuredmedia":[{"embeddable":true,"href":"http:\/\/klubmamgdynia.pl\/index.php\/wp-json\/wp\/v2\/media\/4762"}],"wp:attachment":[{"href":"http:\/\/klubmamgdynia.pl\/index.php\/wp-json\/wp\/v2\/media?parent=4761"}],"wp:term":[{"taxonomy":"product_cat","embeddable":true,"href":"http:\/\/klubmamgdynia.pl\/index.php\/wp-json\/wp\/v2\/product_cat?post=4761"},{"taxonomy":"product_tag","embeddable":true,"href":"http:\/\/klubmamgdynia.pl\/index.php\/wp-json\/wp\/v2\/product_tag?post=4761"}],"curies":[{"name":"wp","href":"https:\/\/api.w.org\/{rel}","templated":true}]}}