{"id":4763,"date":"2012-03-03T09:05:33","date_gmt":"2012-03-03T08:05:33","guid":{"rendered":"http:\/\/klubmamgdynia.pl\/index.php\/produkt\/fotelik-samochodowy-cybex-cloud-z2-i-size-fotelik-45-87cm-nude-beige\/"},"modified":"2026-04-29T11:09:12","modified_gmt":"2026-04-29T09:09:12","slug":"fotelik-samochodowy-cybex-cloud-z2-i-size-fotelik-45-87cm-nude-beige","status":"publish","type":"product","link":"http:\/\/klubmamgdynia.pl\/index.php\/produkt\/fotelik-samochodowy-cybex-cloud-z2-i-size-fotelik-45-87cm-nude-beige\/","title":{"rendered":"Fotelik samochodowy Cybex Cloud Z2 i-Size Fotelik 45-87Cm Nude Beige"},"content":{"rendered":"<p>Cybex Cloud Z2 i-Size \u2013 fotelik samochodowy 45-87 cmCybex Cloud Z2 i-Size to nowa propozycja od niemieckiego producenta fotelik\u00f3w samochodowych. Od\u015bwie\u017cona wersja renomowanego siedziska jest l\u017cejsza od poprzednika oraz kompatybilna z nowsz\u0105 wersj\u0105 obrotowej bazy Isofix Cybex Base Z2. Fotelik przeznaczony jest dla dzieci o wzro\u015bcie od 45 a\u017c do 87 cm, a dzi\u0119ki wk\u0142adce redukcyjnej mo\u017ce w nim podr\u00f3\u017cowa\u0107 nawet dopiero co narodzony maluch. Cybex Cloud Z2 i-Size pos\u0142u\u017cy wi\u0119c nawet przez 2 lata \u017cycia dziecka, gdy\u017c przynale\u017cy do kategorii wagowej 0-13 kg. W swoim aucie zamontujesz go na dwa sposoby:przy u\u017cyciu pas\u00f3w bezpiecze\u0144stwa pojazdu;przy u\u017cyciu bazy Isofix Cybex Base Z2, kt\u00f3ra pozwala na obr\u00f3t fotelika w 180\u00b0.Bezpiecznie z Cybex PlatinumBezpiecze\u0144stwo to zawsze niezwykle istotna kwestia przy projektowaniu fotelik\u00f3w marki Cybex. Projektanci dbaj\u0105 o aspekty ochrony dziecka, co owocuje wysokimi ocenami we wszelakich testach fotelik\u00f3w dzieci\u0119cych. Nie inaczej jest w przypadku opisywanej propozycji. Cybex Cloud Z2 i-Size chroni zar\u00f3wno przy zderzeniach czo\u0142owych, jak i kolizjach bocznych \u2013 co gwarantuje dziecku zwi\u0119kszone bezpiecze\u0144stwo podczas ka\u017cdej z nieprzewidzianych sytuacji na drodze.Nowy Cloud od Cybex ma regulowany zag\u0142\u00f3wek, kt\u00f3ry bezpiecznie wspiera g\u0142ow\u0119 dziecka. Jest mi\u0119kki i wype\u0142niony amortyzuj\u0105c\u0105 piank\u0105, co redukuje si\u0142y powsta\u0142e w wyniku uderzenia. Co wi\u0119cej, 12-stopniowa regulacja pozwala dok\u0142adnie dopasowa\u0107 wysoko\u015b\u0107 zag\u0142\u00f3wka do wzrostu dziecka, dzi\u0119ki czemu masz pewno\u015b\u0107, \u017ce zapewniana ochrona odpowiada jego potrzebom. Pasy wewn\u0119trzne z mi\u0119kkimi nak\u0142adkami to dodatkowe zabezpieczenie przed wypadni\u0119ciem maluszka z fotelika w przypadku kolizji drogowej.Warto wspomnie\u0107 tak\u017ce o autorskich systemach ochrony bocznej od Cybex. L.S.P. to udoskonalone elementy umieszczone po bokach fotelika Cloud Z2 i-Size, kt\u00f3rych zadaniem jest zmniejszenie odleg\u0142o\u015bci mi\u0119dzy bocznymi drzwiami a siedziskiem i przeniesienie si\u0142 uderzenia na wytrzyma\u0142\u0105 skorup\u0119, co redukuje je nawet o 25%. Ponadto, gdy fotelik zamontujesz na bazie Isofix Cybex Base Z2 \u2013 doda to stabilizacji ca\u0142ej konstrukcji, co tak\u017ce ograniczy ruch siedziska przy zderzeniu. Ma\u0142y pasa\u017cer siedz\u0105cy w Cybex Cloud Z2 i-Size jest chroniony od st\u00f3p do g\u0142\u00f3w.Komfort w Cybex Cloud Z2 i-SizeBy dziecko podr\u00f3\u017cowa\u0142o w komforcie, projektanci fotelika zdecydowali si\u0119 wykorzysta\u0107 mi\u0119kkie i przyjemne w dotyku materia\u0142y. Pianka oraz tekstylia w siedzisku gwarantuj\u0105 maluszkowi mo\u017cliwo\u015b\u0107 przyj\u0119cia bezpiecznej i wygodnej pozycji, co sprawia, \u017ce nie m\u0119czy si\u0119 on nawet podczas d\u0142u\u017cszych tras. Dodatkowo, regulacja zag\u0142\u00f3wka a\u017c w 12 poziomach to pewno\u015b\u0107, \u017ce g\u0142owa dziecka ma zawsze oparcie. Co wi\u0119cej, fotelik ma w zestawie wk\u0142adk\u0119 redukcyjn\u0105. Dostosowuje ona warunki panuj\u0105ce wewn\u0105trz do wymaga\u0144 najmniejszych pasa\u017cer\u00f3w.Przekonaj si\u0119 o mo\u017cliwo\u015bciach fotelika Cybex Cloud Z2 i-Size i zapewnij maluchowi komfort podr\u00f3\u017cy a\u017c przez 2 lata wsp\u00f3lnych przejazd\u00f3w.<\/p>\n<h2>Fotelik samochodowy Cybex Cloud Z2 i-Size Fotelik 45-87Cm Nude Beige Cybex<\/h2>\n<p>zagadki rymowanki dla dzieci, co \u0142apie ale nie rzuca, anio\u0142 rysunek prosty, wzruszaj\u0105ce s\u0142owa dla przyjaci\u00f3\u0142ki, imie leon, Keyword, jak narysowa\u0107 anio\u0142ka, kolorowanka flamingi<\/p>\n<p>yyyyy<\/p>\n<p>&nbsp;<\/p>\n","protected":false},"excerpt":{"rendered":"<p>Cybex Cloud Z2 i-Size \u2013 fotelik samochodowy 45-87 cmCybex Cloud Z2 i-Size to nowa propozycja od niemieckiego producenta fotelik\u00f3w samochodowych. Od\u015bwie\u017cona wersja renomowanego siedziska jest l\u017cejsza od poprzednika oraz kompatybilna z nowsz\u0105 wersj\u0105 obrotowej bazy Isofix Cybex Base Z2. Fotelik przeznaczony jest dla dzieci o wzro\u015bcie od 45 a\u017c do 87 cm, a dzi\u0119ki wk\u0142adce [&hellip;]<\/p>\n","protected":false},"featured_media":4764,"comment_status":"closed","ping_status":"open","template":"","meta":[],"product_cat":[34,32],"product_tag":[854,699,705,869],"class_list":["post-4763","product","type-product","status-publish","has-post-thumbnail","hentry","product_cat-cybex","product_cat-foteliki-samochodowe","product_tag-cytaty-rodzina","product_tag-kolorowanki-do-druku-dla-dziewczyn","product_tag-prezent-na-roczek-dla-chlopca","product_tag-zagadki-na-logike"],"_links":{"self":[{"href":"http:\/\/klubmamgdynia.pl\/index.php\/wp-json\/wp\/v2\/product\/4763","targetHints":{"allow":["GET"]}}],"collection":[{"href":"http:\/\/klubmamgdynia.pl\/index.php\/wp-json\/wp\/v2\/product"}],"about":[{"href":"http:\/\/klubmamgdynia.pl\/index.php\/wp-json\/wp\/v2\/types\/product"}],"replies":[{"embeddable":true,"href":"http:\/\/klubmamgdynia.pl\/index.php\/wp-json\/wp\/v2\/comments?post=4763"}],"wp:featuredmedia":[{"embeddable":true,"href":"http:\/\/klubmamgdynia.pl\/index.php\/wp-json\/wp\/v2\/media\/4764"}],"wp:attachment":[{"href":"http:\/\/klubmamgdynia.pl\/index.php\/wp-json\/wp\/v2\/media?parent=4763"}],"wp:term":[{"taxonomy":"product_cat","embeddable":true,"href":"http:\/\/klubmamgdynia.pl\/index.php\/wp-json\/wp\/v2\/product_cat?post=4763"},{"taxonomy":"product_tag","embeddable":true,"href":"http:\/\/klubmamgdynia.pl\/index.php\/wp-json\/wp\/v2\/product_tag?post=4763"}],"curies":[{"name":"wp","href":"https:\/\/api.w.org\/{rel}","templated":true}]}}