{"id":4765,"date":"2025-04-14T11:59:13","date_gmt":"2025-04-14T09:59:13","guid":{"rendered":"http:\/\/klubmamgdynia.pl\/?post_type=product&#038;p=4765"},"modified":"2026-04-04T16:34:17","modified_gmt":"2026-04-04T14:34:17","slug":"esperanza-eh197ko-sluchawki-douszne-z-mikrofonem-eh197-czarno-pomaranczowe-espeh197ko","status":"publish","type":"product","link":"http:\/\/klubmamgdynia.pl\/index.php\/produkt\/esperanza-eh197ko-sluchawki-douszne-z-mikrofonem-eh197-czarno-pomaranczowe-espeh197ko\/","title":{"rendered":"Esperanza Eh197Ko S\u0142uchawki Douszne Z Mikrofonem Eh197 Czarno-Pomara\u0144czowe (ESPEH197KO)"},"content":{"rendered":"<p>S\u0142uchawki douszne z mikrofonem do odtwarzaczy audio, MP3\/MP4, komputer\u00f3w i innych urz\u0105dze\u0144 posiadaj\u0105cych standardowe wyj\u015bcie audio. Wyposa\u017cone zosta\u0142y w trwa\u0142e, \u0142atwo dopasowuj\u0105ce si\u0119 do kszta\u0142tu ucha, t\u0142umi\u0105ce zewn\u0119trzne ha\u0142asy wk\u0142adki gumowe. Posiadaj\u0105 wzmocniony efekt odtwarzania bas\u00f3w.Moc wyj\u015bciowa: 50mWImpedancja: 32\u03a9Pasmo przenoszenia: 20-20.000HzCzu\u0142o\u015b\u0107: 108dB\/mWD\u0142ugo\u015b\u0107 kabla: 1.2mZ\u0142\u0105cze: mini jack stereo 3.5mm<\/p>\n<h2>Esperanza Eh197Ko S\u0142uchawki Douszne Z Mikrofonem Eh197 Czarno-Pomara\u0144czowe (ESPEH197KO) Esperanza<\/h2>\n<p>z\u0142ote my\u015bli cytaty o szkole i nauce, zabawy na dzie\u0144 dziecka w szkole, imi\u0119 miriam, roczek prezent, m\u0105dre \u017cyczenia \u015bwi\u0105teczne<\/p>\n<p>yyyyy<\/p>\n<p>&nbsp;<\/p>\n","protected":false},"excerpt":{"rendered":"<p>S\u0142uchawki douszne z mikrofonem do odtwarzaczy audio, MP3\/MP4, komputer\u00f3w i innych urz\u0105dze\u0144 posiadaj\u0105cych standardowe wyj\u015bcie audio. Wyposa\u017cone zosta\u0142y w trwa\u0142e, \u0142atwo dopasowuj\u0105ce si\u0119 do kszta\u0142tu ucha, t\u0142umi\u0105ce zewn\u0119trzne ha\u0142asy wk\u0142adki gumowe. Posiadaj\u0105 wzmocniony efekt odtwarzania bas\u00f3w.Moc wyj\u015bciowa: 50mWImpedancja: 32\u03a9Pasmo przenoszenia: 20-20.000HzCzu\u0142o\u015b\u0107: 108dB\/mWD\u0142ugo\u015b\u0107 kabla: 1.2mZ\u0142\u0105cze: mini jack stereo 3.5mm Esperanza Eh197Ko S\u0142uchawki Douszne Z Mikrofonem Eh197 [&hellip;]<\/p>\n","protected":false},"featured_media":4766,"comment_status":"closed","ping_status":"open","template":"","meta":[],"product_cat":[1258,1262],"product_tag":[864,673,867,745,581],"class_list":["post-4765","product","type-product","status-publish","has-post-thumbnail","hentry","product_cat-esperanza","product_cat-sluchawki","product_tag-basen-warszawa","product_tag-juz-blisko-koleda-tekst","product_tag-kolorowanki-dla-dziewczynek","product_tag-prezent-dla-15-latki","product_tag-zagadki-dla-8-latka"],"_links":{"self":[{"href":"http:\/\/klubmamgdynia.pl\/index.php\/wp-json\/wp\/v2\/product\/4765","targetHints":{"allow":["GET"]}}],"collection":[{"href":"http:\/\/klubmamgdynia.pl\/index.php\/wp-json\/wp\/v2\/product"}],"about":[{"href":"http:\/\/klubmamgdynia.pl\/index.php\/wp-json\/wp\/v2\/types\/product"}],"replies":[{"embeddable":true,"href":"http:\/\/klubmamgdynia.pl\/index.php\/wp-json\/wp\/v2\/comments?post=4765"}],"wp:featuredmedia":[{"embeddable":true,"href":"http:\/\/klubmamgdynia.pl\/index.php\/wp-json\/wp\/v2\/media\/4766"}],"wp:attachment":[{"href":"http:\/\/klubmamgdynia.pl\/index.php\/wp-json\/wp\/v2\/media?parent=4765"}],"wp:term":[{"taxonomy":"product_cat","embeddable":true,"href":"http:\/\/klubmamgdynia.pl\/index.php\/wp-json\/wp\/v2\/product_cat?post=4765"},{"taxonomy":"product_tag","embeddable":true,"href":"http:\/\/klubmamgdynia.pl\/index.php\/wp-json\/wp\/v2\/product_tag?post=4765"}],"curies":[{"name":"wp","href":"https:\/\/api.w.org\/{rel}","templated":true}]}}