{"id":4767,"date":"2015-01-16T05:33:05","date_gmt":"2015-01-16T04:33:05","guid":{"rendered":"http:\/\/klubmamgdynia.pl\/index.php\/produkt\/mattel-jurassic-world-pteranodon-30cm-gwt57\/"},"modified":"2026-04-04T14:30:58","modified_gmt":"2026-04-04T12:30:58","slug":"mattel-jurassic-world-pteranodon-30cm-gwt57","status":"publish","type":"product","link":"http:\/\/klubmamgdynia.pl\/index.php\/produkt\/mattel-jurassic-world-pteranodon-30cm-gwt57\/","title":{"rendered":"Mattel Jurassic World Pteranodon 30cm GWT57"},"content":{"rendered":"<p>Jurassic World GWT57 Pteranodon 30cm MATTELD\u0142ugo\u015b\u0107 ok 30 cmSk\u0142ad \/ materia\u0142: tworzywo sztuczne \/ pcvProducent: Mattelmodel: GWT57Zalecany wiek: powy\u017cej 3 lat<\/p>\n<h2>Mattel Jurassic World Pteranodon 30cm GWT57 Mattel<\/h2>\n<p>co na prezent dla 7 latki, podchwytliwe zagadki dla doros\u0142ych, na wyspach bergamutach tekst, test z lektury asiunia joanna papuzi\u0144ska, zabawka na roczek dla dziewczynki, cytaty dla mamy, \u017carty prima aprilis, psi patrol kolorowanki, najtrudniejsze zagadki, emanuel, \u015bmieszne \u0142ama\u0144ce j\u0119zykowe, mini zoo dolno\u015bl\u0105skie, cytat o mamie, zagadki trudne, tupcio chrupcio bajka do czytania, kolorowanki konie, kolorowanki do wydruku postacie z bajek, kolorowanka my little pony, bajki do czytania psi patrol<\/p>\n<p>yyyyy<\/p>\n<p>&nbsp;<\/p>\n","protected":false},"excerpt":{"rendered":"<p>Jurassic World GWT57 Pteranodon 30cm MATTELD\u0142ugo\u015b\u0107 ok 30 cmSk\u0142ad \/ materia\u0142: tworzywo sztuczne \/ pcvProducent: Mattelmodel: GWT57Zalecany wiek: powy\u017cej 3 lat Mattel Jurassic World Pteranodon 30cm GWT57 Mattel co na prezent dla 7 latki, podchwytliwe zagadki dla doros\u0142ych, na wyspach bergamutach tekst, test z lektury asiunia joanna papuzi\u0144ska, zabawka na roczek dla dziewczynki, cytaty dla [&hellip;]<\/p>\n","protected":false},"featured_media":4768,"comment_status":"closed","ping_status":"open","template":"","meta":[],"product_cat":[95,289],"product_tag":[699,862,621,757,741,633],"class_list":["post-4767","product","type-product","status-publish","has-post-thumbnail","hentry","product_cat-figurki-makiety-i-zestawy","product_cat-mattel","product_tag-kolorowanki-do-druku-dla-dziewczyn","product_tag-nasza-zima-zla-tekst","product_tag-prezenty-roczek","product_tag-test-z-lektury-ania-z-zielonego-wzgorza-klasa-6-z-odpowiedziami","product_tag-wlochy","product_tag-zagadki-z-odpowiedziami"],"_links":{"self":[{"href":"http:\/\/klubmamgdynia.pl\/index.php\/wp-json\/wp\/v2\/product\/4767","targetHints":{"allow":["GET"]}}],"collection":[{"href":"http:\/\/klubmamgdynia.pl\/index.php\/wp-json\/wp\/v2\/product"}],"about":[{"href":"http:\/\/klubmamgdynia.pl\/index.php\/wp-json\/wp\/v2\/types\/product"}],"replies":[{"embeddable":true,"href":"http:\/\/klubmamgdynia.pl\/index.php\/wp-json\/wp\/v2\/comments?post=4767"}],"wp:featuredmedia":[{"embeddable":true,"href":"http:\/\/klubmamgdynia.pl\/index.php\/wp-json\/wp\/v2\/media\/4768"}],"wp:attachment":[{"href":"http:\/\/klubmamgdynia.pl\/index.php\/wp-json\/wp\/v2\/media?parent=4767"}],"wp:term":[{"taxonomy":"product_cat","embeddable":true,"href":"http:\/\/klubmamgdynia.pl\/index.php\/wp-json\/wp\/v2\/product_cat?post=4767"},{"taxonomy":"product_tag","embeddable":true,"href":"http:\/\/klubmamgdynia.pl\/index.php\/wp-json\/wp\/v2\/product_tag?post=4767"}],"curies":[{"name":"wp","href":"https:\/\/api.w.org\/{rel}","templated":true}]}}