{"id":4769,"date":"2013-02-28T13:34:15","date_gmt":"2013-02-28T12:34:15","guid":{"rendered":"http:\/\/klubmamgdynia.pl\/index.php\/produkt\/fotelik-samochodowy-cybex-sirona-z-i-size-0-18kg-rwf-baza-z-fix-khaki-green-plus\/"},"modified":"2026-04-06T04:52:57","modified_gmt":"2026-04-06T02:52:57","slug":"fotelik-samochodowy-cybex-sirona-z-i-size-0-18kg-rwf-baza-z-fix-khaki-green-plus","status":"publish","type":"product","link":"http:\/\/klubmamgdynia.pl\/index.php\/produkt\/fotelik-samochodowy-cybex-sirona-z-i-size-0-18kg-rwf-baza-z-fix-khaki-green-plus\/","title":{"rendered":"Fotelik samochodowy Cybex Sirona Z I-Size 0-18Kg Rwf + Baza Z-Fix Khaki Green Plus"},"content":{"rendered":"<p>Cybex Sirona Z I-Size Fotelik Samochodowy 0-18 kg RWF + Baza Z-Fix Khaki Green PlusFotelik samochodowy Sirona Z I-size Cybex to niemal produkt doskona\u0142y jest mocny, bezpieczny i zachwyca wygl\u0105dem. Ten banalnie prosty w monta\u017cu fotelik wyposa\u017cono w zaawansowany system os\u0142on bocznych LSP, kt\u00f3re efektywnie zaabsorbuj\u0105 si\u0142\u0119 uderzenia, zanim ta przyjdzie na wytrzyma\u0142\u0105 skorup\u0119. Warto podkre\u015bli\u0107, \u017ce w foteliku Cybex Sirona Z R wozimy dziecko ty\u0142em lub przodem do kierunku jazdy. Fotelik posiada obracane siedzisko o 360o, mo\u017cliwo\u015b\u0107 zmiany pochylenia (5 pozycji podczas jazdy ty\u0142em oraz 3 pozycje podczas jazdy przodem do kierunku jazdy). Ca\u0142o\u015b\u0107 pokryto zdejmowan\u0105 tapicerk\u0105 z materia\u0142\u00f3w u\u0142atwiaj\u0105cych cyrkulacj\u0119 powietrza, dzi\u0119ki czemu dziecko a\u017c tak si\u0119 nie poci.Baza do fotelik\u00f3w Z-fix znacz\u0105co u\u0142atwia monta\u017c fotelika w samochodzie. Wystarczy po\u0142o\u017cy\u0107 fotelik na dedykowanej bazie i lekko docisn\u0105\u0107. Charakterystyczne klikni\u0119cie da znak, \u017ce fotelik Cybex Sirona zosta\u0142 przypi\u0119ty w bazie.<\/p>\n<h2>Fotelik samochodowy Cybex Sirona Z I-Size 0-18Kg Rwf + Baza Z-Fix Khaki Green Plus Cybex Platinum<\/h2>\n<p>samoch\u00f3d kolorowanka do druku, prezenty na roczek dla dziewczynki, atrakcje dla dzieci warszawa 2021, pa\u0144stwa europy i ich stolice quiz, podchwytliwe zagadki matematyczne, dawne ko\u0142ysanki teksty<\/p>\n<p>yyyyy<\/p>\n<p>&nbsp;<\/p>\n","protected":false},"excerpt":{"rendered":"<p>Cybex Sirona Z I-Size Fotelik Samochodowy 0-18 kg RWF + Baza Z-Fix Khaki Green PlusFotelik samochodowy Sirona Z I-size Cybex to niemal produkt doskona\u0142y jest mocny, bezpieczny i zachwyca wygl\u0105dem. Ten banalnie prosty w monta\u017cu fotelik wyposa\u017cono w zaawansowany system os\u0142on bocznych LSP, kt\u00f3re efektywnie zaabsorbuj\u0105 si\u0142\u0119 uderzenia, zanim ta przyjdzie na wytrzyma\u0142\u0105 skorup\u0119. Warto [&hellip;]<\/p>\n","protected":false},"featured_media":4770,"comment_status":"closed","ping_status":"open","template":"","meta":[],"product_cat":[114,32],"product_tag":[864,744,583,804,725],"class_list":["post-4769","product","type-product","status-publish","has-post-thumbnail","hentry","product_cat-cybex-platinum","product_cat-foteliki-samochodowe","product_tag-basen-warszawa","product_tag-kolorowanki-swiateczne-do-wydruku","product_tag-kolysanki-dla-dzieci-tekst","product_tag-ryz-z-owocami","product_tag-zgadywanki"],"_links":{"self":[{"href":"http:\/\/klubmamgdynia.pl\/index.php\/wp-json\/wp\/v2\/product\/4769","targetHints":{"allow":["GET"]}}],"collection":[{"href":"http:\/\/klubmamgdynia.pl\/index.php\/wp-json\/wp\/v2\/product"}],"about":[{"href":"http:\/\/klubmamgdynia.pl\/index.php\/wp-json\/wp\/v2\/types\/product"}],"replies":[{"embeddable":true,"href":"http:\/\/klubmamgdynia.pl\/index.php\/wp-json\/wp\/v2\/comments?post=4769"}],"wp:featuredmedia":[{"embeddable":true,"href":"http:\/\/klubmamgdynia.pl\/index.php\/wp-json\/wp\/v2\/media\/4770"}],"wp:attachment":[{"href":"http:\/\/klubmamgdynia.pl\/index.php\/wp-json\/wp\/v2\/media?parent=4769"}],"wp:term":[{"taxonomy":"product_cat","embeddable":true,"href":"http:\/\/klubmamgdynia.pl\/index.php\/wp-json\/wp\/v2\/product_cat?post=4769"},{"taxonomy":"product_tag","embeddable":true,"href":"http:\/\/klubmamgdynia.pl\/index.php\/wp-json\/wp\/v2\/product_tag?post=4769"}],"curies":[{"name":"wp","href":"https:\/\/api.w.org\/{rel}","templated":true}]}}