{"id":4773,"date":"2020-02-25T05:05:37","date_gmt":"2020-02-25T04:05:37","guid":{"rendered":"http:\/\/klubmamgdynia.pl\/index.php\/produkt\/hasbro-nerf-microshots-fortnite-rainbow-smash-e7485\/"},"modified":"2026-04-30T23:20:39","modified_gmt":"2026-04-30T21:20:39","slug":"hasbro-nerf-microshots-fortnite-rainbow-smash-e7485","status":"publish","type":"product","link":"http:\/\/klubmamgdynia.pl\/index.php\/produkt\/hasbro-nerf-microshots-fortnite-rainbow-smash-e7485\/","title":{"rendered":"Hasbro Nerf Microshots Fortnite Rainbow Smash E7485"},"content":{"rendered":"<p>Hasbro Nerf &#8211; Wyrzutnia Microshots Fortnite Rainbow Smash E7485Wyrzutnia Microshots Fortnite Rainbow Smash E7485 to \u015bwietna pozycja serii Nerf, nie tylko dla wielbicieli komputerowej gry Fortnite! Teraz mo\u017cesz przenie\u015b\u0107 rozgrywk\u0119 z wirtualnego \u015bwiata Fortnite do rzeczywistej zabawy z kumplami! Wstrzel si\u0119 w zabaw\u0119 z seri\u0105 kolekcjonerskich, niewielkich miotaczy Nerf MicroShots! W zestawie z kompaktowym miotaczem znajduj\u0105 si\u0119 2 strza\u0142ki Elite. Za\u0142aduj jedn\u0105 strza\u0142k\u0119 z przodu miotacza, poci\u0105gnij w d\u00f3\u0142 uchwyt i naci\u015bnij spust, aby wystrzeli\u0107! Zbierz wszystkie miotacze z serii, ka\u017cdy sprzedawany osobno.<\/p>\n<p>Zawarto\u015b\u0107 i cechy zestawu:<br \/>\nNerf Wyrzutnia Microshots Fortnite Rainbow Smash E7485\u00a02 niebieskie strza\u0142ki Nerf Elite<br \/>\nSeria kolekcjonerskich, miniaturowych miotaczy Nerf MicroShots<br \/>\nNa licencji popularnej gry Fortnite                            <\/p>\n<p>Parametry<br \/>\nPrzedzia\u0142 wiekowy\tOd 8 lat<br \/>\nWiek dziecka\t8-10, 11-12, 13+<br \/>\nWymiary\tok. 9.5 x 3 x 13 cm (D x S x W)<br \/>\nP\u0142e\u0107\tCh\u0142opiecWymiary opakowania\t22 x 17 x 5 cmWaga (kg)\t0.3<\/p>\n<h2>Hasbro Nerf Microshots Fortnite Rainbow Smash E7485 Hasbro<\/h2>\n<p>tajemniczy ogr\u00f3d test z lektury, bezpieczne kosmetyki do makija\u017cu dla dzieci, darmowe bajki dla dzieci, kolorowanka star wars, lamiglowki slowne, zygzak mcqueen kolorowanka, zagadki matematyczne na logik\u0119, ciekawe zagadki i odpowiedzi, cytaty dla mamy, karyna, marcel imi\u0119, co kupi\u0107 dziewczynce na roczek, lol kolorowanka do druku<\/p>\n<p>yyyyy<\/p>\n<p>&nbsp;<\/p>\n","protected":false},"excerpt":{"rendered":"<p>Hasbro Nerf &#8211; Wyrzutnia Microshots Fortnite Rainbow Smash E7485Wyrzutnia Microshots Fortnite Rainbow Smash E7485 to \u015bwietna pozycja serii Nerf, nie tylko dla wielbicieli komputerowej gry Fortnite! Teraz mo\u017cesz przenie\u015b\u0107 rozgrywk\u0119 z wirtualnego \u015bwiata Fortnite do rzeczywistej zabawy z kumplami! Wstrzel si\u0119 w zabaw\u0119 z seri\u0105 kolekcjonerskich, niewielkich miotaczy Nerf MicroShots! W zestawie z kompaktowym miotaczem [&hellip;]<\/p>\n","protected":false},"featured_media":4774,"comment_status":"closed","ping_status":"open","template":"","meta":[],"product_cat":[129,40],"product_tag":[848,821,841,794],"class_list":["post-4773","product","type-product","status-publish","has-post-thumbnail","hentry","product_cat-hasbro","product_cat-zabawki-militarne","product_tag-cytat-o-rodzinie","product_tag-marianna","product_tag-quiz-o-flagach","product_tag-test-opowiesci-z-narnii-lew-czarownica-i-stara-szafa-do-druku"],"_links":{"self":[{"href":"http:\/\/klubmamgdynia.pl\/index.php\/wp-json\/wp\/v2\/product\/4773","targetHints":{"allow":["GET"]}}],"collection":[{"href":"http:\/\/klubmamgdynia.pl\/index.php\/wp-json\/wp\/v2\/product"}],"about":[{"href":"http:\/\/klubmamgdynia.pl\/index.php\/wp-json\/wp\/v2\/types\/product"}],"replies":[{"embeddable":true,"href":"http:\/\/klubmamgdynia.pl\/index.php\/wp-json\/wp\/v2\/comments?post=4773"}],"wp:featuredmedia":[{"embeddable":true,"href":"http:\/\/klubmamgdynia.pl\/index.php\/wp-json\/wp\/v2\/media\/4774"}],"wp:attachment":[{"href":"http:\/\/klubmamgdynia.pl\/index.php\/wp-json\/wp\/v2\/media?parent=4773"}],"wp:term":[{"taxonomy":"product_cat","embeddable":true,"href":"http:\/\/klubmamgdynia.pl\/index.php\/wp-json\/wp\/v2\/product_cat?post=4773"},{"taxonomy":"product_tag","embeddable":true,"href":"http:\/\/klubmamgdynia.pl\/index.php\/wp-json\/wp\/v2\/product_tag?post=4773"}],"curies":[{"name":"wp","href":"https:\/\/api.w.org\/{rel}","templated":true}]}}