{"id":4775,"date":"2025-01-09T16:36:01","date_gmt":"2025-01-09T15:36:01","guid":{"rendered":"http:\/\/klubmamgdynia.pl\/?post_type=product&#038;p=4775"},"modified":"2026-04-19T02:25:09","modified_gmt":"2026-04-19T00:25:09","slug":"adar-zestaw-z-traktorem-469921","status":"publish","type":"product","link":"http:\/\/klubmamgdynia.pl\/index.php\/produkt\/adar-zestaw-z-traktorem-469921\/","title":{"rendered":"Adar Zestaw Z Traktorem 469921"},"content":{"rendered":"<p>Zestaw z traktorem w pude\u0142ku 469921<\/p>\n<h2>Adar Zestaw Z Traktorem 469921 Adar<\/h2>\n<p>stare piosenki, zagadki o bo\u017cym narodzeniu, nietypowe imiona \u017ce\u0144skie, audiobook dla dzieci za darmo, pokemon kolorowanki, quiz o flagach, kolorowanki \u015bwinka peppa, opis do zdj\u0119cia dziecka, milan imie, milena, spos\u00f3b na elfa test, peppa kolorowanka, szkic jak narysowa\u0107 kota, kolorowanki wed\u0142ug kodu do druku, oskar imi\u0119, historia andrzejek dla dzieci, prezent dla rocznej dziewczynki, nowe quizy do rozwi\u0105zania<\/p>\n<p>yyyyy<\/p>\n<p>&nbsp;<\/p>\n","protected":false},"excerpt":{"rendered":"<p>Zestaw z traktorem w pude\u0142ku 469921 Adar Zestaw Z Traktorem 469921 Adar stare piosenki, zagadki o bo\u017cym narodzeniu, nietypowe imiona \u017ce\u0144skie, audiobook dla dzieci za darmo, pokemon kolorowanki, quiz o flagach, kolorowanki \u015bwinka peppa, opis do zdj\u0119cia dziecka, milan imie, milena, spos\u00f3b na elfa test, peppa kolorowanka, szkic jak narysowa\u0107 kota, kolorowanki wed\u0142ug kodu do [&hellip;]<\/p>\n","protected":false},"featured_media":4776,"comment_status":"closed","ping_status":"open","template":"","meta":[],"product_cat":[175,83],"product_tag":[750,624,618,628,608],"class_list":["post-4775","product","type-product","status-publish","has-post-thumbnail","hentry","product_cat-adar","product_cat-auta-i-inne-pojazdy-do-zabawy","product_tag-imie-kostek","product_tag-krotkie-zagadki","product_tag-lato-lato-lato-czeka-tekst","product_tag-zagadka","product_tag-zagadki-i-odpowiedzi"],"_links":{"self":[{"href":"http:\/\/klubmamgdynia.pl\/index.php\/wp-json\/wp\/v2\/product\/4775","targetHints":{"allow":["GET"]}}],"collection":[{"href":"http:\/\/klubmamgdynia.pl\/index.php\/wp-json\/wp\/v2\/product"}],"about":[{"href":"http:\/\/klubmamgdynia.pl\/index.php\/wp-json\/wp\/v2\/types\/product"}],"replies":[{"embeddable":true,"href":"http:\/\/klubmamgdynia.pl\/index.php\/wp-json\/wp\/v2\/comments?post=4775"}],"wp:featuredmedia":[{"embeddable":true,"href":"http:\/\/klubmamgdynia.pl\/index.php\/wp-json\/wp\/v2\/media\/4776"}],"wp:attachment":[{"href":"http:\/\/klubmamgdynia.pl\/index.php\/wp-json\/wp\/v2\/media?parent=4775"}],"wp:term":[{"taxonomy":"product_cat","embeddable":true,"href":"http:\/\/klubmamgdynia.pl\/index.php\/wp-json\/wp\/v2\/product_cat?post=4775"},{"taxonomy":"product_tag","embeddable":true,"href":"http:\/\/klubmamgdynia.pl\/index.php\/wp-json\/wp\/v2\/product_tag?post=4775"}],"curies":[{"name":"wp","href":"https:\/\/api.w.org\/{rel}","templated":true}]}}