{"id":4777,"date":"2022-01-17T12:41:35","date_gmt":"2022-01-17T11:41:35","guid":{"rendered":"http:\/\/klubmamgdynia.pl\/index.php\/produkt\/fotelik-samochodowy-besafe-izi-turn-m-i-size-isofix-0-18-kg-61-105-cm-2022\/"},"modified":"2026-04-05T19:47:06","modified_gmt":"2026-04-05T17:47:06","slug":"fotelik-samochodowy-besafe-izi-turn-m-i-size-isofix-0-18-kg-61-105-cm-2022","status":"publish","type":"product","link":"http:\/\/klubmamgdynia.pl\/index.php\/produkt\/fotelik-samochodowy-besafe-izi-turn-m-i-size-isofix-0-18-kg-61-105-cm-2022\/","title":{"rendered":"Fotelik samochodowy Besafe Izi Turn M I-Size Isofix 0-18 Kg 61 &#8211; 105 Cm 2022"},"content":{"rendered":"<p>Obrotowe foteliki samochodowe u\u0142atwiaj\u0105 rodzinom codzienne \u017cycie, umo\u017cliwiaj\u0105c im obracanie fotelika w stron\u0119 drzwi podczas umieszczania dziecka w foteliku lub podczas wyci\u0105gania go z fotelika. Chocia\u017c foteliki obrotowe s\u0105 ju\u017c powszechnie stosowane na rynku, BeSafe z dum\u0105 do\u0142\u0105cza do tej grupy prezentuj\u0105c produkt, kt\u00f3ry zrewolucjonizuje koncepcj\u0119 obrotowych fotelik\u00f3w montowanych ty\u0142em do kierunku jazdy, oferuj\u0105c jedyn\u0105 w swoim rodzaju instalacj\u0119 i innowacyjne technologie. The Flexible One Obrotowy fotelik iZi Turn M i-Size mo\u017cna montowa\u0107 zar\u00f3wno ty\u0142em jak i przodem do kierunku jazdy, zapewniaj\u0105c pe\u0142ny obr\u00f3t fotelika o 360\u00b0. Oczywi\u015bcie nadal pozwala dzieciom podr\u00f3\u017cowa\u0107 ty\u0142em do kierunku jazdy przez ca\u0142y czas u\u017cytkowania, ale tak\u017ce daje rodzinom elastyczno\u015b\u0107 w korzystaniu z fotelika przodem do kierunku jazdy w razie potrzeby. System monituruj\u0105cy Pierwszy na \u015bwiecie w pe\u0142ni zintegrowany z fotelikiem cyfrowy system bezpiecze\u0144stwa, stworzony po to, aby jeszcze bardziej zwi\u0119kszy\u0107 bezpiecze\u0144stwo twojego dziecka podczas podr\u00f3\u017cowania samochodem. System ten posiada w\u0142asn\u0105 aplikacj\u0119 i \u0142\u0105czy telefon z fotelikiem poprzez bluetooth, dzi\u0119ki czemu informuje o wypi\u0119ciu uprz\u0119\u017cy z klamry podczas przewo\u017cenia dziecka, jak r\u00f3wnie\u017c o pozostawieniu dziecka w samochodzie. Po odej\u015bciu osoby doros\u0142ej od samochodu system wysy\u0142a powiadomienie na numer telefonu, kt\u00f3ry zosta\u0142 przypisany w aplikacji. W przypadku braku reakcji, system wysy\u0142a powiadomienie na kolejny przypisany numer (i mo\u017ce to by\u0107 numer drugiego opiekuna, ale r\u00f3wnie\u017c numer s\u0142u\u017cb bezpiecze\u0144stwa). * Aplikacja jest kompatybilna z telefonami: iOS13 i wy\u017cszej wersji oraz Android OS 8 i wy\u017csza wersja. Aplikacja mo\u017ce nie by\u0107 kompatybilna ze wszystkimi modelami telefon\u00f3w z systemem Android. Specjalna tapicerka w kolorach Peak Mesh i Anthracite Mesh Do 8x wi\u0119kszy przep\u0142yw powietrza dzi\u0119ki tkaninie Mesh 3D* Tkanina BeSafe Mesh ma otwart\u0105 struktur\u0119 i warstw\u0119 dystansow\u0105 o strukturze 3D. W ten spos\u00f3b ciep\u0142o i wilgo\u0107 s\u0105 odprowadzane z dala od dziecka, a powietrze mo\u017ce przep\u0142ywa\u0107 pomi\u0119dzy warstwami. Warstwa zewn\u0119trzna: odprowadza wilgo\u0107 i ciep\u0142o mocna i trwa\u0142a otwarta struktura dzianiny osnowowej &#8211; charakteryzuje si\u0119 dobr\u0105 przepuszczalno\u015bci\u0105 powietrza, lekko\u015bci\u0105, elastyczno\u015bci\u0105, jest przyjemna w dotyku Warstwa dystansowa: odprowadza wilgo\u0107 i ciep\u0142o od warstwy zewn\u0119trznej struktura materia\u0142u 3D pozwala na przep\u0142yw powietrza mi\u0119dzy warstwami elastyczno\u015b\u0107 tej warstwy zapewnia amortyzacj\u0119 i wsparcie Warstwa wewn\u0119trzna: zapewnia stabilne wsparcie uwalnia zgromadzone wilgo\u0107 i ciep\u0142o THE UNIVERSAL LEVEL TECHNOLOGY\u2122 Skonstruowana w razie najgorszego scenariusza, aby zawsze zapewnia\u0107 najwi\u0119kszy komfort. iZi Turn M i-Size jest wyposa\u017cony w jedyn\u0105 w swoim rodzaju metod\u0119 instalacji, kt\u00f3ra jest naprawd\u0119 wyj\u0105tkowa w swojej konstrukcji: Universal Level Technology\u2122. Ta wyj\u0105tkowa technologia rozwi\u0105zuje cz\u0119sty problem, kt\u00f3ry tworzy przemys\u0142 samochodowy dla fotelik\u00f3w montowanych ty\u0142em &#8211; ostry k\u0105t nachylenia kanapy samochodu. Aby dopasowa\u0107 pasa\u017cer\u00f3w do sportowych modeli samochod\u00f3w, przemys\u0142 samochodowy cz\u0119sto wyposa\u017ca pojazd w kanapy o do\u015b\u0107 ostrym k\u0105cie nachylenia. Dla fotelik\u00f3w samochodowych montowanych ty\u0142em do kierunku jazdy wynikiem jest zazwyczaj pionowa pozycja siedz\u0105ca, cz\u0119sto postrzegana przez rodzic\u00f3w jako problem przy przewo\u017ceniu dziecka. Technologia Universal Level Technology\u2122 wbudowana w konstrukcj\u0119 bazy fotelika k\u0142adzie kres temu problemowi, poniewa\u017c jest skonstruowana w taki spos\u00f3b, aby zawsze umo\u017cliwia\u0107 prawid\u0142ow\u0105, poziom\u0105 instalacj\u0119 fotelika, bez znaczenia jaki k\u0105t nachylenia kanapy ma Tw\u00f3j samoch\u00f3d. Kanapy samochodowe zazwyczaj maj\u0105 k\u0105t nachylenia od 5 do 20 stopni. Technologia Universal Level Technology\u2122 jest skonstruowana w przypadku najgorszych scenariuszy, pozwalaj\u0105c na prawid\u0142ow\u0105, poziom\u0105 instalacj\u0119 fotelika nawet w przypadku nachylenia kanapy o 20 stopni. W ten spos\u00f3b Universal Level Technology\u2122 naprawd\u0119 zas\u0142uguje na swoj\u0105 nazw\u0119, umo\u017cliwiaj\u0105c uniwersalny poziom instalacji w stosunku do ka\u017cdego k\u0105ta nachylenia kanapy pojazdu. Poza tym wyj\u0105tkowym rozwi\u0105zaniem do poziomej instalacji fotelika, fotelik sam w sobie posiada 4 pozycje regulacji, daj\u0105c najwi\u0119kszy komfort dla dziecka, bez wzgl\u0119du na wiek. BESAFE DYNAMIC FORCE ABSORBER\u2122 Dzi\u0119ki poch\u0142aniaczowi energii Dynamic Force Absorber\u2122, fotelik BeSafe iZi Turn M i-Size jest wyposa\u017cony w najnowocze\u015bniejsze rozwi\u0105zanie umieszczone w zag\u0142\u00f3wku fotelika, kt\u00f3re zapewnia optymaln\u0105 ochron\u0119 dla najbardziej wra\u017cliwych cz\u0119\u015bci cia\u0142a dziecka. Wykonany jest ze specjalnych materia\u0142\u00f3w i konstrukcji o r\u00f3\u017cnych strefach elastyczno\u015bci, kt\u00f3re optymalnie poch\u0142aniaj\u0105 si\u0142y podczas zderzenia bocznego poprzez zginanie si\u0119 po wewn\u0119trznej stronie, i pozostawanie bardziej sztywnym po zewn\u0119trznej stronie. WK\u0141ADKA BESAFE TWO-FIT CUSHION\u2122 Fotelik iZi Turn M i-Size jest wyposa\u017cony w niezwyk\u0142\u0105 wk\u0142adk\u0119 Two-Fit Cushions\u2122, kt\u00f3re umo\u017cliwiaj\u0105 indywidualne dopasowanie dla ka\u017cdego dziecka. Stworzona z mi\u0119kkich, jednocze\u015bnie wspieraj\u0105cych materia\u0142\u00f3w, zapewnia mniejszym dzieciom eks<\/p>\n<h2>Fotelik samochodowy Besafe Izi Turn M I-Size Isofix 0-18 Kg 61 &#8211; 105 Cm 2022 BeSafe<\/h2>\n<p>pisanie po \u015bladzie do druku pdf, przys\u0142owia o rodzinie, test z lektury dynastia mizio\u0142k\u00f3w, cytaty rodzina, miko\u0142ajek &#8211; test z odpowiedziami, czytanki na dobranoc, ilona, renata to nie imi\u0119, cytaty dla mamy, atrakcje dla dzieci warszawa i okolice, przygody tomka sawyera test, kawaly na prima aprilis, romantyczna bajka na dobranoc, opowie\u015bci z narni lew czarownica i stara szafa test, zagadki logiczne trudne, test z narnii lew czarownica i stara szafa, bajki na dobranoc do czytania<\/p>\n<p>yyyyy<\/p>\n<p>&nbsp;<\/p>\n","protected":false},"excerpt":{"rendered":"<p>Obrotowe foteliki samochodowe u\u0142atwiaj\u0105 rodzinom codzienne \u017cycie, umo\u017cliwiaj\u0105c im obracanie fotelika w stron\u0119 drzwi podczas umieszczania dziecka w foteliku lub podczas wyci\u0105gania go z fotelika. Chocia\u017c foteliki obrotowe s\u0105 ju\u017c powszechnie stosowane na rynku, BeSafe z dum\u0105 do\u0142\u0105cza do tej grupy prezentuj\u0105c produkt, kt\u00f3ry zrewolucjonizuje koncepcj\u0119 obrotowych fotelik\u00f3w montowanych ty\u0142em do kierunku jazdy, oferuj\u0105c jedyn\u0105 [&hellip;]<\/p>\n","protected":false},"featured_media":4778,"comment_status":"closed","ping_status":"open","template":"","meta":[],"product_cat":[969,32],"product_tag":[583,645,726,714],"class_list":["post-4777","product","type-product","status-publish","has-post-thumbnail","hentry","product_cat-besafe","product_cat-foteliki-samochodowe","product_tag-kolysanki-dla-dzieci-tekst","product_tag-latwe-zagadki","product_tag-quiz-zemsta","product_tag-zagadki-logiczne"],"_links":{"self":[{"href":"http:\/\/klubmamgdynia.pl\/index.php\/wp-json\/wp\/v2\/product\/4777","targetHints":{"allow":["GET"]}}],"collection":[{"href":"http:\/\/klubmamgdynia.pl\/index.php\/wp-json\/wp\/v2\/product"}],"about":[{"href":"http:\/\/klubmamgdynia.pl\/index.php\/wp-json\/wp\/v2\/types\/product"}],"replies":[{"embeddable":true,"href":"http:\/\/klubmamgdynia.pl\/index.php\/wp-json\/wp\/v2\/comments?post=4777"}],"wp:featuredmedia":[{"embeddable":true,"href":"http:\/\/klubmamgdynia.pl\/index.php\/wp-json\/wp\/v2\/media\/4778"}],"wp:attachment":[{"href":"http:\/\/klubmamgdynia.pl\/index.php\/wp-json\/wp\/v2\/media?parent=4777"}],"wp:term":[{"taxonomy":"product_cat","embeddable":true,"href":"http:\/\/klubmamgdynia.pl\/index.php\/wp-json\/wp\/v2\/product_cat?post=4777"},{"taxonomy":"product_tag","embeddable":true,"href":"http:\/\/klubmamgdynia.pl\/index.php\/wp-json\/wp\/v2\/product_tag?post=4777"}],"curies":[{"name":"wp","href":"https:\/\/api.w.org\/{rel}","templated":true}]}}