{"id":4781,"date":"2012-05-10T12:17:03","date_gmt":"2012-05-10T10:17:03","guid":{"rendered":"http:\/\/klubmamgdynia.pl\/index.php\/produkt\/fotelik-samochodowy-avionaut-kite-baza-dock-isofix-k-04-0-13-kg\/"},"modified":"2026-04-29T00:12:40","modified_gmt":"2026-04-28T22:12:40","slug":"fotelik-samochodowy-avionaut-kite-baza-dock-isofix-k-04-0-13-kg","status":"publish","type":"product","link":"http:\/\/klubmamgdynia.pl\/index.php\/produkt\/fotelik-samochodowy-avionaut-kite-baza-dock-isofix-k-04-0-13-kg\/","title":{"rendered":"Fotelik samochodowy Avionaut Kite + Baza Dock Isofix K.04 0 13 Kg"},"content":{"rendered":"<p>avionaut fotelik kite + baza dock isofix jest praktycznym po\u0142\u0105czeniem cech, kt\u00f3re zapewniaj\u0105 \u0142atwe u\u017cytkowanie produktu<\/p>\n<h2>Fotelik samochodowy Avionaut Kite + Baza Dock Isofix K.04 0 13 Kg Avionaut<\/h2>\n<p>45 pa\u0144stw europy i ich stolice quiz, bajka na dobranoc, kwiecien plecien, zagadki dla dzieci 10 lat, jak narysowa\u0107 \u017cab\u0119, kolorowanka antystresowa, rysowanki, cytat na dzie\u0144 matki, zagadki dla dzieci 9-10 lat z odpowiedziami, podchwytliwe zagadki dla doros\u0142ych, smok wawelski bajka, cookie dough przepis, stare bajki, zagadki dla dzieci 6-7 lat, walentynka dla c\u00f3rki, andrzejki dekoracje do druku, sentencje ma\u0142y ksi\u0105\u017ce cytaty, myszka minnie kolorowanka, wzruszaj\u0105c\u0105 piosenka dla taty, test z lektury asiunia, zadania logiczne dla dzieci<\/p>\n<p>yyyyy<\/p>\n<p>&nbsp;<\/p>\n","protected":false},"excerpt":{"rendered":"<p>avionaut fotelik kite + baza dock isofix jest praktycznym po\u0142\u0105czeniem cech, kt\u00f3re zapewniaj\u0105 \u0142atwe u\u017cytkowanie produktu Fotelik samochodowy Avionaut Kite + Baza Dock Isofix K.04 0 13 Kg Avionaut 45 pa\u0144stw europy i ich stolice quiz, bajka na dobranoc, kwiecien plecien, zagadki dla dzieci 10 lat, jak narysowa\u0107 \u017cab\u0119, kolorowanka antystresowa, rysowanki, cytat na dzie\u0144 [&hellip;]<\/p>\n","protected":false},"featured_media":4782,"comment_status":"closed","ping_status":"open","template":"","meta":[],"product_cat":[993,32],"product_tag":[664,667,869],"class_list":["post-4781","product","type-product","status-publish","has-post-thumbnail","hentry","product_cat-avionaut","product_cat-foteliki-samochodowe","product_tag-atrakcje-dla-dzieci-trojmiasto","product_tag-kolorowanka-lol","product_tag-zagadki-na-logike"],"_links":{"self":[{"href":"http:\/\/klubmamgdynia.pl\/index.php\/wp-json\/wp\/v2\/product\/4781","targetHints":{"allow":["GET"]}}],"collection":[{"href":"http:\/\/klubmamgdynia.pl\/index.php\/wp-json\/wp\/v2\/product"}],"about":[{"href":"http:\/\/klubmamgdynia.pl\/index.php\/wp-json\/wp\/v2\/types\/product"}],"replies":[{"embeddable":true,"href":"http:\/\/klubmamgdynia.pl\/index.php\/wp-json\/wp\/v2\/comments?post=4781"}],"wp:featuredmedia":[{"embeddable":true,"href":"http:\/\/klubmamgdynia.pl\/index.php\/wp-json\/wp\/v2\/media\/4782"}],"wp:attachment":[{"href":"http:\/\/klubmamgdynia.pl\/index.php\/wp-json\/wp\/v2\/media?parent=4781"}],"wp:term":[{"taxonomy":"product_cat","embeddable":true,"href":"http:\/\/klubmamgdynia.pl\/index.php\/wp-json\/wp\/v2\/product_cat?post=4781"},{"taxonomy":"product_tag","embeddable":true,"href":"http:\/\/klubmamgdynia.pl\/index.php\/wp-json\/wp\/v2\/product_tag?post=4781"}],"curies":[{"name":"wp","href":"https:\/\/api.w.org\/{rel}","templated":true}]}}