{"id":4789,"date":"2018-04-05T07:52:10","date_gmt":"2018-04-05T05:52:10","guid":{"rendered":"http:\/\/klubmamgdynia.pl\/index.php\/produkt\/polski-gruby-polar-bluza-meski-roboczy-szary-kaptur\/"},"modified":"2026-04-29T14:44:08","modified_gmt":"2026-04-29T12:44:08","slug":"polski-gruby-polar-bluza-meski-roboczy-szary-kaptur","status":"publish","type":"product","link":"http:\/\/klubmamgdynia.pl\/index.php\/produkt\/polski-gruby-polar-bluza-meski-roboczy-szary-kaptur\/","title":{"rendered":"POLSKI Gruby Polar Bluza M\u0119ski Roboczy SZARY KAPTUR"},"content":{"rendered":"<p>Tabela rozmiar\u00f3w3XSXXSXSS53667848M56708152L59738453XL62778654XXL648086543XL678286534XL708389565XL74879257<\/p>\n<h2>POLSKI Gruby Polar Bluza M\u0119ski Roboczy SZARY KAPTUR <\/h2>\n<p>mira imi\u0119, prezent na urodziny dla nastolatk\u00f3w, imie nadia, bianka, kuku\u0142eczka kuka tekst, bajka o dinozaurach do czytania, test z lektury dzieci z bullerbyn, kolorowanki do druku dla ch\u0142opc\u00f3w, basen dla dzieci warszawa, kolorowanki ninjago, cytaty korczak, kucyki pony kolorowanka, ko\u0142ysanka dla dzieci tekst, 45 pa\u0144stw europy i ich stolice quiz, darmowe quizy, jak narysowa\u0107 konia, mi\u0142osz imi\u0119, kolorowanki do druku zwierz\u0119ta, kolorowanki do druku dla dzieci<\/p>\n<p>yyyyy<\/p>\n<p>&nbsp;<\/p>\n","protected":false},"excerpt":{"rendered":"<p>Tabela rozmiar\u00f3w3XSXXSXSS53667848M56708152L59738453XL62778654XXL648086543XL678286534XL708389565XL74879257 POLSKI Gruby Polar Bluza M\u0119ski Roboczy SZARY KAPTUR mira imi\u0119, prezent na urodziny dla nastolatk\u00f3w, imie nadia, bianka, kuku\u0142eczka kuka tekst, bajka o dinozaurach do czytania, test z lektury dzieci z bullerbyn, kolorowanki do druku dla ch\u0142opc\u00f3w, basen dla dzieci warszawa, kolorowanki ninjago, cytaty korczak, kucyki pony kolorowanka, ko\u0142ysanka dla dzieci tekst, 45 [&hellip;]<\/p>\n","protected":false},"featured_media":4790,"comment_status":"closed","ping_status":"open","template":"","meta":[],"product_cat":[1264],"product_tag":[658,578,605,637,737,824,738],"class_list":["post-4789","product","type-product","status-publish","has-post-thumbnail","hentry","product_cat-bluzy-meskie","product_tag-alan-znaczenie-imienia","product_tag-fajne-zarty-na-prima-aprilis","product_tag-milena","product_tag-niech-zyja-wakacje-tekst","product_tag-test-z-lektury-felix-net-i-nika-oraz-gang-niewidzialnych-ludzi","product_tag-warszawa-atrakcje-dla-dzieci","product_tag-wroclaw-dla-dzieci"],"_links":{"self":[{"href":"http:\/\/klubmamgdynia.pl\/index.php\/wp-json\/wp\/v2\/product\/4789","targetHints":{"allow":["GET"]}}],"collection":[{"href":"http:\/\/klubmamgdynia.pl\/index.php\/wp-json\/wp\/v2\/product"}],"about":[{"href":"http:\/\/klubmamgdynia.pl\/index.php\/wp-json\/wp\/v2\/types\/product"}],"replies":[{"embeddable":true,"href":"http:\/\/klubmamgdynia.pl\/index.php\/wp-json\/wp\/v2\/comments?post=4789"}],"wp:featuredmedia":[{"embeddable":true,"href":"http:\/\/klubmamgdynia.pl\/index.php\/wp-json\/wp\/v2\/media\/4790"}],"wp:attachment":[{"href":"http:\/\/klubmamgdynia.pl\/index.php\/wp-json\/wp\/v2\/media?parent=4789"}],"wp:term":[{"taxonomy":"product_cat","embeddable":true,"href":"http:\/\/klubmamgdynia.pl\/index.php\/wp-json\/wp\/v2\/product_cat?post=4789"},{"taxonomy":"product_tag","embeddable":true,"href":"http:\/\/klubmamgdynia.pl\/index.php\/wp-json\/wp\/v2\/product_tag?post=4789"}],"curies":[{"name":"wp","href":"https:\/\/api.w.org\/{rel}","templated":true}]}}