{"id":4791,"date":"2023-03-05T05:28:01","date_gmt":"2023-03-05T04:28:01","guid":{"rendered":"http:\/\/klubmamgdynia.pl\/?post_type=product&#038;p=4791"},"modified":"2026-05-17T22:33:02","modified_gmt":"2026-05-17T20:33:02","slug":"kiddymoon-partners-boisko-kk-100x-z-pileczkami-6cm-zabawka-kojec-niebieski-czarny-bialy-czerwony-babyblue","status":"publish","type":"product","link":"http:\/\/klubmamgdynia.pl\/index.php\/produkt\/kiddymoon-partners-boisko-kk-100x-z-pileczkami-6cm-zabawka-kojec-niebieski-czarny-bialy-czerwony-babyblue\/","title":{"rendered":"Kiddymoon Partners Boisko Kk-100X Z Pi\u0142eczkami 6Cm Zabawka Kojec Niebieski Czarny-Bia\u0142y-Czerwony-Babyblue"},"content":{"rendered":"<p>Sk\u0142adany kojec z plastikowymi pi\u0142kami w kszta\u0142cie mini-boiska zapewni Twojemu dziecku godziny zabawy. Wewn\u0105trz jest wystarczaj\u0105co du\u017co przestrzeni, aby w zabawie mog\u0142o uczestniczy\u0107 swobodnie kilkoro dzieci. Jednocze\u015bnie kojec mo\u017cna w \u0142atwy spos\u00f3b z\u0142o\u017cy\u0107, dzi\u0119ki czemu mo\u017cna go schowa\u0107, lub zabra\u0107 ze sob\u0105 na wczasy, piknik, czy do znajomych. Jedna ze \u015bcianek jest wyposa\u017cona w siatkowy kosz do koszyk\u00f3wki umo\u017cliwiaj\u0105c ma\u0142ym dzieciom rywalizacj\u0119 w grze zespo\u0142owej.W\u0141A\u015aCIWO\u015aCI- stabilna konstrukcja z aluminiowymi rurkami umo\u017cliwia \u0142atwo go z\u0142o\u017cy\u0107 i roz\u0142o\u017cy\u0107- kojec wyposa\u017cony w boczne wej\u015bcie z zamkiem b\u0142yskawicznym u\u0142atwiaj\u0105ce wej\u015bcie i wyj\u015bcie dla ma\u0142ych dzieci- boczne \u015bcianki wykonane z siatki umo\u017cliwiaj\u0105 obserwacj\u0119 dzieci podczas zabawy, ortalion o wysokiej gramaturze jest wytrzyma\u0142y i nie strz\u0119pi si\u0119- zamkni\u0119ta konstrukcja utrzymuje pi\u0142eczki wewn\u0105trz pomagaj\u0105c zachowa\u0107 porz\u0105dek- delikatne kolory materia\u0142u i mn\u00f3stwo kombinacji pi\u0142ek pozwalaj\u0105 dobra\u0107 odpowiedni wariant dla Twojego malucha lub dostosowa\u0107 kojec do ka\u017cdego wn\u0119trza- wyprodukowany z bezpiecznych, nietoksycznych materia\u0142\u00f3w- g\u0142adka powierzchnia, \u0142atwa do utrzymania w czysto\u015bciSK\u0141AD: ortalion 100% poliesterWYMIARY: 125x125xx66 cm, wysoko\u015b\u0107 z koszem 105 cmW zestawie znajduj\u0105 si\u0119 kolorowe pi\u0142ki o \u015brednicy 6 cm. Pi\u0142eczki wyprodukowane s\u0105 w Europie z nietoksycznego materia\u0142u. Posiadaj\u0105 certyfikat CE. Przyjemne i lekkie, a zarazem elastyczne i odporne na zniekszta\u0142cenia : po \u015bci\u015bni\u0119ciu odzyskuj\u0105 sw\u00f3j pierwotny kszta\u0142t nie robi\u0105c dziecku krzywdy.SK\u0141AD: 100% polietylenZabawa powinna odbywa\u0107 si\u0119 pod nadzorem osoby doros\u0142ej.<\/p>\n<h2>Kiddymoon Partners Boisko Kk-100X Z Pi\u0142eczkami 6Cm Zabawka Kojec Niebieski Czarny-Bia\u0142y-Czerwony-Babyblue Selonis<\/h2>\n<p>zimowe zabawy dla dzieci, g\u0142upie zagadki, lol surprise kolorowanki, bo\u017ce narodzenie quiz, lato, co mo\u017cna zrobi\u0107 z rolek po papierze toaletowym, trudne zagadki z odpowiedziami, kolorowe ciasto, prezent dla pi\u0119tnastolatka, malowanka do druku, zagadki logiczne na inteligencj\u0119, bajki do czytania<\/p>\n<p>yyyyy<\/p>\n<p>&nbsp;<\/p>\n","protected":false},"excerpt":{"rendered":"<p>Sk\u0142adany kojec z plastikowymi pi\u0142kami w kszta\u0142cie mini-boiska zapewni Twojemu dziecku godziny zabawy. Wewn\u0105trz jest wystarczaj\u0105co du\u017co przestrzeni, aby w zabawie mog\u0142o uczestniczy\u0107 swobodnie kilkoro dzieci. Jednocze\u015bnie kojec mo\u017cna w \u0142atwy spos\u00f3b z\u0142o\u017cy\u0107, dzi\u0119ki czemu mo\u017cna go schowa\u0107, lub zabra\u0107 ze sob\u0105 na wczasy, piknik, czy do znajomych. Jedna ze \u015bcianek jest wyposa\u017cona w siatkowy [&hellip;]<\/p>\n","protected":false},"featured_media":4792,"comment_status":"closed","ping_status":"open","template":"","meta":[],"product_cat":[1256,1263],"product_tag":[829,689,652,856,711],"class_list":["post-4791","product","type-product","status-publish","has-post-thumbnail","hentry","product_cat-kojce","product_cat-selonis","product_tag-bajki-do-czytania-na-dobranoc","product_tag-linda","product_tag-otto","product_tag-prezent-dla-16-latki","product_tag-prezenty-dla-nastolatkow"],"_links":{"self":[{"href":"http:\/\/klubmamgdynia.pl\/index.php\/wp-json\/wp\/v2\/product\/4791","targetHints":{"allow":["GET"]}}],"collection":[{"href":"http:\/\/klubmamgdynia.pl\/index.php\/wp-json\/wp\/v2\/product"}],"about":[{"href":"http:\/\/klubmamgdynia.pl\/index.php\/wp-json\/wp\/v2\/types\/product"}],"replies":[{"embeddable":true,"href":"http:\/\/klubmamgdynia.pl\/index.php\/wp-json\/wp\/v2\/comments?post=4791"}],"wp:featuredmedia":[{"embeddable":true,"href":"http:\/\/klubmamgdynia.pl\/index.php\/wp-json\/wp\/v2\/media\/4792"}],"wp:attachment":[{"href":"http:\/\/klubmamgdynia.pl\/index.php\/wp-json\/wp\/v2\/media?parent=4791"}],"wp:term":[{"taxonomy":"product_cat","embeddable":true,"href":"http:\/\/klubmamgdynia.pl\/index.php\/wp-json\/wp\/v2\/product_cat?post=4791"},{"taxonomy":"product_tag","embeddable":true,"href":"http:\/\/klubmamgdynia.pl\/index.php\/wp-json\/wp\/v2\/product_tag?post=4791"}],"curies":[{"name":"wp","href":"https:\/\/api.w.org\/{rel}","templated":true}]}}