{"id":4793,"date":"2023-04-08T19:40:56","date_gmt":"2023-04-08T17:40:56","guid":{"rendered":"http:\/\/klubmamgdynia.pl\/?post_type=product&#038;p=4793"},"modified":"2026-04-22T22:11:08","modified_gmt":"2026-04-22T20:11:08","slug":"zestaw-2x-koszula-nocna-ciazowa-do-karmienia-r-m","status":"publish","type":"product","link":"http:\/\/klubmamgdynia.pl\/index.php\/produkt\/zestaw-2x-koszula-nocna-ciazowa-do-karmienia-r-m\/","title":{"rendered":"Zestaw 2X Koszula Nocna Ci\u0105\u017cowa Do Karmienia R. M"},"content":{"rendered":"<p>Zestaw 2x Koszula do karmienia Marina Bordowa i Zielonawyprodukowany w Polsce .Nocna koszula dla mam karmi\u0105cych otwierana przez \u015brodekKoszulka jest zapinana na napy dzi\u0119ki czemu \u0142atwo i dyskretnie mo\u017cna nakarmi\u0107 swojego maluszka.Pi\u017cama jest niezast\u0105piony w okresie karmienia piersi\u0105 jak i r\u00f3wnie\u017c niezb\u0119dna w szpitalu podczas porodu.Gustowna falbanka sprawi, \u017ce poczujesz si\u0119 kobieco nawet w takim stroju.Model przeznaczony dla mam ceni\u0105cych sobie wygod\u0119 oraz komfort karmienia dziecka piersi\u0105Materia\u0142 :100% bawe\u0142na.Bawe\u0142na jest przyjemna w dotyku i delikatna dla sk\u00f3ry mamy jak i dziecka. Nie podra\u017cnia nie uczula.Rozmiar: MWymiary modelki:obw\u00f3d biustu 91 cmobw\u00f3d w pasie 70 cmobw\u00f3d z brzuszkiem 86 cmModelka pozuje na zdj\u0119ciach w rozmiarze S, nosi na co dzie\u0144 XS-S.Wymiary:Rozmiar S :d\u0142ugo\u015b\u0107 ca\u0142kowita: 92cmszer. w pasie: 2x 44cmszeroko\u015b\u0107 od pachy do pachy: 2x 43cmd\u0142ugo\u015b\u0107 r\u0119kawa: 13cmRozmiar M:d\u0142ugo\u015b\u0107 ca\u0142kowita: 93cmszer. w pasie: 2x 46cmszeroko\u015b\u0107 od pachy do pachy: 2x 45cmd\u0142ugo\u015b\u0107 r\u0119kawa: 14cmRozmiar L:d\u0142ugo\u015b\u0107 ca\u0142kowita: 94cmszer. w pasie: 2x 47cmszeroko\u015b\u0107 od pachy do pachy: 2x 46cmd\u0142ugo\u015b\u0107 r\u0119kawa: 15cmRozmiar XL:d\u0142ugo\u015b\u0107 ca\u0142kowita: 96cmszer. w pasie: 2x 52cmszeroko\u015b\u0107 od pachy do pachy: 2x 50cmd\u0142ugo\u015b\u0107 r\u0119kawa: 16cmRozmiar XXL:d\u0142ugo\u015b\u0107 ca\u0142kowita: 99cmszer. w pasie: 2x 57cmszeroko\u015b\u0107 od pachy do pachy: 2x 56cmd\u0142ugo\u015b\u0107 r\u0119kawa: 17cmRozmiar 3XL:d\u0142ugo\u015b\u0107 ca\u0142kowita: 101cmszer. w pasie: 2x 64cmszeroko\u015b\u0107 od pachy do pachy: 2x 62cmd\u0142ugo\u015b\u0107 r\u0119kawa: 19cmRozmiar 4XL:d\u0142ugo\u015b\u0107 ca\u0142kowita: 102cmszer. w pasie: 2x 65cmszeroko\u015b\u0107 od pachy do pachy: 2x 63cmd\u0142ugo\u015b\u0107 r\u0119kawa: 20cm<\/p>\n<h2>Zestaw 2X Koszula Nocna Ci\u0105\u017cowa Do Karmienia R. M <\/h2>\n<p>prezenty dla rocznego dziecka, dalia imi\u0119, zagadki i odpowiedzi, cytaty o dzieci\u0144stwie, smok wawelski bajka, wzruszaj\u0105c\u0105 piosenka dla taty, bianka, wroc\u0142aw atrakcje dla dzieci, zagadki na inteligencj\u0119, piosenki dla dzieci tekst, opowie\u015b\u0107 wigilijna test z odpowiedziami, psi patrol do czytania, bajka o smoku wawelskim, felix net i nika oraz gang niewidzialnych ludzi test z odpowiedziami, wielkanocne zagadki, zagadki logiczne \u015bmieszne, milan imie, bardzo trudne zagadki, aurelia imie<\/p>\n<p>yyyyy<\/p>\n<p>&nbsp;<\/p>\n","protected":false},"excerpt":{"rendered":"<p>Zestaw 2x Koszula do karmienia Marina Bordowa i Zielonawyprodukowany w Polsce .Nocna koszula dla mam karmi\u0105cych otwierana przez \u015brodekKoszulka jest zapinana na napy dzi\u0119ki czemu \u0142atwo i dyskretnie mo\u017cna nakarmi\u0107 swojego maluszka.Pi\u017cama jest niezast\u0105piony w okresie karmienia piersi\u0105 jak i r\u00f3wnie\u017c niezb\u0119dna w szpitalu podczas porodu.Gustowna falbanka sprawi, \u017ce poczujesz si\u0119 kobieco nawet w takim [&hellip;]<\/p>\n","protected":false},"featured_media":4794,"comment_status":"closed","ping_status":"open","template":"","meta":[],"product_cat":[258],"product_tag":[754,674,605,637,840],"class_list":["post-4793","product","type-product","status-publish","has-post-thumbnail","hentry","product_cat-bielizna-ciazowa","product_tag-dyplomy-do-wydrukowania-a4","product_tag-miasto-dzieci","product_tag-milena","product_tag-niech-zyja-wakacje-tekst","product_tag-stare-bajki"],"_links":{"self":[{"href":"http:\/\/klubmamgdynia.pl\/index.php\/wp-json\/wp\/v2\/product\/4793","targetHints":{"allow":["GET"]}}],"collection":[{"href":"http:\/\/klubmamgdynia.pl\/index.php\/wp-json\/wp\/v2\/product"}],"about":[{"href":"http:\/\/klubmamgdynia.pl\/index.php\/wp-json\/wp\/v2\/types\/product"}],"replies":[{"embeddable":true,"href":"http:\/\/klubmamgdynia.pl\/index.php\/wp-json\/wp\/v2\/comments?post=4793"}],"wp:featuredmedia":[{"embeddable":true,"href":"http:\/\/klubmamgdynia.pl\/index.php\/wp-json\/wp\/v2\/media\/4794"}],"wp:attachment":[{"href":"http:\/\/klubmamgdynia.pl\/index.php\/wp-json\/wp\/v2\/media?parent=4793"}],"wp:term":[{"taxonomy":"product_cat","embeddable":true,"href":"http:\/\/klubmamgdynia.pl\/index.php\/wp-json\/wp\/v2\/product_cat?post=4793"},{"taxonomy":"product_tag","embeddable":true,"href":"http:\/\/klubmamgdynia.pl\/index.php\/wp-json\/wp\/v2\/product_tag?post=4793"}],"curies":[{"name":"wp","href":"https:\/\/api.w.org\/{rel}","templated":true}]}}