{"id":4795,"date":"2019-05-19T19:29:48","date_gmt":"2019-05-19T17:29:48","guid":{"rendered":"http:\/\/klubmamgdynia.pl\/index.php\/produkt\/mattel-mini-figurka-jurassic-world-dinozaur-spinosaurus-ggn26-hbx42\/"},"modified":"2026-05-17T22:46:36","modified_gmt":"2026-05-17T20:46:36","slug":"mattel-mini-figurka-jurassic-world-dinozaur-spinosaurus-ggn26-hbx42","status":"publish","type":"product","link":"http:\/\/klubmamgdynia.pl\/index.php\/produkt\/mattel-mini-figurka-jurassic-world-dinozaur-spinosaurus-ggn26-hbx42\/","title":{"rendered":"Mattel Mini Figurka Jurassic World Dinozaur Spinosaurus GGN26 HBX42"},"content":{"rendered":"<p>Sta\u0144 si\u0119 cz\u0119\u015bci\u0105 przygody Jurassic World!<br \/>\nFigurki kolekcjonerskie Snap Squad maj\u0105 gro\u017any wygl\u0105d dinozaur\u00f3w z Jurassic World z\u0142agodzony urocz\u0105 stylistyk\u0105!                            <\/p>\n<p>Zabierz swoich ulubie\u0144c\u00f3w ze sob\u0105!<br \/>\nDinozaury do zabawy maj\u0105 otwierane szcz\u0119ki, wi\u0119c mo\u017cesz przyczepi\u0107 je do dowolnego przedmiotu \u2013 plecaka, torby, odzie\u017cy, a nawet do palc\u00f3w \u2013 i zabra\u0107 ze sob\u0105 wsz\u0119dzie!                            <\/p>\n<p>Ozd\u00f3b buty!<br \/>\nPrzypnij dwa dinozaury Snap Squad i ruszaj ku przygodzie!                            <\/p>\n<p>Otw\u00f3rz, aby zaczepi\u0107!<br \/>\nWystarczy nacisn\u0105\u0107 dinozaura z ty\u0142u g\u0142owy, aby otworzy\u0107 szcz\u0119ki i przyczepi\u0107 go do plecaka, torby i nie tylko!                            <\/p>\n<p>Doskona\u0142a zabawa!<br \/>\nFigurkami do kolekcjonowania Snap Squad mo\u017cesz si\u0119 bawi\u0107 wsz\u0119dzie i na wiele sposob\u00f3w, przyczepiaj\u0105c je w dowolnym miejscu!                            <\/p>\n<p>Dinozaury do kolekcjonowania, kt\u00f3re pobudzaj\u0105 wyobra\u017ani\u0119<br \/>\nZbieraj figurki ulubionych dinozaur\u00f3w z kolekcji Snap Squad. S\u0105 idealne do zabawy oraz tworzenia kolekcji! Mo\u017cesz zebra\u0107 je wszystkie!<\/p>\n<h2>Mattel Mini Figurka Jurassic World Dinozaur Spinosaurus GGN26 HBX42 Mattel<\/h2>\n<p>bajka terapeutyczna o dokuczaniu, bajki do czytania dla ch\u0142opc\u00f3w, ida swieta wielkanocne ida swieta, kolorowanki pi\u0142karskie<\/p>\n<p>yyyyy<\/p>\n<p>&nbsp;<\/p>\n","protected":false},"excerpt":{"rendered":"<p>Sta\u0144 si\u0119 cz\u0119\u015bci\u0105 przygody Jurassic World! Figurki kolekcjonerskie Snap Squad maj\u0105 gro\u017any wygl\u0105d dinozaur\u00f3w z Jurassic World z\u0142agodzony urocz\u0105 stylistyk\u0105! Zabierz swoich ulubie\u0144c\u00f3w ze sob\u0105! Dinozaury do zabawy maj\u0105 otwierane szcz\u0119ki, wi\u0119c mo\u017cesz przyczepi\u0107 je do dowolnego przedmiotu \u2013 plecaka, torby, odzie\u017cy, a nawet do palc\u00f3w \u2013 i zabra\u0107 ze sob\u0105 wsz\u0119dzie! Ozd\u00f3b buty! Przypnij [&hellip;]<\/p>\n","protected":false},"featured_media":4796,"comment_status":"closed","ping_status":"open","template":"","meta":[],"product_cat":[95,289],"product_tag":[861,758,645,729],"class_list":["post-4795","product","type-product","status-publish","has-post-thumbnail","hentry","product_cat-figurki-makiety-i-zestawy","product_cat-mattel","product_tag-jak-narysowac-psa","product_tag-julian","product_tag-latwe-zagadki","product_tag-madre-bajki-dla-dzieci-do-czytania"],"_links":{"self":[{"href":"http:\/\/klubmamgdynia.pl\/index.php\/wp-json\/wp\/v2\/product\/4795","targetHints":{"allow":["GET"]}}],"collection":[{"href":"http:\/\/klubmamgdynia.pl\/index.php\/wp-json\/wp\/v2\/product"}],"about":[{"href":"http:\/\/klubmamgdynia.pl\/index.php\/wp-json\/wp\/v2\/types\/product"}],"replies":[{"embeddable":true,"href":"http:\/\/klubmamgdynia.pl\/index.php\/wp-json\/wp\/v2\/comments?post=4795"}],"wp:featuredmedia":[{"embeddable":true,"href":"http:\/\/klubmamgdynia.pl\/index.php\/wp-json\/wp\/v2\/media\/4796"}],"wp:attachment":[{"href":"http:\/\/klubmamgdynia.pl\/index.php\/wp-json\/wp\/v2\/media?parent=4795"}],"wp:term":[{"taxonomy":"product_cat","embeddable":true,"href":"http:\/\/klubmamgdynia.pl\/index.php\/wp-json\/wp\/v2\/product_cat?post=4795"},{"taxonomy":"product_tag","embeddable":true,"href":"http:\/\/klubmamgdynia.pl\/index.php\/wp-json\/wp\/v2\/product_tag?post=4795"}],"curies":[{"name":"wp","href":"https:\/\/api.w.org\/{rel}","templated":true}]}}