{"id":4797,"date":"2023-02-03T10:49:27","date_gmt":"2023-02-03T09:49:27","guid":{"rendered":"http:\/\/klubmamgdynia.pl\/?post_type=product&#038;p=4797"},"modified":"2026-04-06T07:46:17","modified_gmt":"2026-04-06T05:46:17","slug":"mattel-jurassic-world-dino-escape-carcharodontosaurus-dinozaur-demolka-hbx39","status":"publish","type":"product","link":"http:\/\/klubmamgdynia.pl\/index.php\/produkt\/mattel-jurassic-world-dino-escape-carcharodontosaurus-dinozaur-demolka-hbx39\/","title":{"rendered":"Mattel Jurassic World Dino Escape &#8211; Carcharodontosaurus dinozaur Demolka HBX39"},"content":{"rendered":"<p>Sta\u0144 si\u0119 cz\u0119\u015bci\u0105 wartkiej akcji i przyg\u00f3d prosto ze \u015bwiata Jurassic World!                            <\/p>\n<p>Te du\u017ce figurki Jurassic World Dinozaur Demolka wydostaj\u0105 si\u0119 z wi\u0119z\u00f3w i s\u0105 gotowe do ataku dzi\u0119ki wyj\u0105tkowym funkcjom.                            <\/p>\n<p>Te figurki z punktami zgi\u0119cia, realistycznym wygl\u0105dem i wiernie odwzorowanymi detalami s\u0105 \u015bwietne do efektownej zabawy i dynamicznego ustawiania. Pobierz aplikacj\u0119 Jurassic World Facts (Android i iOS), aby jeszcze bardziej uatrakcyjni\u0107 zabaw\u0119! Za pomoc\u0105 aplikacji mo\u017cesz zeskanowa\u0107 figurk\u0119 dinozaura, by zobaczy\u0107, jak o\u017cywa, przyjrze\u0107 si\u0119 mu z bliska, us\u0142ysze\u0107 jego ryk, pozna\u0107 ciekawe fakty o tych prehistorycznych zwierz\u0119tach i nie tylko.                            <\/p>\n<p>Jurassic World22 lata po wydarzeniach ukazanych w Parku Jurajskim na wyspie Isla Nublar dzia\u0142a w pe\u0142ni sprawny park rozrywki, kt\u00f3rego g\u0142\u00f3wn\u0105 atrakcj\u0105 s\u0105 przywr\u00f3cone do \u017cycia na drodze klonowania dinozaury. Spe\u0142ni\u0142o si\u0119 wielkie marzenie Johna Hammonda \u2013 park przyci\u0105ga miliony turyst\u00f3w. Wysp\u0105 zarz\u0105dza teraz firma Masrani Corporation, kt\u00f3ra wyci\u0105gn\u0119\u0142a wnioski z tragicznych wydarze\u0144, jakie mia\u0142y miejsce w 1993 roku. Park jest nieustannie strze\u017cony przez ochroniarzy wyposa\u017conych w nowoczesn\u0105 bro\u0144 i pojazdy. Jednak dinozaury zn\u00f3w wymykaj\u0105 si\u0119 spod kontroli&#8230;<\/p>\n<h2>Mattel Jurassic World Dino Escape &#8211; Carcharodontosaurus dinozaur Demolka HBX39 Mattel<\/h2>\n<p>kolorowanka piesek, malowanki \u015bwi\u0105teczne, flagi europy quiz, a \u015bpij kochanie, cyferki do druku, bajka psi patrol do czytania, zabawki na roczek, zagadki logiczne dla dzieci 10 lat do druku, postacie z bajek kolorowanki do wydrukowania, natalia, zagadki o bo\u017cym narodzeniu, bombki do kolorowania, laurka dla mamy rysunek, test detektyw pozytywka, cytat dla mamy, narysowa\u0107 rysunki \u0142atwe, dyplomy szablony pdf, kolorowanki konie do druku, atrakcje do 30 km od wroc\u0142awia, \u015bwinka peppa bajki do czytania<\/p>\n<p>yyyyy<\/p>\n<p>&nbsp;<\/p>\n","protected":false},"excerpt":{"rendered":"<p>Sta\u0144 si\u0119 cz\u0119\u015bci\u0105 wartkiej akcji i przyg\u00f3d prosto ze \u015bwiata Jurassic World! Te du\u017ce figurki Jurassic World Dinozaur Demolka wydostaj\u0105 si\u0119 z wi\u0119z\u00f3w i s\u0105 gotowe do ataku dzi\u0119ki wyj\u0105tkowym funkcjom. Te figurki z punktami zgi\u0119cia, realistycznym wygl\u0105dem i wiernie odwzorowanymi detalami s\u0105 \u015bwietne do efektownej zabawy i dynamicznego ustawiania. Pobierz aplikacj\u0119 Jurassic World Facts [&hellip;]<\/p>\n","protected":false},"featured_media":4798,"comment_status":"closed","ping_status":"open","template":"","meta":[],"product_cat":[95,289],"product_tag":[598,730,646,830,805],"class_list":["post-4797","product","type-product","status-publish","has-post-thumbnail","hentry","product_cat-figurki-makiety-i-zestawy","product_cat-mattel","product_tag-co-na-roczek-dla-dziewczynki","product_tag-karyna","product_tag-prezent-na-pierwsze-urodziny","product_tag-rodzina-cytaty","product_tag-znaczenie-imienia-alan"],"_links":{"self":[{"href":"http:\/\/klubmamgdynia.pl\/index.php\/wp-json\/wp\/v2\/product\/4797","targetHints":{"allow":["GET"]}}],"collection":[{"href":"http:\/\/klubmamgdynia.pl\/index.php\/wp-json\/wp\/v2\/product"}],"about":[{"href":"http:\/\/klubmamgdynia.pl\/index.php\/wp-json\/wp\/v2\/types\/product"}],"replies":[{"embeddable":true,"href":"http:\/\/klubmamgdynia.pl\/index.php\/wp-json\/wp\/v2\/comments?post=4797"}],"wp:featuredmedia":[{"embeddable":true,"href":"http:\/\/klubmamgdynia.pl\/index.php\/wp-json\/wp\/v2\/media\/4798"}],"wp:attachment":[{"href":"http:\/\/klubmamgdynia.pl\/index.php\/wp-json\/wp\/v2\/media?parent=4797"}],"wp:term":[{"taxonomy":"product_cat","embeddable":true,"href":"http:\/\/klubmamgdynia.pl\/index.php\/wp-json\/wp\/v2\/product_cat?post=4797"},{"taxonomy":"product_tag","embeddable":true,"href":"http:\/\/klubmamgdynia.pl\/index.php\/wp-json\/wp\/v2\/product_tag?post=4797"}],"curies":[{"name":"wp","href":"https:\/\/api.w.org\/{rel}","templated":true}]}}