{"id":4799,"date":"2013-12-03T09:27:28","date_gmt":"2013-12-03T08:27:28","guid":{"rendered":"http:\/\/klubmamgdynia.pl\/index.php\/produkt\/mattel-jurrasic-world-minidinozaury-saszetka-ast-fml69\/"},"modified":"2026-04-07T00:18:29","modified_gmt":"2026-04-06T22:18:29","slug":"mattel-jurrasic-world-minidinozaury-saszetka-ast-fml69","status":"publish","type":"product","link":"http:\/\/klubmamgdynia.pl\/index.php\/produkt\/mattel-jurrasic-world-minidinozaury-saszetka-ast-fml69\/","title":{"rendered":"Mattel Jurrasic World Minidinozaury Saszetka Ast. fml69"},"content":{"rendered":"<p>Jurassic World &#8211; Saszetka z figurk\u0105 minidinozaura &#8211; FML69 Niewielka saszetka kryje w sobie wyj\u0105tkow\u0105 niespodziank\u0119! Po otwarciu opakowania, naszym oczom uka\u017ce si\u0119 figurka ma\u0142ego dinozaura. Zbierz ca\u0142\u0105 kolekcj\u0119 tych wyj\u0105tkowych postaci i odtwarzaj sceny znane z filmu Jurassic World! Ka\u017cda z figurek ma ok. 5 cm wysoko\u015bci lub szeroko\u015bci (w zale\u017cno\u015bci od gatunku) i przynajmniej jeden ruchomy punkt. Dinozaury zosta\u0142y wykonane z nale\u017cyt\u0105 staranno\u015bci\u0105 i wyj\u0105tkow\u0105 dba\u0142o\u015bci\u0105 o ka\u017cdy detal, dzi\u0119ki czemu wygl\u0105daj\u0105 jak prawdziwe okazy pojawiaj\u0105ce si\u0119 w filmie! Figurki pasuj\u0105 r\u00f3wnie\u017c do samochodzik\u00f3w z serii Matchbox Jurassic World, co pozwoli na odgrywanie scen widzianych na kinowym ekranie. A mo\u017ce losy tych wyj\u0105tkowych stworze\u0144 potocz\u0105 si\u0119 inaczej? To zale\u017cy ju\u017c tylko od Ciebie! Najnowsza cz\u0119\u015b\u0107 filmu z serii Jurassic World \u2013 Upad\u0142e kr\u00f3lestwo mia\u0142a swoj\u0105 \u015bwiatow\u0105 i polsk\u0105 premier\u0119 w czerwcu 2018 roku, a inspirowane hitem kinowym zabawki s\u0105 ju\u017c dost\u0119pne w sprzeda\u017cy. Zosta\u0142y wyprodukowane przez jedn\u0105 z najwi\u0119kszych marek \u2013 firm\u0119 Mattel, kt\u00f3ra zawsze dba o wysok\u0105 jako\u015b\u0107 zabawek i rzeczywiste odwzorowanie postaci filmowych i bajkowych. Nie inaczej jest w tym przypadku! W ramach serii stworzono fantastyczne figurki dinozaur\u00f3w z ruchomymi cz\u0119\u015bciami cia\u0142a, a tak\u017ce zestawy z figurkami bohater\u00f3w i akcesoriami do zabawy (bro\u0144, charakterystyczne dodatki, gad\u017cety). G\u0142\u00f3wnymi postaciami Upad\u0142ego Kr\u00f3lestwa b\u0119d\u0105 Owen i Claire, kt\u00f3rzy do\u0142o\u017c\u0105 wszelkich stara\u0144, by uratowa\u0107 dinozaury, kt\u00f3rym zagra\u017ca budz\u0105cy si\u0119 do \u017cycia (wcze\u015bniej u\u015bpiony) wulkan. Za pomoc\u0105 figurek dzieci mog\u0105 odgrywa\u0107 ulubione sceny z filmy lub wymy\u015bla\u0107 w\u0142asne scenariusze. Plastikowe postaci i dinozaury stworz\u0105 fantastyczn\u0105 kolekcj\u0119 ma\u0142ego fana Parku Jurajskiego. Jurassic World &#8211; Saszetka z figurk\u0105 minidinozaura &#8211; FML69 &#8211; informacje dodatkowe: Producent: Mattel Seria: Jurassic World Numer katalogowy: FML69 Wiek dziecka: + 3 lata Wymiary opakowania: 15 cm x 8 cm x 4 cm<\/p>\n<h2>Mattel Jurrasic World Minidinozaury Saszetka Ast. fml69 Mattel<\/h2>\n<p>bajka o miko\u0142aju do czytania, ko\u0142ysanka tekst, rebusy i krzy\u017c\u00f3wki dla dzieci do druku, pokemon kolorowanki, prezenty roczek, platformy edukacyjne dla dzieci, babciu droga babciu tekst, \u015bwi\u0105teczne filmy familijne, kolorowanki konie z je\u017ad\u017acem, a \u015bpij kochanie, \u0142ama\u0144ce j\u0119zykowe dla dzieci, prank na prima aprilis, kolorowanka lol do druku, wydarzenia dla dzieci warszawa, zagadki logiczne, kolorowanki pokemon, kolorowanka minionki, pomys\u0142 na prezent dla nastolatka<\/p>\n<p>yyyyy<\/p>\n<p>&nbsp;<\/p>\n","protected":false},"excerpt":{"rendered":"<p>Jurassic World &#8211; Saszetka z figurk\u0105 minidinozaura &#8211; FML69 Niewielka saszetka kryje w sobie wyj\u0105tkow\u0105 niespodziank\u0119! Po otwarciu opakowania, naszym oczom uka\u017ce si\u0119 figurka ma\u0142ego dinozaura. Zbierz ca\u0142\u0105 kolekcj\u0119 tych wyj\u0105tkowych postaci i odtwarzaj sceny znane z filmu Jurassic World! Ka\u017cda z figurek ma ok. 5 cm wysoko\u015bci lub szeroko\u015bci (w zale\u017cno\u015bci od gatunku) i [&hellip;]<\/p>\n","protected":false},"featured_media":4800,"comment_status":"closed","ping_status":"open","template":"","meta":[],"product_cat":[95,289],"product_tag":[742,778,608,812],"class_list":["post-4799","product","type-product","status-publish","has-post-thumbnail","hentry","product_cat-figurki-makiety-i-zestawy","product_cat-mattel","product_tag-piosenki-dla-dzieci-tekst","product_tag-zabawki-na-roczek-dla-chlopca","product_tag-zagadki-i-odpowiedzi","product_tag-zagadki-logiczne-na-inteligencje"],"_links":{"self":[{"href":"http:\/\/klubmamgdynia.pl\/index.php\/wp-json\/wp\/v2\/product\/4799","targetHints":{"allow":["GET"]}}],"collection":[{"href":"http:\/\/klubmamgdynia.pl\/index.php\/wp-json\/wp\/v2\/product"}],"about":[{"href":"http:\/\/klubmamgdynia.pl\/index.php\/wp-json\/wp\/v2\/types\/product"}],"replies":[{"embeddable":true,"href":"http:\/\/klubmamgdynia.pl\/index.php\/wp-json\/wp\/v2\/comments?post=4799"}],"wp:featuredmedia":[{"embeddable":true,"href":"http:\/\/klubmamgdynia.pl\/index.php\/wp-json\/wp\/v2\/media\/4800"}],"wp:attachment":[{"href":"http:\/\/klubmamgdynia.pl\/index.php\/wp-json\/wp\/v2\/media?parent=4799"}],"wp:term":[{"taxonomy":"product_cat","embeddable":true,"href":"http:\/\/klubmamgdynia.pl\/index.php\/wp-json\/wp\/v2\/product_cat?post=4799"},{"taxonomy":"product_tag","embeddable":true,"href":"http:\/\/klubmamgdynia.pl\/index.php\/wp-json\/wp\/v2\/product_tag?post=4799"}],"curies":[{"name":"wp","href":"https:\/\/api.w.org\/{rel}","templated":true}]}}