{"id":48,"date":"2013-03-08T04:04:47","date_gmt":"2013-03-08T03:04:47","guid":{"rendered":"http:\/\/klubmamgdynia.pl\/index.php\/produkt\/zobavi-zolnierzyki-zestaw-300-szt-wojsko\/"},"modified":"2026-04-05T21:39:46","modified_gmt":"2026-04-05T19:39:46","slug":"zobavi-zolnierzyki-zestaw-300-szt-wojsko","status":"publish","type":"product","link":"http:\/\/klubmamgdynia.pl\/index.php\/produkt\/zobavi-zolnierzyki-zestaw-300-szt-wojsko\/","title":{"rendered":"Zobavi \u017bo\u0142nierzyki zestaw 300 szt wojsko"},"content":{"rendered":"<p>Mamy okazj\u0119 zaoferowa\u0107 Pa\u0144stwu:oryginalnie zapakowany,nowy,wyj\u0105tkowy,edukacyjny,wykonany z pierwszej klasy plastikuZestaw wojskowy idealny dla ka\u017cdego ch\u0142opca lubi\u0105cego bawi\u0107 si\u0119 zabawkami militarnymi (998-2).Z tym zestawem twoja pociecha b\u0119dzie mog\u0142a stworzy\u0107 armi\u0119 i odgrywa\u0107 wypraw\u0119 wojenn\u0105.Zestaw nadaj\u0119 si\u0119 do zabawy w pojedynk\u0119 jak i w grupie.\u017bo\u0142nierzyki zapakowane s\u0105 w przezroczyst\u0105 foli\u0119.Zawarto\u015b\u0107 zestawu:300 sztuk \u017co\u0142nierzyk\u00f3w w 3 kolorach (zielony, czerwony, srebrny), w r\u00f3\u017cnych pozach,3 flagi (Wielka Brytania, Niemcy, Rosja).Wymiary:\u017co\u0142nierzyk ok. 3,5 cm x 3 cm,flaga z podstawk\u0105 ok. 9 cm x 4,5 cm,Wymiary opakowania ok. 19,5 cm x 14 cm x 9,5 cmZabawka przeznaczona jest dla dzieci od 3-go roku \u017cycia i posiada certyfikat CE.<\/p>\n<h2>Zobavi \u017bo\u0142nierzyki zestaw 300 szt wojsko Ramiz<\/h2>\n<p>zagadki dla dzieci z odpowiedziami, test magiczne drzewo czerwone krzes\u0142o, roczek prezent, kolorowanka potwory, wpad\u0142a bomba do piwnicy<\/p>\n<p>yyyyy<\/p>\n<p>&nbsp;<\/p>\n","protected":false},"excerpt":{"rendered":"<p>Mamy okazj\u0119 zaoferowa\u0107 Pa\u0144stwu:oryginalnie zapakowany,nowy,wyj\u0105tkowy,edukacyjny,wykonany z pierwszej klasy plastikuZestaw wojskowy idealny dla ka\u017cdego ch\u0142opca lubi\u0105cego bawi\u0107 si\u0119 zabawkami militarnymi (998-2).Z tym zestawem twoja pociecha b\u0119dzie mog\u0142a stworzy\u0107 armi\u0119 i odgrywa\u0107 wypraw\u0119 wojenn\u0105.Zestaw nadaj\u0119 si\u0119 do zabawy w pojedynk\u0119 jak i w grupie.\u017bo\u0142nierzyki zapakowane s\u0105 w przezroczyst\u0105 foli\u0119.Zawarto\u015b\u0107 zestawu:300 sztuk \u017co\u0142nierzyk\u00f3w w 3 kolorach (zielony, czerwony, [&hellip;]<\/p>\n","protected":false},"featured_media":49,"comment_status":"closed","ping_status":"open","template":"","meta":[],"product_cat":[36,40],"product_tag":[747,840,632,701],"class_list":["post-48","product","type-product","status-publish","has-post-thumbnail","hentry","product_cat-ramiz","product_cat-zabawki-militarne","product_tag-malowanki-do-druku","product_tag-stare-bajki","product_tag-warszawa-atrakcje-dla-mlodziezy","product_tag-zgadywanki-dla-dzieci"],"_links":{"self":[{"href":"http:\/\/klubmamgdynia.pl\/index.php\/wp-json\/wp\/v2\/product\/48","targetHints":{"allow":["GET"]}}],"collection":[{"href":"http:\/\/klubmamgdynia.pl\/index.php\/wp-json\/wp\/v2\/product"}],"about":[{"href":"http:\/\/klubmamgdynia.pl\/index.php\/wp-json\/wp\/v2\/types\/product"}],"replies":[{"embeddable":true,"href":"http:\/\/klubmamgdynia.pl\/index.php\/wp-json\/wp\/v2\/comments?post=48"}],"wp:featuredmedia":[{"embeddable":true,"href":"http:\/\/klubmamgdynia.pl\/index.php\/wp-json\/wp\/v2\/media\/49"}],"wp:attachment":[{"href":"http:\/\/klubmamgdynia.pl\/index.php\/wp-json\/wp\/v2\/media?parent=48"}],"wp:term":[{"taxonomy":"product_cat","embeddable":true,"href":"http:\/\/klubmamgdynia.pl\/index.php\/wp-json\/wp\/v2\/product_cat?post=48"},{"taxonomy":"product_tag","embeddable":true,"href":"http:\/\/klubmamgdynia.pl\/index.php\/wp-json\/wp\/v2\/product_tag?post=48"}],"curies":[{"name":"wp","href":"https:\/\/api.w.org\/{rel}","templated":true}]}}