{"id":4801,"date":"2013-08-23T16:42:14","date_gmt":"2013-08-23T14:42:14","guid":{"rendered":"http:\/\/klubmamgdynia.pl\/index.php\/produkt\/mattel-jurassic-world-mega-szczeki-sarcosuchus-gjp32-gvg68\/"},"modified":"2026-04-28T21:08:36","modified_gmt":"2026-04-28T19:08:36","slug":"mattel-jurassic-world-mega-szczeki-sarcosuchus-gjp32-gvg68","status":"publish","type":"product","link":"http:\/\/klubmamgdynia.pl\/index.php\/produkt\/mattel-jurassic-world-mega-szczeki-sarcosuchus-gjp32-gvg68\/","title":{"rendered":"Mattel Jurassic World Mega Szcz\u0119ki Sarcosuchus GJP32 GVG68"},"content":{"rendered":"<p>Sta\u0144 si\u0119 cz\u0119\u015bci\u0105 przygody Jurassic World! Wi\u0119ksza figurka dinozaura z linii Jurassic World Megaszcz\u0119ki ma zupe\u0142nie now\u0105 funkcj\u0119 \u201epierwotnego uderzenia\u201d, kt\u00f3ra umo\u017cliwia kontrolowanie walki za pomoc\u0105 ogona.\u00a0                            <\/p>\n<p>Przesu\u0144 ogon z boku na bok, by aktywowa\u0107 ruch g\u0142ow\u0105. Porusz ogonem w g\u00f3r\u0119 i obr\u00f3\u0107 go, by drapie\u017cnik kr\u0119ci\u0142 szyj\u0105. Gdy wykonasz ruch ogonem, dinozaur k\u0142apnie paszcz\u0105! Aktywuj wszystkie ruchy naraz, aby figurka porusza\u0142a si\u0119 jeszcze bardziej dynamicznie. Mo\u017cesz te\u017c nacisn\u0105\u0107 przycisk na ogonie, aby porusza\u0107 szcz\u0119kami, co jeszcze podniesie emocje podczas walki!                            <\/p>\n<p>Zbierz wszystkie figurki dinozaur\u00f3w z linii Megaszcz\u0119ki i odtwarzaj epickie sceny walki z filmu Jurassic World lub tw\u00f3rz w\u0142asne prehistoryczne przygody! Aby mie\u0107 jeszcze wi\u0119cej zabawy z dinozaurami, pobierz aplikacj\u0119 Jurassic World Facts (na Androida lub iOS), zeskanuj figurk\u0119 i zobacz, jak dinozaur o\u017cywa, przyjrzyj si\u0119 mu z bliska, pos\u0142uchaj, jak ryczy, dowiedz si\u0119 kilku ciekawych informacji na jego temat i nie tylko! Sprzedawane oddzielnie w zale\u017cno\u015bci od dost\u0119pno\u015bci. Kolory i elementy dekoracyjne mog\u0105 si\u0119 r\u00f3\u017cni\u0107. Dla dzieci od 4 roku \u017cycia.                            <\/p>\n<p>            Mattel Jurassic World Mega Szcz\u0119ki Albertosaurus GJP32 GVG67<\/p>\n<p>            Mattel Jurassic World Mega Szcz\u0119ki Sarcosuchus GJP32 GVG68<\/p>\n<h2>Mattel Jurassic World Mega Szcz\u0119ki Sarcosuchus GJP32 GVG68 Mattel<\/h2>\n<p>quiz kajko i kokosz szko\u0142a latania, kolorowanki antystresowe do druku, karyna, kolorowanki do druku lol, co mo\u017cna zrobi\u0107 z rolek po papierze toaletowym, gry planszowe dla m\u0142odzie\u017cy, pomys\u0142 na prezent dla nastolatka, zagadki dla 6 latka, ewelina, ozdoby wielkanocne kt\u00f3re mog\u0105 zrobi\u0107 dzieci, quizy znaki drogowe, mamo mamusiu pusto w mym brzusiu tekst, psi patrol kolorowanka, melania imi\u0119, bajki do czytania online, list do gwiazdora, felix net i nika oraz gang niewidzialnych ludzi test z odpowiedziami, zagadki \u015bmieszne podchwytliwe, milena imie, niezapomniany prezent na roczek<\/p>\n<p>yyyyy<\/p>\n<p>&nbsp;<\/p>\n","protected":false},"excerpt":{"rendered":"<p>Sta\u0144 si\u0119 cz\u0119\u015bci\u0105 przygody Jurassic World! Wi\u0119ksza figurka dinozaura z linii Jurassic World Megaszcz\u0119ki ma zupe\u0142nie now\u0105 funkcj\u0119 \u201epierwotnego uderzenia\u201d, kt\u00f3ra umo\u017cliwia kontrolowanie walki za pomoc\u0105 ogona.\u00a0 Przesu\u0144 ogon z boku na bok, by aktywowa\u0107 ruch g\u0142ow\u0105. Porusz ogonem w g\u00f3r\u0119 i obr\u00f3\u0107 go, by drapie\u017cnik kr\u0119ci\u0142 szyj\u0105. Gdy wykonasz ruch ogonem, dinozaur k\u0142apnie paszcz\u0105! [&hellip;]<\/p>\n","protected":false},"featured_media":4802,"comment_status":"closed","ping_status":"open","template":"","meta":[],"product_cat":[95,289],"product_tag":[829,741,693],"class_list":["post-4801","product","type-product","status-publish","has-post-thumbnail","hentry","product_cat-figurki-makiety-i-zestawy","product_cat-mattel","product_tag-bajki-do-czytania-na-dobranoc","product_tag-wlochy","product_tag-zagadki-dla-doroslych"],"_links":{"self":[{"href":"http:\/\/klubmamgdynia.pl\/index.php\/wp-json\/wp\/v2\/product\/4801","targetHints":{"allow":["GET"]}}],"collection":[{"href":"http:\/\/klubmamgdynia.pl\/index.php\/wp-json\/wp\/v2\/product"}],"about":[{"href":"http:\/\/klubmamgdynia.pl\/index.php\/wp-json\/wp\/v2\/types\/product"}],"replies":[{"embeddable":true,"href":"http:\/\/klubmamgdynia.pl\/index.php\/wp-json\/wp\/v2\/comments?post=4801"}],"wp:featuredmedia":[{"embeddable":true,"href":"http:\/\/klubmamgdynia.pl\/index.php\/wp-json\/wp\/v2\/media\/4802"}],"wp:attachment":[{"href":"http:\/\/klubmamgdynia.pl\/index.php\/wp-json\/wp\/v2\/media?parent=4801"}],"wp:term":[{"taxonomy":"product_cat","embeddable":true,"href":"http:\/\/klubmamgdynia.pl\/index.php\/wp-json\/wp\/v2\/product_cat?post=4801"},{"taxonomy":"product_tag","embeddable":true,"href":"http:\/\/klubmamgdynia.pl\/index.php\/wp-json\/wp\/v2\/product_tag?post=4801"}],"curies":[{"name":"wp","href":"https:\/\/api.w.org\/{rel}","templated":true}]}}