{"id":4805,"date":"2024-12-08T01:15:02","date_gmt":"2024-12-08T00:15:02","guid":{"rendered":"http:\/\/klubmamgdynia.pl\/?post_type=product&#038;p=4805"},"modified":"2026-04-30T20:08:41","modified_gmt":"2026-04-30T18:08:41","slug":"kiddymoon-partners-szesciokat-skladany-ks-100x-z-pileczkami-6cm-zabawka-kojec-szary-zolty-zielony-niebieski-czerwony-pomarancz","status":"publish","type":"product","link":"http:\/\/klubmamgdynia.pl\/index.php\/produkt\/kiddymoon-partners-szesciokat-skladany-ks-100x-z-pileczkami-6cm-zabawka-kojec-szary-zolty-zielony-niebieski-czerwony-pomarancz\/","title":{"rendered":"Kiddymoon Partners Sze\u015bciok\u0105t Sk\u0142adany Ks-100X Z Pi\u0142eczkami 6Cm Zabawka Kojec Szary \u017b\u00f3\u0142ty-Zielony-Niebieski-Czerwony-Pomara\u0144cz"},"content":{"rendered":"<p>Sk\u0142adany sze\u015bciok\u0105tny kojec z plastikowymi pi\u0142kami zapewni Twojemu dziecku godziny zabawy. Bezpieczna, zamkni\u0119ta przestrze\u0144 pozwala ma\u0142ym dzieciom na swobodn\u0105 zabaw\u0119. Jednocze\u015bnie kojec mo\u017cna w \u0142atwy spos\u00f3b z\u0142o\u017cy\u0107, dzi\u0119ki czemu mo\u017cna go schowa\u0107, lub zabra\u0107 ze sob\u0105 na wczasy, piknik, czy do znajomych. Jedna ze \u015bcianek jest wyposa\u017cona w siatkowy kosz do koszyk\u00f3wki umo\u017cliwiaj\u0105c ma\u0142ym dzieciom rywalizacj\u0119 w grze zespo\u0142owej.W\u0141A\u015aCIWO\u015aCI- stabilna konstrukcja z aluminiowymi rurkami umo\u017cliwia \u0142atwo go z\u0142o\u017cy\u0107 i roz\u0142o\u017cy\u0107- kojec wyposa\u017cony w boczne wej\u015bcie z zamkiem b\u0142yskawicznym u\u0142atwiaj\u0105ce ma\u0142ym dzieciom wej\u015bcie i wyj\u015bcie- boczne \u015bcianki wykonane z siatki umo\u017cliwiaj\u0105 obserwacj\u0119 dzieci podczas zabawy, ortalion o wysokiej gramaturze jest wytrzyma\u0142y i nie strz\u0119pi si\u0119- zamkni\u0119ta konstrukcja utrzymuje pi\u0142eczki wewn\u0105trz pomagaj\u0105c zachowa\u0107 porz\u0105dek w pomieszczeniu lub na zewn\u0105trz- delikatne kolory materia\u0142u i mn\u00f3stwo kombinacji pi\u0142ek pozwalaj\u0105 dobra\u0107 odpowiedni wariant dla Twojego malucha lub dostosowa\u0107 kojec do ka\u017cdego wn\u0119trza- wyprodukowany z bezpiecznych, nietoksycznych materia\u0142\u00f3w- g\u0142adka powierzchnia, \u0142atwa do utrzymania w czysto\u015bciSK\u0141AD: ortalion &#8211; 100% poliesterWYMIARY: 63&#215;64 cm, \u015brednica 128 cmW zestawie znajduje si\u0119 200-600 kolorowych pi\u0142ek o \u015brednicy 6 cm. Pi\u0142eczki wyprodukowane s\u0105 w Europie z nietoksycznego materia\u0142u. Posiadaj\u0105 certyfikat CE. Przyjemne i lekkie, a zarazem elastyczne i odporne na zniekszta\u0142cenia : po \u015bci\u015bni\u0119ciu odzyskuj\u0105 sw\u00f3j pierwotny kszta\u0142t nie robi\u0105c dziecku krzywdy.SK\u0141AD: 100% polietylenZabawa powinna odbywa\u0107 si\u0119 pod nadzorem osoby doros\u0142ej.<\/p>\n<h2>Kiddymoon Partners Sze\u015bciok\u0105t Sk\u0142adany Ks-100X Z Pi\u0142eczkami 6Cm Zabawka Kojec Szary \u017b\u00f3\u0142ty-Zielony-Niebieski-Czerwony-Pomara\u0144cz Selonis<\/h2>\n<p>misie z film\u00f3w animowanych, pomysly na prima aprilis, zagadki logiczne i odpowiedzi, pierwsze urodziny prezent na roczek dla ch\u0142opca, mia i ja kolorowanka, skye kolorowanka, prezent dla ch\u0142opca na roczek, zagadki na logike, historia pluszowego misia, kr\u00f3tkie bajki do czytania pdf, fajne rzeczy dla nastolatk\u00f3w, test miko\u0142ajek 25 pyta\u0144, kolorowanki do druku dla dziewczyn, a \u015bpij kochanie, lego ninjago kolorowanki, zabawki na roczek dla dziewczynki, kolorowanka uk\u0142ad s\u0142oneczny dla dzieci do druku, zabawki na roczek dla dziewczynki<\/p>\n<p>yyyyy<\/p>\n<p>&nbsp;<\/p>\n","protected":false},"excerpt":{"rendered":"<p>Sk\u0142adany sze\u015bciok\u0105tny kojec z plastikowymi pi\u0142kami zapewni Twojemu dziecku godziny zabawy. Bezpieczna, zamkni\u0119ta przestrze\u0144 pozwala ma\u0142ym dzieciom na swobodn\u0105 zabaw\u0119. Jednocze\u015bnie kojec mo\u017cna w \u0142atwy spos\u00f3b z\u0142o\u017cy\u0107, dzi\u0119ki czemu mo\u017cna go schowa\u0107, lub zabra\u0107 ze sob\u0105 na wczasy, piknik, czy do znajomych. Jedna ze \u015bcianek jest wyposa\u017cona w siatkowy kosz do koszyk\u00f3wki umo\u017cliwiaj\u0105c ma\u0142ym dzieciom [&hellip;]<\/p>\n","protected":false},"featured_media":4806,"comment_status":"closed","ping_status":"open","template":"","meta":[],"product_cat":[1256,1263],"product_tag":[750,699,807,655,856,629],"class_list":["post-4805","product","type-product","status-publish","has-post-thumbnail","hentry","product_cat-kojce","product_cat-selonis","product_tag-imie-kostek","product_tag-kolorowanki-do-druku-dla-dziewczyn","product_tag-logiczne-zagadki","product_tag-najlepsze-zagadki","product_tag-prezent-dla-16-latki","product_tag-smieszne-zagadki-z-odpowiedziami"],"_links":{"self":[{"href":"http:\/\/klubmamgdynia.pl\/index.php\/wp-json\/wp\/v2\/product\/4805","targetHints":{"allow":["GET"]}}],"collection":[{"href":"http:\/\/klubmamgdynia.pl\/index.php\/wp-json\/wp\/v2\/product"}],"about":[{"href":"http:\/\/klubmamgdynia.pl\/index.php\/wp-json\/wp\/v2\/types\/product"}],"replies":[{"embeddable":true,"href":"http:\/\/klubmamgdynia.pl\/index.php\/wp-json\/wp\/v2\/comments?post=4805"}],"wp:featuredmedia":[{"embeddable":true,"href":"http:\/\/klubmamgdynia.pl\/index.php\/wp-json\/wp\/v2\/media\/4806"}],"wp:attachment":[{"href":"http:\/\/klubmamgdynia.pl\/index.php\/wp-json\/wp\/v2\/media?parent=4805"}],"wp:term":[{"taxonomy":"product_cat","embeddable":true,"href":"http:\/\/klubmamgdynia.pl\/index.php\/wp-json\/wp\/v2\/product_cat?post=4805"},{"taxonomy":"product_tag","embeddable":true,"href":"http:\/\/klubmamgdynia.pl\/index.php\/wp-json\/wp\/v2\/product_tag?post=4805"}],"curies":[{"name":"wp","href":"https:\/\/api.w.org\/{rel}","templated":true}]}}