{"id":4809,"date":"2021-08-13T10:03:52","date_gmt":"2021-08-13T08:03:52","guid":{"rendered":"http:\/\/klubmamgdynia.pl\/index.php\/produkt\/cybex-lemo-2-pasy-do-zestawu-baby-set-light-grey\/"},"modified":"2026-04-06T02:50:24","modified_gmt":"2026-04-06T00:50:24","slug":"cybex-lemo-2-pasy-do-zestawu-baby-set-light-grey","status":"publish","type":"product","link":"http:\/\/klubmamgdynia.pl\/index.php\/produkt\/cybex-lemo-2-pasy-do-zestawu-baby-set-light-grey\/","title":{"rendered":"Cybex Lemo 2 Pasy Do Zestawu Baby Set Light Grey"},"content":{"rendered":"<p>Cybex Lemo 2 &#8211; pasy do zestawu Baby SetKolor\/wz\u00f3r: Light GreyPasy do siedziska Baby Set dzi\u0119ki kt\u00f3rym Twoje dziecko b\u0119dzie bezpieczne podczas samodzielnego siedzenia w krzese\u0142ku Lemo 2. Pasy s\u0105 \u0142atwe do zamontowania i posiadaj\u0105 regulacj\u0119 w celu dopasowania do potrzeb dziecka.<\/p>\n<h2>Cybex Lemo 2 Pasy Do Zestawu Baby Set Light Grey Cybex<\/h2>\n<p>dzie\u0144 pluszowego misia, imi\u0119 kostek, co kupi\u0107 na roczek dla ch\u0142opca, nauka zegara do druku, zabawka na roczek dla dziewczynki, quizy dla dzieci 10 lat<\/p>\n<p>yyyyy<\/p>\n<p>&nbsp;<\/p>\n","protected":false},"excerpt":{"rendered":"<p>Cybex Lemo 2 &#8211; pasy do zestawu Baby SetKolor\/wz\u00f3r: Light GreyPasy do siedziska Baby Set dzi\u0119ki kt\u00f3rym Twoje dziecko b\u0119dzie bezpieczne podczas samodzielnego siedzenia w krzese\u0142ku Lemo 2. Pasy s\u0105 \u0142atwe do zamontowania i posiadaj\u0105 regulacj\u0119 w celu dopasowania do potrzeb dziecka. Cybex Lemo 2 Pasy Do Zestawu Baby Set Light Grey Cybex dzie\u0144 pluszowego [&hellip;]<\/p>\n","protected":false},"featured_media":4810,"comment_status":"closed","ping_status":"open","template":"","meta":[],"product_cat":[34,158],"product_tag":[734,621,841,782,811,712],"class_list":["post-4809","product","type-product","status-publish","has-post-thumbnail","hentry","product_cat-cybex","product_cat-krzeselka-do-karmienia","product_tag-milan-imie","product_tag-prezenty-roczek","product_tag-quiz-o-flagach","product_tag-zagadki-dla-dzieci-z-odpowiedziami","product_tag-zagadki-logiczne-dla-dzieci","product_tag-zagadki-o-zwierzetach"],"_links":{"self":[{"href":"http:\/\/klubmamgdynia.pl\/index.php\/wp-json\/wp\/v2\/product\/4809","targetHints":{"allow":["GET"]}}],"collection":[{"href":"http:\/\/klubmamgdynia.pl\/index.php\/wp-json\/wp\/v2\/product"}],"about":[{"href":"http:\/\/klubmamgdynia.pl\/index.php\/wp-json\/wp\/v2\/types\/product"}],"replies":[{"embeddable":true,"href":"http:\/\/klubmamgdynia.pl\/index.php\/wp-json\/wp\/v2\/comments?post=4809"}],"wp:featuredmedia":[{"embeddable":true,"href":"http:\/\/klubmamgdynia.pl\/index.php\/wp-json\/wp\/v2\/media\/4810"}],"wp:attachment":[{"href":"http:\/\/klubmamgdynia.pl\/index.php\/wp-json\/wp\/v2\/media?parent=4809"}],"wp:term":[{"taxonomy":"product_cat","embeddable":true,"href":"http:\/\/klubmamgdynia.pl\/index.php\/wp-json\/wp\/v2\/product_cat?post=4809"},{"taxonomy":"product_tag","embeddable":true,"href":"http:\/\/klubmamgdynia.pl\/index.php\/wp-json\/wp\/v2\/product_tag?post=4809"}],"curies":[{"name":"wp","href":"https:\/\/api.w.org\/{rel}","templated":true}]}}