{"id":4813,"date":"2014-05-17T16:39:09","date_gmt":"2014-05-17T14:39:09","guid":{"rendered":"http:\/\/klubmamgdynia.pl\/index.php\/produkt\/buty-nike-air-force-1-07-ct2302-002\/"},"modified":"2026-05-01T17:13:19","modified_gmt":"2026-05-01T15:13:19","slug":"buty-nike-air-force-1-07-ct2302-002","status":"publish","type":"product","link":"http:\/\/klubmamgdynia.pl\/index.php\/produkt\/buty-nike-air-force-1-07-ct2302-002\/","title":{"rendered":"Buty Nike Air Force 1 \u201907 &#8211; CT2302-002"},"content":{"rendered":"<p>Buty Nike Air Force 1 \u201907 to nowa ods\u0142ona kultowego modelu do koszyk\u00f3wki. Wyrazista sk\u00f3ra, odwa\u017cne kolory i odpowiednia ilo\u015b\u0107 blasku wci\u0105\u017c przywodz\u0105 na my\u015bl ich najbardziej klasyczne wydanie oraz dodadz\u0105 splendoru ka\u017cdej stylizacji. Amortyzacja Nike Air zaprojektowana z my\u015bl\u0105 o koszyk\u00f3wce odpowiada za lekko\u015b\u0107 i ca\u0142odzienn\u0105 wygod\u0119.<\/p>\n<h2>Buty Nike Air Force 1 \u201907 &#8211; CT2302-002 Nike<\/h2>\n<p>przek\u0105ski na urodziny dziecka, sta\u0142a pod \u015bniegiem, co kupi\u0107 nastolatce na urodziny, kolorowanki miasto, tymoteusz znaczenie imienia, marianna imi\u0119, przyja\u017a\u0144 cytaty<\/p>\n<p>yyyyy<\/p>\n<p>&nbsp;<\/p>\n","protected":false},"excerpt":{"rendered":"<p>Buty Nike Air Force 1 \u201907 to nowa ods\u0142ona kultowego modelu do koszyk\u00f3wki. Wyrazista sk\u00f3ra, odwa\u017cne kolory i odpowiednia ilo\u015b\u0107 blasku wci\u0105\u017c przywodz\u0105 na my\u015bl ich najbardziej klasyczne wydanie oraz dodadz\u0105 splendoru ka\u017cdej stylizacji. Amortyzacja Nike Air zaprojektowana z my\u015bl\u0105 o koszyk\u00f3wce odpowiada za lekko\u015b\u0107 i ca\u0142odzienn\u0105 wygod\u0119. Buty Nike Air Force 1 \u201907 &#8211; [&hellip;]<\/p>\n","protected":false},"featured_media":4814,"comment_status":"closed","ping_status":"open","template":"","meta":[],"product_cat":[257,1266],"product_tag":[827,612,607],"class_list":["post-4813","product","type-product","status-publish","has-post-thumbnail","hentry","product_cat-buty-sportowe-meskie","product_cat-nike","product_tag-bajki-dla-niemowlat","product_tag-kolorowanki-do-druku","product_tag-zarty-na-prima-aprilis-dla-rodzicow"],"_links":{"self":[{"href":"http:\/\/klubmamgdynia.pl\/index.php\/wp-json\/wp\/v2\/product\/4813","targetHints":{"allow":["GET"]}}],"collection":[{"href":"http:\/\/klubmamgdynia.pl\/index.php\/wp-json\/wp\/v2\/product"}],"about":[{"href":"http:\/\/klubmamgdynia.pl\/index.php\/wp-json\/wp\/v2\/types\/product"}],"replies":[{"embeddable":true,"href":"http:\/\/klubmamgdynia.pl\/index.php\/wp-json\/wp\/v2\/comments?post=4813"}],"wp:featuredmedia":[{"embeddable":true,"href":"http:\/\/klubmamgdynia.pl\/index.php\/wp-json\/wp\/v2\/media\/4814"}],"wp:attachment":[{"href":"http:\/\/klubmamgdynia.pl\/index.php\/wp-json\/wp\/v2\/media?parent=4813"}],"wp:term":[{"taxonomy":"product_cat","embeddable":true,"href":"http:\/\/klubmamgdynia.pl\/index.php\/wp-json\/wp\/v2\/product_cat?post=4813"},{"taxonomy":"product_tag","embeddable":true,"href":"http:\/\/klubmamgdynia.pl\/index.php\/wp-json\/wp\/v2\/product_tag?post=4813"}],"curies":[{"name":"wp","href":"https:\/\/api.w.org\/{rel}","templated":true}]}}