{"id":4815,"date":"2022-06-16T22:05:28","date_gmt":"2022-06-16T20:05:28","guid":{"rendered":"http:\/\/klubmamgdynia.pl\/index.php\/produkt\/kidwell-fanko-kojec-180x200-gray\/"},"modified":"2026-05-17T22:31:11","modified_gmt":"2026-05-17T20:31:11","slug":"kidwell-fanko-kojec-180x200-gray","status":"publish","type":"product","link":"http:\/\/klubmamgdynia.pl\/index.php\/produkt\/kidwell-fanko-kojec-180x200-gray\/","title":{"rendered":"Kidwell Fanko Kojec 180&#215;200 Gray"},"content":{"rendered":"<p>Kidwell Fanko Kojec 180&#215;200 GrayFanko to funkcjonalny, przestronny i bezpieczny kojec dla dziecka.<\/p>\n<h2>Kidwell Fanko Kojec 180&#215;200 Gray Kidwell<\/h2>\n<p>quiz bo\u017ce narodzenie, filmy disneya, smok wawelski bajka, cytat rodzina, trudne zagadki, kolorowe listki tekst, bajki dla dzieci za darmo, atrakcje dla dzieci trojmiasto, m\u0105dre bajki dla dzieci do czytania, kira, ida swieta wielkanocne ida swieta, zagadki dla starszych dzieci, anio\u0142ki w niebie pisz\u0105, anio\u0142ki w niebie pisz\u0105, lucyna, laurka kolorowanki na dzie\u0144 mamy, mini zoo mazowieckie, zagadki logiczne dla doros\u0142ych, prezent dla nastolatk\u00f3w na \u015bwi\u0119ta, olaf znaczenie imienia<\/p>\n<p>yyyyy<\/p>\n<p>&nbsp;<\/p>\n","protected":false},"excerpt":{"rendered":"<p>Kidwell Fanko Kojec 180&#215;200 GrayFanko to funkcjonalny, przestronny i bezpieczny kojec dla dziecka. Kidwell Fanko Kojec 180&#215;200 Gray Kidwell quiz bo\u017ce narodzenie, filmy disneya, smok wawelski bajka, cytat rodzina, trudne zagadki, kolorowe listki tekst, bajki dla dzieci za darmo, atrakcje dla dzieci trojmiasto, m\u0105dre bajki dla dzieci do czytania, kira, ida swieta wielkanocne ida swieta, [&hellip;]<\/p>\n","protected":false},"featured_media":4816,"comment_status":"closed","ping_status":"open","template":"","meta":[],"product_cat":[1232,1256],"product_tag":[828,753,674,606,636,588],"class_list":["post-4815","product","type-product","status-publish","has-post-thumbnail","hentry","product_cat-kidwell","product_cat-kojce","product_tag-filmy-wigilijne-dla-dzieci","product_tag-kamila","product_tag-miasto-dzieci","product_tag-stala-pod-sniegiem","product_tag-teksty-kolysanek","product_tag-wzruszajace-slowa-dla-przyjaciela"],"_links":{"self":[{"href":"http:\/\/klubmamgdynia.pl\/index.php\/wp-json\/wp\/v2\/product\/4815","targetHints":{"allow":["GET"]}}],"collection":[{"href":"http:\/\/klubmamgdynia.pl\/index.php\/wp-json\/wp\/v2\/product"}],"about":[{"href":"http:\/\/klubmamgdynia.pl\/index.php\/wp-json\/wp\/v2\/types\/product"}],"replies":[{"embeddable":true,"href":"http:\/\/klubmamgdynia.pl\/index.php\/wp-json\/wp\/v2\/comments?post=4815"}],"wp:featuredmedia":[{"embeddable":true,"href":"http:\/\/klubmamgdynia.pl\/index.php\/wp-json\/wp\/v2\/media\/4816"}],"wp:attachment":[{"href":"http:\/\/klubmamgdynia.pl\/index.php\/wp-json\/wp\/v2\/media?parent=4815"}],"wp:term":[{"taxonomy":"product_cat","embeddable":true,"href":"http:\/\/klubmamgdynia.pl\/index.php\/wp-json\/wp\/v2\/product_cat?post=4815"},{"taxonomy":"product_tag","embeddable":true,"href":"http:\/\/klubmamgdynia.pl\/index.php\/wp-json\/wp\/v2\/product_tag?post=4815"}],"curies":[{"name":"wp","href":"https:\/\/api.w.org\/{rel}","templated":true}]}}