{"id":4817,"date":"2014-12-16T02:36:15","date_gmt":"2014-12-16T01:36:15","guid":{"rendered":"http:\/\/klubmamgdynia.pl\/index.php\/produkt\/gorsenia-biustonosz-usztywniany-w-kolorze-bialym-do-karmienia\/"},"modified":"2026-04-23T11:36:01","modified_gmt":"2026-04-23T09:36:01","slug":"gorsenia-biustonosz-usztywniany-w-kolorze-bialym-do-karmienia","status":"publish","type":"product","link":"http:\/\/klubmamgdynia.pl\/index.php\/produkt\/gorsenia-biustonosz-usztywniany-w-kolorze-bialym-do-karmienia\/","title":{"rendered":"Gorsenia Biustonosz usztywniany w kolorze bia\u0142ym do karmienia"},"content":{"rendered":"<p>Limango.pl to internetowy klub zakupowy dla kobiet i m\u0142odych rodzin, w kt\u00f3rym mog\u0105 kupowa\u0107 wy\u0142\u0105cznie cz\u0142onkowie. W naszej ofercie znajdziecie produkty renomowanych marek &#8211; czasami nawet do 80% taniej.Organizujemy trwaj\u0105ce 3 do 7 dni kampanie sprzeda\u017cowe dla naszych cz\u0142onk\u00f3w w \u015bcis\u0142ej wsp\u00f3\u0142pracy ze znanymi markami z ca\u0142ej Europy.W limango, ze wzgl\u0119du na ograniczenie ilo\u015bciowe produkt\u00f3w obowi\u0105zuje zasada: &#8222;kto pierwszy, ten lepszy!&#8221;. Aby nie przeoczy\u0107 po\u017c\u0105danych produkt\u00f3w, odwiedzaj nas codziennie. Informacje o kampaniach otrzymujesz od nas rano przed ich rozpocz\u0119ciem poprzez rozsy\u0142any newsletter.W limango znajdziecie nie tylko produkty \u015bwiatowych marek, promujemy r\u00f3wnie\u017c uznanych i niszowych polskich producent\u00f3w oraz designer\u00f3w, kt\u00f3rzy tworz\u0105 \u015bwietne i wysokiej jako\u015bci produkty z takich obszar\u00f3w jak: moda, dodatki, odzie\u017c dzieci\u0119ca, obuwie, zdrowie &amp; uroda, sport, trendy &amp; gad\u017cety oraz styl \u017cycia.Wsp\u00f3\u0142pracuj\u0105c bezpo\u015brednio z producentami znanych marek, mo\u017cemy oferowa\u0107 Wam tak korzystne ceny.Opis produktu:- rami\u0105czka: regulowane- miseczki: watowane- fiszbiny: tak- zapi\u0119cie: na plecach regulowane zapi\u0119cie na haftki- mostek: kokardka- funkcja karmienia: tak- look: jednokolorowy<\/p>\n<h2>Gorsenia Biustonosz usztywniany w kolorze bia\u0142ym do karmienia Gorsenia<\/h2>\n<p>tupu tup po \u015bniegu tekst, bajki dla dzieci na dobranoc do czytania, cytat o dzieciach, kontynenty dla dzieci do druku, kartka walentynkowa r\u0119cznie robiona \u0142atwa, pomys\u0142 na laurk\u0119, sing 2 multikino, m\u0105dre cytaty dla dzieci, kolorowanki \u015bwi\u0105teczne do wydruku, mega trudne zagadki logiczne, znaki drogowe quiz<\/p>\n<p>yyyyy<\/p>\n<p>&nbsp;<\/p>\n","protected":false},"excerpt":{"rendered":"<p>Limango.pl to internetowy klub zakupowy dla kobiet i m\u0142odych rodzin, w kt\u00f3rym mog\u0105 kupowa\u0107 wy\u0142\u0105cznie cz\u0142onkowie. W naszej ofercie znajdziecie produkty renomowanych marek &#8211; czasami nawet do 80% taniej.Organizujemy trwaj\u0105ce 3 do 7 dni kampanie sprzeda\u017cowe dla naszych cz\u0142onk\u00f3w w \u015bcis\u0142ej wsp\u00f3\u0142pracy ze znanymi markami z ca\u0142ej Europy.W limango, ze wzgl\u0119du na ograniczenie ilo\u015bciowe produkt\u00f3w [&hellip;]<\/p>\n","protected":false},"featured_media":4818,"comment_status":"closed","ping_status":"open","template":"","meta":[],"product_cat":[258,1267],"product_tag":[790,629,581,779],"class_list":["post-4817","product","type-product","status-publish","has-post-thumbnail","hentry","product_cat-bielizna-ciazowa","product_cat-gorsenia","product_tag-gry-planszowe-dla-nastolatkow","product_tag-smieszne-zagadki-z-odpowiedziami","product_tag-zagadki-dla-8-latka","product_tag-zarty-na-prima-aprilis-w-domu"],"_links":{"self":[{"href":"http:\/\/klubmamgdynia.pl\/index.php\/wp-json\/wp\/v2\/product\/4817","targetHints":{"allow":["GET"]}}],"collection":[{"href":"http:\/\/klubmamgdynia.pl\/index.php\/wp-json\/wp\/v2\/product"}],"about":[{"href":"http:\/\/klubmamgdynia.pl\/index.php\/wp-json\/wp\/v2\/types\/product"}],"replies":[{"embeddable":true,"href":"http:\/\/klubmamgdynia.pl\/index.php\/wp-json\/wp\/v2\/comments?post=4817"}],"wp:featuredmedia":[{"embeddable":true,"href":"http:\/\/klubmamgdynia.pl\/index.php\/wp-json\/wp\/v2\/media\/4818"}],"wp:attachment":[{"href":"http:\/\/klubmamgdynia.pl\/index.php\/wp-json\/wp\/v2\/media?parent=4817"}],"wp:term":[{"taxonomy":"product_cat","embeddable":true,"href":"http:\/\/klubmamgdynia.pl\/index.php\/wp-json\/wp\/v2\/product_cat?post=4817"},{"taxonomy":"product_tag","embeddable":true,"href":"http:\/\/klubmamgdynia.pl\/index.php\/wp-json\/wp\/v2\/product_tag?post=4817"}],"curies":[{"name":"wp","href":"https:\/\/api.w.org\/{rel}","templated":true}]}}