{"id":4819,"date":"2017-02-12T07:43:02","date_gmt":"2017-02-12T06:43:02","guid":{"rendered":"http:\/\/klubmamgdynia.pl\/index.php\/produkt\/muuvo-quick-trendy-edition-gondola-06-raven-black\/"},"modified":"2026-05-02T12:44:33","modified_gmt":"2026-05-02T10:44:33","slug":"muuvo-quick-trendy-edition-gondola-06-raven-black","status":"publish","type":"product","link":"http:\/\/klubmamgdynia.pl\/index.php\/produkt\/muuvo-quick-trendy-edition-gondola-06-raven-black\/","title":{"rendered":"Muuvo Quick Trendy Edition Gondola 06 Raven Black"},"content":{"rendered":"<p>Gondola od Muuvo z serii Quick Trendy zapewni maluszkowi komfort podczas podr\u00f3\u017cy ju\u017c od pierwszych dni.Gondola zosta\u0142a wyposa\u017cona w przed\u0142u\u017can\u0105 budk\u0119 z szerokim zakresem rozk\u0142adania, a wbudowana w ni\u0105 moskitiera zapewnia odpowiedni\u0105 wentylacj\u0119.Wykonana jest z wysokiej jako\u015bci nieprzemakalnych (impregnowanych) materia\u0142\u00f3w z filtrem UVP 50+, dzi\u0119ki czemu chroni maluszka przed deszczem, wiatrem i s\u0142o\u0144cem.Moskitiera do\u0142\u0105czona do gondoli ochroni maluszka przed insektami. Umieszczona zosta\u0142a w specjalnej kieszonce, zapinanej na zamek z ty\u0142u gondoli, aby ju\u017c nigdy o niej nie zapomnie\u0107.Gondola sk\u0142ada si\u0119 na p\u0142asko przez co po z\u0142o\u017ceniu zajmuje bardzo ma\u0142o miejsca.<\/p>\n<h2>Muuvo Quick Trendy Edition Gondola 06 Raven Black Muuvo<\/h2>\n<p>prezent dla jedenastolatki, \u017carty \u017carty na prima aprilis, co kupic 7 latkowi pod choinke, ozdoby \u015bwi\u0105teczne do zrobienia z dzie\u0107mi, kolorowanka lato, prezent dla nastoletniego ch\u0142opca, kolorowanki andrzejki do wydruku, kolorowanki my little pony, kolorowanki star wars, malowanka, jaki prezent na roczek, smoki rysunek, zagadki dla dzieci 7-8 lat, cytaty korczak, quiz o tajemniczym ogrodzie, pieski<\/p>\n<p>yyyyy<\/p>\n<p>&nbsp;<\/p>\n","protected":false},"excerpt":{"rendered":"<p>Gondola od Muuvo z serii Quick Trendy zapewni maluszkowi komfort podczas podr\u00f3\u017cy ju\u017c od pierwszych dni.Gondola zosta\u0142a wyposa\u017cona w przed\u0142u\u017can\u0105 budk\u0119 z szerokim zakresem rozk\u0142adania, a wbudowana w ni\u0105 moskitiera zapewnia odpowiedni\u0105 wentylacj\u0119.Wykonana jest z wysokiej jako\u015bci nieprzemakalnych (impregnowanych) materia\u0142\u00f3w z filtrem UVP 50+, dzi\u0119ki czemu chroni maluszka przed deszczem, wiatrem i s\u0142o\u0144cem.Moskitiera do\u0142\u0105czona do [&hellip;]<\/p>\n","protected":false},"featured_media":4820,"comment_status":"closed","ping_status":"open","template":"","meta":[],"product_cat":[127,485],"product_tag":[740,755,627],"class_list":["post-4819","product","type-product","status-publish","has-post-thumbnail","hentry","product_cat-akcesoria-do-wozkow","product_cat-muuvo","product_tag-fajne-prezenty-dla-nastolatkow","product_tag-henryk","product_tag-quiz-dzieci-z-bullerbyn"],"_links":{"self":[{"href":"http:\/\/klubmamgdynia.pl\/index.php\/wp-json\/wp\/v2\/product\/4819","targetHints":{"allow":["GET"]}}],"collection":[{"href":"http:\/\/klubmamgdynia.pl\/index.php\/wp-json\/wp\/v2\/product"}],"about":[{"href":"http:\/\/klubmamgdynia.pl\/index.php\/wp-json\/wp\/v2\/types\/product"}],"replies":[{"embeddable":true,"href":"http:\/\/klubmamgdynia.pl\/index.php\/wp-json\/wp\/v2\/comments?post=4819"}],"wp:featuredmedia":[{"embeddable":true,"href":"http:\/\/klubmamgdynia.pl\/index.php\/wp-json\/wp\/v2\/media\/4820"}],"wp:attachment":[{"href":"http:\/\/klubmamgdynia.pl\/index.php\/wp-json\/wp\/v2\/media?parent=4819"}],"wp:term":[{"taxonomy":"product_cat","embeddable":true,"href":"http:\/\/klubmamgdynia.pl\/index.php\/wp-json\/wp\/v2\/product_cat?post=4819"},{"taxonomy":"product_tag","embeddable":true,"href":"http:\/\/klubmamgdynia.pl\/index.php\/wp-json\/wp\/v2\/product_tag?post=4819"}],"curies":[{"name":"wp","href":"https:\/\/api.w.org\/{rel}","templated":true}]}}