{"id":4821,"date":"2018-11-12T06:20:11","date_gmt":"2018-11-12T05:20:11","guid":{"rendered":"http:\/\/klubmamgdynia.pl\/index.php\/produkt\/medela-koszulka-tank-top-dla-kobiet-karmiacych-piersia-bialy-l\/"},"modified":"2026-05-17T22:03:10","modified_gmt":"2026-05-17T20:03:10","slug":"medela-koszulka-tank-top-dla-kobiet-karmiacych-piersia-bialy-l","status":"publish","type":"product","link":"http:\/\/klubmamgdynia.pl\/index.php\/produkt\/medela-koszulka-tank-top-dla-kobiet-karmiacych-piersia-bialy-l\/","title":{"rendered":"Medela Koszulka Tank Top Dla Kobiet Karmi\u0105cych Piersi\u0105 Bia\u0142y L"},"content":{"rendered":"<p>Medela Koszulka Tank Top Dla Kobiet Karmi\u0105cych Piersi\u0105 Bia\u0142y                            <\/p>\n<p>Praktyczna bielizna przeznaczona do wygodnego karmienia piersi\u0105. Mo\u017ce by\u0107 zak\u0142adana pod ubranie jako bluzka, element codziennego ubioru.Nie posiada szw\u00f3w ani fiszbin &#8211; zapewnia wysoki komfort noszenia.Umo\u017cliwia zastosowanie wk\u0142adek laktacyjnych mo\u017ce by\u0107 noszona pod ubranie lub jako top.Wygodne zapi\u0119cie &#8222;open-and-close&#8221; pozwala zapina\u0107 i rozpina\u0107 miseczk\u0119 jedn\u0105 r\u0119k\u0105.Umo\u017cliwia dyskretne karmienie piersi\u0105 poza domem.D\u0142u\u017csza ni\u017c standardowe koszulki, dzi\u0119ki czemu mo\u017cesz za\u0142o\u017cy\u0107 j\u0105 wraz z inn\u0105 bluzk\u0105 lub wykorzysta\u0107 w inny spos\u00f3b, prowadz\u0105c aktywny tryb \u017cycia.                            <\/p>\n<p>Posiada certyfikat \u00d6ko-Tex Standard 100 &#8211; tekstylia godne zaufania.Materia\u0142: mikrofibra (poliamid 91%, elastan 9%).Kolor: bia\u0142yJAK DOBRA\u0106 ROZMIAR?Ka\u017cda kobieta jest inna, a Medela uwzgl\u0119dnia te r\u00f3\u017cnice. Je\u017celi nie mo\u017cesz znale\u017a\u0107 swojego rozmiaru w naszej tabeli rozmiar\u00f3w, radzimy wybra\u0107 rozmiar Medela najbardziej zbli\u017cony do Twoich wymiar\u00f3w.                            <\/p>\n<p>SPRAWD\u0179 KOSZULKI MEDELA TANK TOP                            <\/p>\n<p>Medela Koszulka Tank Top Bia\u0142a                            <\/p>\n<p>Medela Koszulka Tank Top Grafit<\/p>\n<h2>Medela Koszulka Tank Top Dla Kobiet Karmi\u0105cych Piersi\u0105 Bia\u0142y L Medela<\/h2>\n<p>europa stolice quiz, zagadki na logike, wobies, tajemniczy ogr\u00f3d test z lektury, wiosna zagadki s\u0142owne, jagna imi\u0119, kolorowanka wakacje, jak narysowa\u0107 sanie miko\u0142aja, dzieci.pl, p\u0142onie ognisko w lesie, aron imi\u0119, ozdoby \u015bwi\u0105teczne z rolek po papierze toaletowym, postacie z bajek kolorowanki do wydrukowania, bajki do czytania dla ch\u0142opc\u00f3w<\/p>\n<p>yyyyy<\/p>\n<p>&nbsp;<\/p>\n","protected":false},"excerpt":{"rendered":"<p>Medela Koszulka Tank Top Dla Kobiet Karmi\u0105cych Piersi\u0105 Bia\u0142y Praktyczna bielizna przeznaczona do wygodnego karmienia piersi\u0105. Mo\u017ce by\u0107 zak\u0142adana pod ubranie jako bluzka, element codziennego ubioru.Nie posiada szw\u00f3w ani fiszbin &#8211; zapewnia wysoki komfort noszenia.Umo\u017cliwia zastosowanie wk\u0142adek laktacyjnych mo\u017ce by\u0107 noszona pod ubranie lub jako top.Wygodne zapi\u0119cie &#8222;open-and-close&#8221; pozwala zapina\u0107 i rozpina\u0107 miseczk\u0119 jedn\u0105 r\u0119k\u0105.Umo\u017cliwia [&hellip;]<\/p>\n","protected":false},"featured_media":4822,"comment_status":"closed","ping_status":"open","template":"","meta":[],"product_cat":[258,267],"product_tag":[866,870,682],"class_list":["post-4821","product","type-product","status-publish","has-post-thumbnail","hentry","product_cat-bielizna-ciazowa","product_cat-medela","product_tag-opis-do-zdjecia-dziecka-na-fb","product_tag-prezent-dla-chlopca-na-roczek","product_tag-przyjazn-cytaty"],"_links":{"self":[{"href":"http:\/\/klubmamgdynia.pl\/index.php\/wp-json\/wp\/v2\/product\/4821","targetHints":{"allow":["GET"]}}],"collection":[{"href":"http:\/\/klubmamgdynia.pl\/index.php\/wp-json\/wp\/v2\/product"}],"about":[{"href":"http:\/\/klubmamgdynia.pl\/index.php\/wp-json\/wp\/v2\/types\/product"}],"replies":[{"embeddable":true,"href":"http:\/\/klubmamgdynia.pl\/index.php\/wp-json\/wp\/v2\/comments?post=4821"}],"wp:featuredmedia":[{"embeddable":true,"href":"http:\/\/klubmamgdynia.pl\/index.php\/wp-json\/wp\/v2\/media\/4822"}],"wp:attachment":[{"href":"http:\/\/klubmamgdynia.pl\/index.php\/wp-json\/wp\/v2\/media?parent=4821"}],"wp:term":[{"taxonomy":"product_cat","embeddable":true,"href":"http:\/\/klubmamgdynia.pl\/index.php\/wp-json\/wp\/v2\/product_cat?post=4821"},{"taxonomy":"product_tag","embeddable":true,"href":"http:\/\/klubmamgdynia.pl\/index.php\/wp-json\/wp\/v2\/product_tag?post=4821"}],"curies":[{"name":"wp","href":"https:\/\/api.w.org\/{rel}","templated":true}]}}