{"id":4823,"date":"2015-06-06T04:44:04","date_gmt":"2015-06-06T02:44:04","guid":{"rendered":"http:\/\/klubmamgdynia.pl\/index.php\/produkt\/inglesina-aptica-xt-quattro-polar-blue-gleboko-spacerowy-fotelik-darwin-i-size\/"},"modified":"2026-04-06T01:32:09","modified_gmt":"2026-04-05T23:32:09","slug":"inglesina-aptica-xt-quattro-polar-blue-gleboko-spacerowy-fotelik-darwin-i-size","status":"publish","type":"product","link":"http:\/\/klubmamgdynia.pl\/index.php\/produkt\/inglesina-aptica-xt-quattro-polar-blue-gleboko-spacerowy-fotelik-darwin-i-size\/","title":{"rendered":"Inglesina Aptica Xt Quattro Polar Blue G\u0142\u0119boko Spacerowy + Fotelik Darwin I-Size"},"content":{"rendered":"<p>*ch_sm*div style=&#8221;cursor: pointer;&#8221; class=&#8221;section-container section-active&#8221; id=&#8221;desc-editor-row-1&#8243;*ch_gt**ch_sm*div class=&#8221;desc-editor-content-container&#8221; id=&#8221;desc-editor-effective-content-1&#8243; style=&#8221;display: block;&#8221;*ch_gt* *ch_sm*div class=&#8221;desc-editor-content-container-inner&#8221;*ch_gt* *ch_sm*div class=&#8221;desc-editor-content-left relative&#8221;*ch_gt**ch_sm*\/div*ch_gt* *ch_sm*div class=&#8221;desc-editor-content-right relative&#8221;*ch_gt**ch_sm*\/div*ch_gt* *ch_sm*div class=&#8221;desc-editor-content-full relative with-text&#8221;*ch_gt**ch_sm*div*ch_gt**ch_sm*p*ch_gt**ch_sm*strong*ch_gt*W\u00f3zek g\u0142\u0119boko-spacerowy 3w1 Aptica XT Inglesina z fotelikiem samochodowym *ch_sm*span*ch_gt*DARWIN i-Size R129*ch_sm*\/span*ch_gt**ch_sm*\/strong*ch_gt**ch_sm*span*ch_gt* to model wyr\u00f3\u017cniaj\u0105cy si\u0119 dba\u0142o\u015bci\u0105 o wygod\u0119 dziecka i rodzica. To tak\u017ce w\u0142oska precyzja wyko\u0144czenia oraz wyszukany styl. Dzi\u0119ki wyj\u0105tkowemu systemowi regulacji amortyzacji, w\u00f3zek dynamicznie dostosowuje si\u0119 do ka\u017cdego terenu. Gwarantuje lekko\u015b\u0107 i p\u0142ynno\u015b\u0107 prowadzenia nawet w najbardziej ekstremalnych warunkach!*ch_sm*\/span*ch_gt**ch_sm*\/p*ch_gt**ch_sm*\/div*ch_gt**ch_sm*\/div*ch_gt* *ch_sm*\/div*ch_gt* *ch_sm*\/div*ch_gt**ch_sm*\/div*ch_gt**ch_sm*div style=&#8221;display: block; cursor: pointer;&#8221; id=&#8221;desc-editor-row-14&#8243; class=&#8221;section-container section-active&#8221;*ch_gt**ch_sm*div class=&#8221;desc-editor-content-container&#8221; id=&#8221;desc-editor-effective-content-14&#8243; style=&#8221;display: block;&#8221;*ch_gt* *ch_sm*div class=&#8221;desc-editor-content-container-inner desc-editor-content-2col&#8221;*ch_gt* *ch_sm*div class=&#8221;desc-editor-content-left relative&#8221;*ch_gt**ch_sm*div class=&#8221;item item-6&#8243; id=&#8221;desc-editor-effective-content-img50-14&#8243; style=&#8221;display: block;&#8221;*ch_gt**ch_sm*div class=&#8221;image-item-container&#8221;*ch_gt**ch_sm*div class=&#8221;image-item&#8221;*ch_gt**ch_sm*img src=&#8221;\/modules\/bc_descriptioneditor\/photos\/55073\/desc-photo-12.jpg?t=1659343614574&#8243; alt=&#8221;&#8221; class=&#8221;_qqime _1vpnd&#8221;*ch_gt**ch_sm*\/div*ch_gt**ch_sm*\/div*ch_gt**ch_sm*\/div*ch_gt**ch_sm*\/div*ch_gt* *ch_sm*div class=&#8221;desc-editor-content-right relative with-text&#8221;*ch_gt**ch_sm*div*ch_gt**ch_sm*p*ch_gt**ch_sm*strong*ch_gt*NAJWA\u017bNIEJSZE ATUTY*ch_sm*\/strong*ch_gt**ch_sm*\/p*ch_gt* *ch_sm*p*ch_gt*- gondola z ergonomicznym materacykiem*ch_sm*br*ch_gt*- regulowane zawieszenie w\u00f3zka*ch_sm*br*ch_gt*- r\u0105czka z teleskopow\u0105 regulacj\u0105*ch_sm*br*ch_gt*- przek\u0142adane siedzisko &#8211; dziecko mo\u017ce je\u017adzi\u0107 przodem lub ty\u0142em do kierunku jazdy*ch_sm*br*ch_gt*- 5-punktowe pasy bezpiecze\u0144stwa*ch_sm*br*ch_gt*- obszerny kosz na zakupy z odblaskowymi elementami*ch_sm*br*ch_gt*- du\u017ce, amortyzowane ko\u0142a o gumowych oponach*ch_sm*br*ch_gt*- kompaktowe wymiary po z\u0142o\u017ceniu*ch_sm*br*ch_gt*- w zestawie fotelik samochodowy *ch_sm*span*ch_gt*DARWIN i-Size R129*ch_sm*\/span*ch_gt* oraz stojak*ch_sm*\/p*ch_gt**ch_sm*\/div*ch_gt**ch_sm*\/div*ch_gt* *ch_sm*div class=&#8221;desc-editor-content-full relative&#8221;*ch_gt**ch_sm*\/div*ch_gt* *ch_sm*\/div*ch_gt* *ch_sm*\/div*ch_gt**ch_sm*\/div*ch_gt**ch_sm*div style=&#8221;display: block; cursor: pointer;&#8221; id=&#8221;desc-editor-row-2&#8243; class=&#8221;section-container section-active&#8221;*ch_gt**ch_sm*div class=&#8221;desc-editor-content-container&#8221; id=&#8221;desc-editor-effective-content-2&#8243; style=&#8221;display: block;&#8221;*ch_gt* *ch_sm*div class=&#8221;desc-editor-content-container-inner desc-editor-content-2col&#8221;*ch_gt* *ch_sm*div class=&#8221;desc-editor-content-left relative&#8221;*ch_gt**ch_sm*div class=&#8221;item item-6&#8243; id=&#8221;desc-editor-effective-content-img50-2&#8243; style=&#8221;display: block;&#8221;*ch_gt**ch_sm*div class=&#8221;image-item-container&#8221;*ch_gt**ch_sm*div class=&#8221;image-item&#8221;*ch_gt**ch_sm*img src=&#8221;\/modules\/bc_descriptioneditor\/photos\/55073\/desc-photo-11.jpg?t=1659341520088&#8243; alt=&#8221;&#8221; class=&#8221;_qqime _1vpnd&#8221;*ch_gt**ch_sm*\/div*ch_gt**ch_sm*\/div*ch_gt**ch_sm*\/div*ch_gt**ch_sm*\/div*ch_gt* *ch_sm*div class=&#8221;desc-editor-content-right relative with-text&#8221;*ch_gt**ch_sm*div*ch_gt**ch_sm*p*ch_gt**ch_sm*strong*ch_gt*DU\u017bE KO\u0141A*ch_sm*\/strong*ch_gt**ch_sm*\/p*ch_gt* *ch_sm*p*ch_gt*Dzi\u0119ki \u015brednicy 215 mm (prz\u00f3d) oraz 290 mm (ty\u0142), ko\u0142a w\u00f3zka Inglesina Aptica XT gwarantuj\u0105 przyjemne spacery w ka\u017cdym terenie.*ch_sm*\/p*ch_gt**ch_sm*\/div*ch_gt**ch_sm*\/div*ch_gt* *ch_sm*div class=&#8221;desc-editor-content-full relative&#8221;*ch_gt**ch_sm*\/div*ch_gt* *ch_sm*\/div*ch_gt* *ch_sm*\/div*ch_gt**ch_sm*\/div*ch_gt**ch_sm*div style=&#8221;display: block; cursor: pointer;&#8221; id=&#8221;desc-editor-row-3&#8243; class=&#8221;section-container section-active&#8221;*ch_gt**ch_sm*div class=&#8221;desc-editor-content-container&#8221; id=&#8221;desc-editor-effective-content-3&#8243; style=&#8221;display: block;&#8221;*ch_gt* *ch_sm*div class=&#8221;desc-editor-content-container-inner desc-editor-content-2col&#8221;*ch_gt* *ch_sm*div class=&#8221;desc-editor-content-left relative&#8221;*ch_gt**ch_sm*div class=&#8221;item item-6&#8243; id=&#8221;desc-editor-effective-content-img50-3&#8243; style=&#8221;display: block;&#8221;*ch_gt**ch_sm*div class=&#8221;image-item-container&#8221;*ch_gt**ch_sm*div class=&#8221;image-item&#8221;*ch_gt**ch_sm*img src=&#8221;\/modules\/bc_descriptioneditor\/photos\/55073\/desc-photo-10.jpg?t=1659341537036&#8243; alt=&#8221;&#8221; class=&#8221;_qqime _1vpnd&#8221;*ch_gt**ch_sm*\/div*ch_gt**ch_sm*\/div*ch_gt**ch_sm*\/div*ch_gt**ch_sm*\/div*ch_gt* *ch_sm*div class=&#8221;desc-editor-content-right relative&#8230;<\/p>\n<h2>Inglesina Aptica Xt Quattro Polar Blue G\u0142\u0119boko Spacerowy + Fotelik Darwin I-Size Inglesina<\/h2>\n<p>imi\u0119 marcel, co na roczek dla ch\u0142opca, szybkie zagadki matematyczne, julian znaczenie, lody kolorowanka<\/p>\n<p>yyyyy<\/p>\n<p>&nbsp;<\/p>\n","protected":false},"excerpt":{"rendered":"<p>*ch_sm*div style=&#8221;cursor: pointer;&#8221; class=&#8221;section-container section-active&#8221; id=&#8221;desc-editor-row-1&#8243;*ch_gt**ch_sm*div class=&#8221;desc-editor-content-container&#8221; id=&#8221;desc-editor-effective-content-1&#8243; style=&#8221;display: block;&#8221;*ch_gt* *ch_sm*div class=&#8221;desc-editor-content-container-inner&#8221;*ch_gt* *ch_sm*div class=&#8221;desc-editor-content-left relative&#8221;*ch_gt**ch_sm*\/div*ch_gt* *ch_sm*div class=&#8221;desc-editor-content-right relative&#8221;*ch_gt**ch_sm*\/div*ch_gt* *ch_sm*div class=&#8221;desc-editor-content-full relative with-text&#8221;*ch_gt**ch_sm*div*ch_gt**ch_sm*p*ch_gt**ch_sm*strong*ch_gt*W\u00f3zek g\u0142\u0119boko-spacerowy 3w1 Aptica XT Inglesina z fotelikiem samochodowym *ch_sm*span*ch_gt*DARWIN i-Size R129*ch_sm*\/span*ch_gt**ch_sm*\/strong*ch_gt**ch_sm*span*ch_gt* to model wyr\u00f3\u017cniaj\u0105cy si\u0119 dba\u0142o\u015bci\u0105 o wygod\u0119 dziecka i rodzica. To tak\u017ce w\u0142oska precyzja wyko\u0144czenia oraz wyszukany styl. Dzi\u0119ki wyj\u0105tkowemu systemowi regulacji [&hellip;]<\/p>\n","protected":false},"featured_media":4824,"comment_status":"closed","ping_status":"open","template":"","meta":[],"product_cat":[1268,110],"product_tag":[731,734,739,636,724,577],"class_list":["post-4823","product","type-product","status-publish","has-post-thumbnail","hentry","product_cat-inglesina","product_cat-wozki-wielofunkcyjne","product_tag-maly-ksiaze-cytaty","product_tag-milan-imie","product_tag-prima-aprilis-w-szkole","product_tag-teksty-kolysanek","product_tag-zagadki-podchwytliwe","product_tag-znaki-drogowe-test"],"_links":{"self":[{"href":"http:\/\/klubmamgdynia.pl\/index.php\/wp-json\/wp\/v2\/product\/4823","targetHints":{"allow":["GET"]}}],"collection":[{"href":"http:\/\/klubmamgdynia.pl\/index.php\/wp-json\/wp\/v2\/product"}],"about":[{"href":"http:\/\/klubmamgdynia.pl\/index.php\/wp-json\/wp\/v2\/types\/product"}],"replies":[{"embeddable":true,"href":"http:\/\/klubmamgdynia.pl\/index.php\/wp-json\/wp\/v2\/comments?post=4823"}],"wp:featuredmedia":[{"embeddable":true,"href":"http:\/\/klubmamgdynia.pl\/index.php\/wp-json\/wp\/v2\/media\/4824"}],"wp:attachment":[{"href":"http:\/\/klubmamgdynia.pl\/index.php\/wp-json\/wp\/v2\/media?parent=4823"}],"wp:term":[{"taxonomy":"product_cat","embeddable":true,"href":"http:\/\/klubmamgdynia.pl\/index.php\/wp-json\/wp\/v2\/product_cat?post=4823"},{"taxonomy":"product_tag","embeddable":true,"href":"http:\/\/klubmamgdynia.pl\/index.php\/wp-json\/wp\/v2\/product_tag?post=4823"}],"curies":[{"name":"wp","href":"https:\/\/api.w.org\/{rel}","templated":true}]}}