{"id":4827,"date":"2017-11-07T05:46:57","date_gmt":"2017-11-07T04:46:57","guid":{"rendered":"http:\/\/klubmamgdynia.pl\/index.php\/produkt\/fotelik-samochodowy-cybex-cloud-z2-i-size-simply-flowers-dream-grey-0-13kg-baza\/"},"modified":"2026-05-17T21:59:24","modified_gmt":"2026-05-17T19:59:24","slug":"fotelik-samochodowy-cybex-cloud-z2-i-size-simply-flowers-dream-grey-0-13kg-baza","status":"publish","type":"product","link":"http:\/\/klubmamgdynia.pl\/index.php\/produkt\/fotelik-samochodowy-cybex-cloud-z2-i-size-simply-flowers-dream-grey-0-13kg-baza\/","title":{"rendered":"Fotelik samochodowy Cybex Cloud Z2 I-Size Simply Flowers Dream Grey 0-13Kg + Baza"},"content":{"rendered":"<p>Nowy fotelik samochodowy dla niemowl\u0105t Cloud Z2 i-Size pozwala cieszy\u0107 si\u0119 uniwersaln\u0105 elastyczno\u015bci\u0105 i wygod\u0105, kt\u00f3re zapewnia zar\u00f3wno Tobie, jak i Twojemu dziecku. Sprytny mechanizm obrotowy umo\u017cliwia skierowanie fotelika w bok, aby bez problemu w\u0142o\u017cy\u0107 lub wyj\u0105\u0107 dziecko z samochoduPraktyczna baza Base Z2 to bezpieczna i uniwersalna podstawa systemu modu\u0142owego CYBEX Z2 Line, nast\u0119pny sprawdzonego systemu modu\u0142owego Z Line. Innowacyjny i \u0142atwy w obs\u0142udze mechanizm obrotowy umo\u017cliwia obracanie fotelika samochodowego zar\u00f3wno w wersji dla niemowl\u0105t, jak i ma\u0142ych dzieci w stron\u0119 drzwi samochodu, aby u\u0142atwi\u0107 wk\u0142adanie i wyjmowanie dziecka z samochodu.<\/p>\n<h2>Fotelik samochodowy Cybex Cloud Z2 I-Size Simply Flowers Dream Grey 0-13Kg + Baza Cybex<\/h2>\n<p>kolorowanki miasto, park ujazdowski, zagadki dla dzieci do druku, wydarzenia warszawa dzisiaj, \u015bmieszne zagadki dla dzieci, znaczenie imiona alan, kwiecien plecien, prezenty roczek, ma\u0142y ksi\u0105\u017c\u0119 cytaty o mi\u0142o\u015bci, przek\u0105ski na urodziny dziecka, pisanie po \u015bladzie do druku pdf, \u015bwinka peppa kolorowanka, dyplomy do druku, malowanie past\u0105 do z\u0119b\u00f3w, ozdoby \u015bwi\u0105teczne z rolek po papierze toaletowym, quiz dzieci z bullerbyn, farma dyni poznan, cytaty o nauczycielach, z\u0142ote my\u015bli pedagogiczne, wystawy dla dzieci warszawa, podchwytliwe zagadki z odpowiedziami<\/p>\n<p>yyyyy<\/p>\n<p>&nbsp;<\/p>\n","protected":false},"excerpt":{"rendered":"<p>Nowy fotelik samochodowy dla niemowl\u0105t Cloud Z2 i-Size pozwala cieszy\u0107 si\u0119 uniwersaln\u0105 elastyczno\u015bci\u0105 i wygod\u0105, kt\u00f3re zapewnia zar\u00f3wno Tobie, jak i Twojemu dziecku. Sprytny mechanizm obrotowy umo\u017cliwia skierowanie fotelika w bok, aby bez problemu w\u0142o\u017cy\u0107 lub wyj\u0105\u0107 dziecko z samochoduPraktyczna baza Base Z2 to bezpieczna i uniwersalna podstawa systemu modu\u0142owego CYBEX Z2 Line, nast\u0119pny sprawdzonego [&hellip;]<\/p>\n","protected":false},"featured_media":4828,"comment_status":"closed","ping_status":"open","template":"","meta":[],"product_cat":[34,32],"product_tag":[816,687,745,589,751],"class_list":["post-4827","product","type-product","status-publish","has-post-thumbnail","hentry","product_cat-cybex","product_cat-foteliki-samochodowe","product_tag-place-zabaw-warszawa","product_tag-podchwytliwe-zagadki-matematyczne","product_tag-prezent-dla-15-latki","product_tag-prezent-dla-rocznego-dziecka","product_tag-psi-patrol-kolorowanka"],"_links":{"self":[{"href":"http:\/\/klubmamgdynia.pl\/index.php\/wp-json\/wp\/v2\/product\/4827","targetHints":{"allow":["GET"]}}],"collection":[{"href":"http:\/\/klubmamgdynia.pl\/index.php\/wp-json\/wp\/v2\/product"}],"about":[{"href":"http:\/\/klubmamgdynia.pl\/index.php\/wp-json\/wp\/v2\/types\/product"}],"replies":[{"embeddable":true,"href":"http:\/\/klubmamgdynia.pl\/index.php\/wp-json\/wp\/v2\/comments?post=4827"}],"wp:featuredmedia":[{"embeddable":true,"href":"http:\/\/klubmamgdynia.pl\/index.php\/wp-json\/wp\/v2\/media\/4828"}],"wp:attachment":[{"href":"http:\/\/klubmamgdynia.pl\/index.php\/wp-json\/wp\/v2\/media?parent=4827"}],"wp:term":[{"taxonomy":"product_cat","embeddable":true,"href":"http:\/\/klubmamgdynia.pl\/index.php\/wp-json\/wp\/v2\/product_cat?post=4827"},{"taxonomy":"product_tag","embeddable":true,"href":"http:\/\/klubmamgdynia.pl\/index.php\/wp-json\/wp\/v2\/product_tag?post=4827"}],"curies":[{"name":"wp","href":"https:\/\/api.w.org\/{rel}","templated":true}]}}