{"id":483,"date":"2022-01-07T01:41:45","date_gmt":"2022-01-07T00:41:45","guid":{"rendered":"http:\/\/klubmamgdynia.pl\/?post_type=product&#038;p=483"},"modified":"2026-05-17T22:57:57","modified_gmt":"2026-05-17T20:57:57","slug":"motherhood-chusteczki-muslinowe-1szt-30x30cm-czarny-neon","status":"publish","type":"product","link":"http:\/\/klubmamgdynia.pl\/index.php\/produkt\/motherhood-chusteczki-muslinowe-1szt-30x30cm-czarny-neon\/","title":{"rendered":"Motherhood Chusteczki Mu\u015blinowe 1Szt. 30X30Cm Czarny Neon"},"content":{"rendered":"<p>Motherhood chusteczki mu\u015blinowe 1szt 30x30cm<\/p>\n<h2>Motherhood Chusteczki Mu\u015blinowe 1Szt. 30X30Cm Czarny Neon Motherhood<\/h2>\n<p>list do miko\u0142aja wz\u00f3r pdf, kotki do druku, szlaczki do druku, papuga kolorowanka, jesienne zagadki, zagadki dla dzieci 10 lat, dzieci cytaty, wiersze \u0142ama\u0144ce j\u0119zykowe dla dzieci, prezenty roczek, wierszyki o wakacjach kr\u00f3tkie, dobranoc zimowo, mia imi\u0119, laurka dla babci, dyplomy do druku pdf, zagadki na inteligencje, oliwier znaczenie imienia, jednoro\u017cec kolorowanka do druku<\/p>\n<p>yyyyy<\/p>\n<p>&nbsp;<\/p>\n","protected":false},"excerpt":{"rendered":"<p>Motherhood chusteczki mu\u015blinowe 1szt 30x30cm Motherhood Chusteczki Mu\u015blinowe 1Szt. 30X30Cm Czarny Neon Motherhood list do miko\u0142aja wz\u00f3r pdf, kotki do druku, szlaczki do druku, papuga kolorowanka, jesienne zagadki, zagadki dla dzieci 10 lat, dzieci cytaty, wiersze \u0142ama\u0144ce j\u0119zykowe dla dzieci, prezenty roczek, wierszyki o wakacjach kr\u00f3tkie, dobranoc zimowo, mia imi\u0119, laurka dla babci, dyplomy do [&hellip;]<\/p>\n","protected":false},"featured_media":484,"comment_status":"closed","ping_status":"open","template":"","meta":[],"product_cat":[190,17],"product_tag":[666,583,806,678],"class_list":["post-483","product","type-product","status-publish","has-post-thumbnail","hentry","product_cat-motherhood","product_cat-pieluchy","product_tag-afrykanskie-imiona","product_tag-kolysanki-dla-dzieci-tekst","product_tag-prezent-dla-dziecka-na-roczek","product_tag-prezent-na-roczek-dla-dziewczynki"],"_links":{"self":[{"href":"http:\/\/klubmamgdynia.pl\/index.php\/wp-json\/wp\/v2\/product\/483","targetHints":{"allow":["GET"]}}],"collection":[{"href":"http:\/\/klubmamgdynia.pl\/index.php\/wp-json\/wp\/v2\/product"}],"about":[{"href":"http:\/\/klubmamgdynia.pl\/index.php\/wp-json\/wp\/v2\/types\/product"}],"replies":[{"embeddable":true,"href":"http:\/\/klubmamgdynia.pl\/index.php\/wp-json\/wp\/v2\/comments?post=483"}],"wp:featuredmedia":[{"embeddable":true,"href":"http:\/\/klubmamgdynia.pl\/index.php\/wp-json\/wp\/v2\/media\/484"}],"wp:attachment":[{"href":"http:\/\/klubmamgdynia.pl\/index.php\/wp-json\/wp\/v2\/media?parent=483"}],"wp:term":[{"taxonomy":"product_cat","embeddable":true,"href":"http:\/\/klubmamgdynia.pl\/index.php\/wp-json\/wp\/v2\/product_cat?post=483"},{"taxonomy":"product_tag","embeddable":true,"href":"http:\/\/klubmamgdynia.pl\/index.php\/wp-json\/wp\/v2\/product_tag?post=483"}],"curies":[{"name":"wp","href":"https:\/\/api.w.org\/{rel}","templated":true}]}}