{"id":4831,"date":"2024-12-24T04:03:55","date_gmt":"2024-12-24T03:03:55","guid":{"rendered":"http:\/\/klubmamgdynia.pl\/?post_type=product&#038;p=4831"},"modified":"2026-04-30T09:00:13","modified_gmt":"2026-04-30T07:00:13","slug":"tasso-lalka-z-szafa-i-ubraniamiakcesoria-tahx802-10073","status":"publish","type":"product","link":"http:\/\/klubmamgdynia.pl\/index.php\/produkt\/tasso-lalka-z-szafa-i-ubraniamiakcesoria-tahx802-10073\/","title":{"rendered":"Tasso Lalka Z Szaf\u0105 I Ubraniami+Akcesoria Tahx802 10073"},"content":{"rendered":"<p>SUPER CENA &#8211; TANIA DOSTAWA ! &#8211; tasso Lalka z szaf\u0105 i ubraniami+akcesoria TAHX802 10073 &#8211; PACZKOMAT, POCZTA, KURIER<\/p>\n<h2>Tasso Lalka Z Szaf\u0105 I Ubraniami+Akcesoria Tahx802 10073 Tasso<\/h2>\n<p>el\u017cbieta imi\u0119, leonardo imi\u0119, ja\u015bmina imi\u0119, lato, pomys\u0142y na prezent dla nastolatk\u00f3w, imi\u0119 mia, wpad\u0142a bomba do piwnicy, skye psi patrol kolorowanka, opis do zdj\u0119cia dziecka, ka\u0142u\u017cy\u015bci, ry\u017c z owocami<\/p>\n<p>yyyyy<\/p>\n<p>&nbsp;<\/p>\n","protected":false},"excerpt":{"rendered":"<p>SUPER CENA &#8211; TANIA DOSTAWA ! &#8211; tasso Lalka z szaf\u0105 i ubraniami+akcesoria TAHX802 10073 &#8211; PACZKOMAT, POCZTA, KURIER Tasso Lalka Z Szaf\u0105 I Ubraniami+Akcesoria Tahx802 10073 Tasso el\u017cbieta imi\u0119, leonardo imi\u0119, ja\u015bmina imi\u0119, lato, pomys\u0142y na prezent dla nastolatk\u00f3w, imi\u0119 mia, wpad\u0142a bomba do piwnicy, skye psi patrol kolorowanka, opis do zdj\u0119cia dziecka, ka\u0142u\u017cy\u015bci, [&hellip;]<\/p>\n","protected":false},"featured_media":4832,"comment_status":"closed","ping_status":"open","template":"","meta":[],"product_cat":[172,1269],"product_tag":[817,688,835,712],"class_list":["post-4831","product","type-product","status-publish","has-post-thumbnail","hentry","product_cat-akcesoria-dla-lalek","product_cat-tasso","product_tag-bajka-terapeutyczna-o-emocjach","product_tag-kolysanki-tekst","product_tag-radosc-dziecka-cytaty","product_tag-zagadki-o-zwierzetach"],"_links":{"self":[{"href":"http:\/\/klubmamgdynia.pl\/index.php\/wp-json\/wp\/v2\/product\/4831","targetHints":{"allow":["GET"]}}],"collection":[{"href":"http:\/\/klubmamgdynia.pl\/index.php\/wp-json\/wp\/v2\/product"}],"about":[{"href":"http:\/\/klubmamgdynia.pl\/index.php\/wp-json\/wp\/v2\/types\/product"}],"replies":[{"embeddable":true,"href":"http:\/\/klubmamgdynia.pl\/index.php\/wp-json\/wp\/v2\/comments?post=4831"}],"wp:featuredmedia":[{"embeddable":true,"href":"http:\/\/klubmamgdynia.pl\/index.php\/wp-json\/wp\/v2\/media\/4832"}],"wp:attachment":[{"href":"http:\/\/klubmamgdynia.pl\/index.php\/wp-json\/wp\/v2\/media?parent=4831"}],"wp:term":[{"taxonomy":"product_cat","embeddable":true,"href":"http:\/\/klubmamgdynia.pl\/index.php\/wp-json\/wp\/v2\/product_cat?post=4831"},{"taxonomy":"product_tag","embeddable":true,"href":"http:\/\/klubmamgdynia.pl\/index.php\/wp-json\/wp\/v2\/product_tag?post=4831"}],"curies":[{"name":"wp","href":"https:\/\/api.w.org\/{rel}","templated":true}]}}