{"id":4833,"date":"2013-05-02T01:24:30","date_gmt":"2013-05-01T23:24:30","guid":{"rendered":"http:\/\/klubmamgdynia.pl\/index.php\/produkt\/medela-biustonosz-pielegnacyjny-ultimate-bodyfit-czarny-s\/"},"modified":"2026-04-03T16:30:28","modified_gmt":"2026-04-03T14:30:28","slug":"medela-biustonosz-pielegnacyjny-ultimate-bodyfit-czarny-s","status":"publish","type":"product","link":"http:\/\/klubmamgdynia.pl\/index.php\/produkt\/medela-biustonosz-pielegnacyjny-ultimate-bodyfit-czarny-s\/","title":{"rendered":"Medela Biustonosz Piel\u0119gnacyjny Ultimate Bodyfit Czarny S"},"content":{"rendered":"<p>Medela Biustonosz Piel\u0119gnacyjny Ultimate Bodyfit Czarny                            <\/p>\n<p>Biustonosz Ultimate BodyFit marki Medela to bezszwowy biustonosz ci\u0105\u017cowy i do karmienia, kt\u00f3ry oferuje doskona\u0142e wsparcie i idealne dopasowanie. Dostosowuje si\u0119 do Twojego zmieniaj\u0105cego si\u0119 cia\u0142a na ka\u017cdym etapie ci\u0105\u017cy i karmienia piersi\u0105. Dost\u0119pny w kolorze czarnym i bia\u0142ym.Szczeg\u00f3\u0142y dotycz\u0105ce piel\u0119gnacji:G\u0142\u00f3wna cz\u0119\u015b\u0107: 90% nylon, 10% spandex.D\u00f3\u0142 pasa: 87 % nylon, 13 % spandexPodszewka wk\u0142adu z pianki: 100 % poliesterPianka: PoliuretanMo\u017cna pra\u0107 w temperaturze do 30 \u00b0CSuszy\u0107 w suszarce b\u0119bnowej                            <\/p>\n<p>Bezszwowy biustonosz do karmienia z pr\u0105\u017ckowanymi wstawkami zapewniaj\u0105cymi delikatne podtrzymanie i idealne dopasowanieSzerokie rami\u0105czka, kt\u00f3re nie zsuwaj\u0105 si\u0119 i wygodnie uk\u0142adaj\u0105 na ramionachZapi\u0119cie na haczyk dla dodatkowego wsparcia i elastyczno\u015bciWysokiej jako\u015bci elastyczny materia\u0142 dopasowuje si\u0119 do Twojego cia\u0142a przez ca\u0142y czasProfilowany biustonosz z piankowymi miseczkami dla pi\u0119knej sylwetkiCa\u0142kowicie sk\u0142adane miseczki u\u0142atwiaj\u0105 karmienie piersi\u0105 i zapewniaj\u0105 dodatkowy kontakt ze sk\u00f3r\u0105JAK DOBRA\u0106 ROZMIAR?Ka\u017cda kobieta jest inna, a Medela uwzgl\u0119dnia te r\u00f3\u017cnice. Je\u017celi nie mo\u017cesz znale\u017a\u0107 swojego rozmiaru w naszej tabeli rozmiar\u00f3w, radzimy wybra\u0107 rozmiar biustonosza Medela najbardziej zbli\u017cony do Twoich wymiar\u00f3w.                            <\/p>\n<p>SPRAWD\u0179 BIUSTONOSZE ULTIMATE MEDELA                            <\/p>\n<p>Medela Biustonosz Ultimate Bia\u0142y                            <\/p>\n<p>Medela Biustonosz Ultimate Czarny<\/p>\n<h2>Medela Biustonosz Piel\u0119gnacyjny Ultimate Bodyfit Czarny S Medela<\/h2>\n<p>lukrecja imi\u0119, mapa polski do druku, akademia pana kleksa test do druku, pierwsze urodziny prezent na roczek dla dziewczynki, ciekawostki o je\u017cach, kajko i kokosz szko\u0142a latania test z odpowiedziami, zagadki o zawodach, plecak torba i walizka, opisy do zdj\u0119\u0107 dziecka, kolorowanki konie, a \u015bpij kochanie, wiosna kolorowanka do druku, co kupic 7 latkowi pod choinke, rysowanki, atrakcje dla dzieci warszawa, prezenty urodzinowe dla nastolatk\u00f3w, straszne filmy dla dzieci<\/p>\n<p>yyyyy<\/p>\n<p>&nbsp;<\/p>\n","protected":false},"excerpt":{"rendered":"<p>Medela Biustonosz Piel\u0119gnacyjny Ultimate Bodyfit Czarny Biustonosz Ultimate BodyFit marki Medela to bezszwowy biustonosz ci\u0105\u017cowy i do karmienia, kt\u00f3ry oferuje doskona\u0142e wsparcie i idealne dopasowanie. Dostosowuje si\u0119 do Twojego zmieniaj\u0105cego si\u0119 cia\u0142a na ka\u017cdym etapie ci\u0105\u017cy i karmienia piersi\u0105. Dost\u0119pny w kolorze czarnym i bia\u0142ym.Szczeg\u00f3\u0142y dotycz\u0105ce piel\u0119gnacji:G\u0142\u00f3wna cz\u0119\u015b\u0107: 90% nylon, 10% spandex.D\u00f3\u0142 pasa: 87 % [&hellip;]<\/p>\n","protected":false},"featured_media":4834,"comment_status":"closed","ping_status":"open","template":"","meta":[],"product_cat":[258,267],"product_tag":[585,866,872,860],"class_list":["post-4833","product","type-product","status-publish","has-post-thumbnail","hentry","product_cat-bielizna-ciazowa","product_cat-medela","product_tag-kolorowanki-dla-chlopcow","product_tag-opis-do-zdjecia-dziecka-na-fb","product_tag-zagadki-dla-dzieci-6-lat","product_tag-zagadki-logiczne-dla-doroslych"],"_links":{"self":[{"href":"http:\/\/klubmamgdynia.pl\/index.php\/wp-json\/wp\/v2\/product\/4833","targetHints":{"allow":["GET"]}}],"collection":[{"href":"http:\/\/klubmamgdynia.pl\/index.php\/wp-json\/wp\/v2\/product"}],"about":[{"href":"http:\/\/klubmamgdynia.pl\/index.php\/wp-json\/wp\/v2\/types\/product"}],"replies":[{"embeddable":true,"href":"http:\/\/klubmamgdynia.pl\/index.php\/wp-json\/wp\/v2\/comments?post=4833"}],"wp:featuredmedia":[{"embeddable":true,"href":"http:\/\/klubmamgdynia.pl\/index.php\/wp-json\/wp\/v2\/media\/4834"}],"wp:attachment":[{"href":"http:\/\/klubmamgdynia.pl\/index.php\/wp-json\/wp\/v2\/media?parent=4833"}],"wp:term":[{"taxonomy":"product_cat","embeddable":true,"href":"http:\/\/klubmamgdynia.pl\/index.php\/wp-json\/wp\/v2\/product_cat?post=4833"},{"taxonomy":"product_tag","embeddable":true,"href":"http:\/\/klubmamgdynia.pl\/index.php\/wp-json\/wp\/v2\/product_tag?post=4833"}],"curies":[{"name":"wp","href":"https:\/\/api.w.org\/{rel}","templated":true}]}}