{"id":4835,"date":"2016-12-30T06:40:37","date_gmt":"2016-12-30T05:40:37","guid":{"rendered":"http:\/\/klubmamgdynia.pl\/index.php\/produkt\/cybex-lemo-2-comfort-inlay-wkladka-do-krzeselka-pearl-pink\/"},"modified":"2026-04-04T02:28:07","modified_gmt":"2026-04-04T00:28:07","slug":"cybex-lemo-2-comfort-inlay-wkladka-do-krzeselka-pearl-pink","status":"publish","type":"product","link":"http:\/\/klubmamgdynia.pl\/index.php\/produkt\/cybex-lemo-2-comfort-inlay-wkladka-do-krzeselka-pearl-pink\/","title":{"rendered":"Cybex Lemo 2 Comfort Inlay Wk\u0142adka Do Krzese\u0142ka Pearl Pink"},"content":{"rendered":"<p>Cybex Lemo 2 Comfort Inlay &#8211; wk\u0142adka do krzese\u0142kaKolor\/wz\u00f3r: Pearl PinkKomfort na krzese\u0142ku zapewni wk\u0142adka dedykowana do Lemo 2. Mo\u017cesz wybra\u0107 kolor wk\u0142adki taki jak Twoje krzese\u0142ko, lub ca\u0142kowicie zaszale\u0107 i poeksperymentowa\u0107 z kolorami. Wk\u0142adka jest mi\u0119kka dzi\u0119ki czemu siedzenie na krzese\u0142ku jest czyst\u0105 przyjemno\u015bci\u0105.<\/p>\n<h2>Cybex Lemo 2 Comfort Inlay Wk\u0142adka Do Krzese\u0142ka Pearl Pink Cybex<\/h2>\n<p>test z asiuni lektury, zabawy ruchowe dla dzieci, imiona dla dzieci 2019, iwo imi\u0119, kartka walentynkow\u0105 przedszkole, zabawa dla 7 latka, jak narysowa\u0107 sanie miko\u0142aja, kanapki dla dzieci, bajka do czytania na dobranoc, \u017carty na prima aprilis w domu, znaczenie imienia alan, bajeczki na dobranoc<\/p>\n<p>yyyyy<\/p>\n<p>&nbsp;<\/p>\n","protected":false},"excerpt":{"rendered":"<p>Cybex Lemo 2 Comfort Inlay &#8211; wk\u0142adka do krzese\u0142kaKolor\/wz\u00f3r: Pearl PinkKomfort na krzese\u0142ku zapewni wk\u0142adka dedykowana do Lemo 2. Mo\u017cesz wybra\u0107 kolor wk\u0142adki taki jak Twoje krzese\u0142ko, lub ca\u0142kowicie zaszale\u0107 i poeksperymentowa\u0107 z kolorami. Wk\u0142adka jest mi\u0119kka dzi\u0119ki czemu siedzenie na krzese\u0142ku jest czyst\u0105 przyjemno\u015bci\u0105. Cybex Lemo 2 Comfort Inlay Wk\u0142adka Do Krzese\u0142ka Pearl Pink [&hellip;]<\/p>\n","protected":false},"featured_media":4836,"comment_status":"closed","ping_status":"open","template":"","meta":[],"product_cat":[34,158],"product_tag":[720,644,770,762,767,820],"class_list":["post-4835","product","type-product","status-publish","has-post-thumbnail","hentry","product_cat-cybex","product_cat-krzeselka-do-karmienia","product_tag-malowanki","product_tag-mia","product_tag-samolot-z-papieru","product_tag-trudne-zagadki-dla-dzieci","product_tag-zaproszenia-urodzinowe-do-druku","product_tag-ziemia-wyspa-zielona-tekst"],"_links":{"self":[{"href":"http:\/\/klubmamgdynia.pl\/index.php\/wp-json\/wp\/v2\/product\/4835","targetHints":{"allow":["GET"]}}],"collection":[{"href":"http:\/\/klubmamgdynia.pl\/index.php\/wp-json\/wp\/v2\/product"}],"about":[{"href":"http:\/\/klubmamgdynia.pl\/index.php\/wp-json\/wp\/v2\/types\/product"}],"replies":[{"embeddable":true,"href":"http:\/\/klubmamgdynia.pl\/index.php\/wp-json\/wp\/v2\/comments?post=4835"}],"wp:featuredmedia":[{"embeddable":true,"href":"http:\/\/klubmamgdynia.pl\/index.php\/wp-json\/wp\/v2\/media\/4836"}],"wp:attachment":[{"href":"http:\/\/klubmamgdynia.pl\/index.php\/wp-json\/wp\/v2\/media?parent=4835"}],"wp:term":[{"taxonomy":"product_cat","embeddable":true,"href":"http:\/\/klubmamgdynia.pl\/index.php\/wp-json\/wp\/v2\/product_cat?post=4835"},{"taxonomy":"product_tag","embeddable":true,"href":"http:\/\/klubmamgdynia.pl\/index.php\/wp-json\/wp\/v2\/product_tag?post=4835"}],"curies":[{"name":"wp","href":"https:\/\/api.w.org\/{rel}","templated":true}]}}