{"id":4837,"date":"2011-11-29T02:22:55","date_gmt":"2011-11-29T01:22:55","guid":{"rendered":"http:\/\/klubmamgdynia.pl\/index.php\/produkt\/fotelik-samochodowy-nania-topo-minnie-fashionista-15-36kg\/"},"modified":"2026-04-30T09:06:30","modified_gmt":"2026-04-30T07:06:30","slug":"fotelik-samochodowy-nania-topo-minnie-fashionista-15-36kg","status":"publish","type":"product","link":"http:\/\/klubmamgdynia.pl\/index.php\/produkt\/fotelik-samochodowy-nania-topo-minnie-fashionista-15-36kg\/","title":{"rendered":"Fotelik samochodowy Nania Topo Minnie Fashionista 15-36Kg"},"content":{"rendered":"<p>3507460216028<\/p>\n<h2>Fotelik samochodowy Nania Topo Minnie Fashionista 15-36Kg Nania<\/h2>\n<p>cytaty o rodzinie i dzieciach, quiz opowie\u015bci z narnii lew czarownica i stara szafa, test wiedzy zemsta, nauka pisania literek do wydruku pdf, kolorowanki pokemon, postacie z bajek kolorowanki, kolorowanki na dzie\u0144 niepodleg\u0142o\u015bci do wydruku, co na roczek, zabawy halloweenowe dla dzieci, maska wilka szablon, anastazja imi\u0119, cytaty dla nauczycieli, labirynt dla dzieci, trudne zagadki wielkanocne, maurycy, opowie\u015bci z narnii lew czarownica i stara szafa test do wydruku, zagadki na my\u015blenie, zagadki dla dzieci z odpowiedziami, bajki dla chlopcow, quiz flagi europy<\/p>\n<p>yyyyy<\/p>\n<p>&nbsp;<\/p>\n","protected":false},"excerpt":{"rendered":"<p>3507460216028 Fotelik samochodowy Nania Topo Minnie Fashionista 15-36Kg Nania cytaty o rodzinie i dzieciach, quiz opowie\u015bci z narnii lew czarownica i stara szafa, test wiedzy zemsta, nauka pisania literek do wydruku pdf, kolorowanki pokemon, postacie z bajek kolorowanki, kolorowanki na dzie\u0144 niepodleg\u0142o\u015bci do wydruku, co na roczek, zabawy halloweenowe dla dzieci, maska wilka szablon, anastazja [&hellip;]<\/p>\n","protected":false},"featured_media":4838,"comment_status":"closed","ping_status":"open","template":"","meta":[],"product_cat":[32,1240],"product_tag":[753,594,786,646,841],"class_list":["post-4837","product","type-product","status-publish","has-post-thumbnail","hentry","product_cat-foteliki-samochodowe","product_cat-nania","product_tag-kamila","product_tag-podchwytliwe-zagadki-dla-dzieci","product_tag-prezent-na-1-urodziny","product_tag-prezent-na-pierwsze-urodziny","product_tag-quiz-o-flagach"],"_links":{"self":[{"href":"http:\/\/klubmamgdynia.pl\/index.php\/wp-json\/wp\/v2\/product\/4837","targetHints":{"allow":["GET"]}}],"collection":[{"href":"http:\/\/klubmamgdynia.pl\/index.php\/wp-json\/wp\/v2\/product"}],"about":[{"href":"http:\/\/klubmamgdynia.pl\/index.php\/wp-json\/wp\/v2\/types\/product"}],"replies":[{"embeddable":true,"href":"http:\/\/klubmamgdynia.pl\/index.php\/wp-json\/wp\/v2\/comments?post=4837"}],"wp:featuredmedia":[{"embeddable":true,"href":"http:\/\/klubmamgdynia.pl\/index.php\/wp-json\/wp\/v2\/media\/4838"}],"wp:attachment":[{"href":"http:\/\/klubmamgdynia.pl\/index.php\/wp-json\/wp\/v2\/media?parent=4837"}],"wp:term":[{"taxonomy":"product_cat","embeddable":true,"href":"http:\/\/klubmamgdynia.pl\/index.php\/wp-json\/wp\/v2\/product_cat?post=4837"},{"taxonomy":"product_tag","embeddable":true,"href":"http:\/\/klubmamgdynia.pl\/index.php\/wp-json\/wp\/v2\/product_tag?post=4837"}],"curies":[{"name":"wp","href":"https:\/\/api.w.org\/{rel}","templated":true}]}}