{"id":4839,"date":"2022-03-20T01:57:44","date_gmt":"2022-03-20T00:57:44","guid":{"rendered":"http:\/\/klubmamgdynia.pl\/index.php\/produkt\/native-buty-miejskie-fitzsimmons-citylite\/"},"modified":"2026-04-28T21:23:43","modified_gmt":"2026-04-28T19:23:43","slug":"native-buty-miejskie-fitzsimmons-citylite","status":"publish","type":"product","link":"http:\/\/klubmamgdynia.pl\/index.php\/produkt\/native-buty-miejskie-fitzsimmons-citylite\/","title":{"rendered":"Native Buty Miejskie Fitzsimmons Citylite"},"content":{"rendered":"<p>Model zaprojektowany na bazie naszego wielokrotnie nagradzanego klasycznego buta turystycznego. Buty Fitzsimmons maj\u0105 nasz\u0105 oryginaln\u0105 cholewk\u0119 z pianki EVA z wewn\u0119trzn\u0105 wk\u0142adk\u0105 z mikropolaru, kt\u00f3ra zapewnia stopom ciep\u0142o i sucho\u015b\u0107.Pow\u0142oka EVABut wykonany z neoprenuPodszewka z mikropolaruLekka podeszwa zewn\u0119trzna TPRZak\u0142adka przy pi\u0119cie u\u0142atwiaj\u0105ca zak\u0142adanie<\/p>\n<h2>Native Buty Miejskie Fitzsimmons Citylite NATIVE<\/h2>\n<p>kolorowanki do pobrania, samoch\u00f3d kolorowanka do druku, \u017carty na prima aprilis w domu, lol surprise kolorowanki, zima z\u0142a tekst<\/p>\n<p>yyyyy<\/p>\n<p>&nbsp;<\/p>\n","protected":false},"excerpt":{"rendered":"<p>Model zaprojektowany na bazie naszego wielokrotnie nagradzanego klasycznego buta turystycznego. Buty Fitzsimmons maj\u0105 nasz\u0105 oryginaln\u0105 cholewk\u0119 z pianki EVA z wewn\u0119trzn\u0105 wk\u0142adk\u0105 z mikropolaru, kt\u00f3ra zapewnia stopom ciep\u0142o i sucho\u015b\u0107.Pow\u0142oka EVABut wykonany z neoprenuPodszewka z mikropolaruLekka podeszwa zewn\u0119trzna TPRZak\u0142adka przy pi\u0119cie u\u0142atwiaj\u0105ca zak\u0142adanie Native Buty Miejskie Fitzsimmons Citylite NATIVE kolorowanki do pobrania, samoch\u00f3d kolorowanka do [&hellip;]<\/p>\n","protected":false},"featured_media":4840,"comment_status":"closed","ping_status":"open","template":"","meta":[],"product_cat":[1270,1271],"product_tag":[650,819,674,605,616,701],"class_list":["post-4839","product","type-product","status-publish","has-post-thumbnail","hentry","product_cat-native","product_cat-sandaly-damskie","product_tag-choinka-z-bibuly","product_tag-co-kupic-nastolatce-na-swieta","product_tag-miasto-dzieci","product_tag-milena","product_tag-test-mikolajek-25-pytan","product_tag-zgadywanki-dla-dzieci"],"_links":{"self":[{"href":"http:\/\/klubmamgdynia.pl\/index.php\/wp-json\/wp\/v2\/product\/4839","targetHints":{"allow":["GET"]}}],"collection":[{"href":"http:\/\/klubmamgdynia.pl\/index.php\/wp-json\/wp\/v2\/product"}],"about":[{"href":"http:\/\/klubmamgdynia.pl\/index.php\/wp-json\/wp\/v2\/types\/product"}],"replies":[{"embeddable":true,"href":"http:\/\/klubmamgdynia.pl\/index.php\/wp-json\/wp\/v2\/comments?post=4839"}],"wp:featuredmedia":[{"embeddable":true,"href":"http:\/\/klubmamgdynia.pl\/index.php\/wp-json\/wp\/v2\/media\/4840"}],"wp:attachment":[{"href":"http:\/\/klubmamgdynia.pl\/index.php\/wp-json\/wp\/v2\/media?parent=4839"}],"wp:term":[{"taxonomy":"product_cat","embeddable":true,"href":"http:\/\/klubmamgdynia.pl\/index.php\/wp-json\/wp\/v2\/product_cat?post=4839"},{"taxonomy":"product_tag","embeddable":true,"href":"http:\/\/klubmamgdynia.pl\/index.php\/wp-json\/wp\/v2\/product_tag?post=4839"}],"curies":[{"name":"wp","href":"https:\/\/api.w.org\/{rel}","templated":true}]}}