{"id":4841,"date":"2012-12-22T17:45:20","date_gmt":"2012-12-22T16:45:20","guid":{"rendered":"http:\/\/klubmamgdynia.pl\/index.php\/produkt\/buty-dr-martens-1460-black-smooth-vegan\/"},"modified":"2026-04-20T13:44:56","modified_gmt":"2026-04-20T11:44:56","slug":"buty-dr-martens-1460-black-smooth-vegan","status":"publish","type":"product","link":"http:\/\/klubmamgdynia.pl\/index.php\/produkt\/buty-dr-martens-1460-black-smooth-vegan\/","title":{"rendered":"Buty Dr. Martens 1460 Black Smooth VEGAN"},"content":{"rendered":"<p>Firma: Dr.MARTENSModel: 1460 Black Smooth VeganTyp: UnisexKolor: czarnyMateria\u0142: sk\u00f3ropodobny typu VEGANRodzaj zapi\u0119cia: sznurowaneIlo\u015b\u0107 dziurek: 8Konserwacja: spray &#8211; impregnat, np. AntiacquaWszystkie akcesoria do konserwacji obuwia znajduj\u0105 si\u0119 w naszej ofercie!!!&#8230;<\/p>\n<h2>Buty Dr. Martens 1460 Black Smooth VEGAN Dr. Martens<\/h2>\n<p>ma\u0142y ksi\u0105\u017c\u0119 &#8211; test z odpowiedziami, zagadki na inteligencj\u0119, zagadki dla dzieci 5 lat, quizy dla dzieci o zwierz\u0119tach, filmy rodzinne na halloween, quiz online, irma, pomys\u0142y na prezent na roczek, ozdoby choinkowe dla dzieci, ka\u0142u\u017cy\u015bci, zabawy na dzie\u0144 dziecka w szkole, znaki drogowe test, prezent dla 17 latki<\/p>\n<p>yyyyy<\/p>\n<p>&nbsp;<\/p>\n","protected":false},"excerpt":{"rendered":"<p>Firma: Dr.MARTENSModel: 1460 Black Smooth VeganTyp: UnisexKolor: czarnyMateria\u0142: sk\u00f3ropodobny typu VEGANRodzaj zapi\u0119cia: sznurowaneIlo\u015b\u0107 dziurek: 8Konserwacja: spray &#8211; impregnat, np. AntiacquaWszystkie akcesoria do konserwacji obuwia znajduj\u0105 si\u0119 w naszej ofercie!!!&#8230; Buty Dr. Martens 1460 Black Smooth VEGAN Dr. Martens ma\u0142y ksi\u0105\u017c\u0119 &#8211; test z odpowiedziami, zagadki na inteligencj\u0119, zagadki dla dzieci 5 lat, quizy dla dzieci [&hellip;]<\/p>\n","protected":false},"featured_media":4842,"comment_status":"closed","ping_status":"open","template":"","meta":[],"product_cat":[1273,1272],"product_tag":[702,804,782],"class_list":["post-4841","product","type-product","status-publish","has-post-thumbnail","hentry","product_cat-botki","product_cat-dr-martens","product_tag-co-kupic-na-roczek-dla-dziewczynki","product_tag-ryz-z-owocami","product_tag-zagadki-dla-dzieci-z-odpowiedziami"],"_links":{"self":[{"href":"http:\/\/klubmamgdynia.pl\/index.php\/wp-json\/wp\/v2\/product\/4841","targetHints":{"allow":["GET"]}}],"collection":[{"href":"http:\/\/klubmamgdynia.pl\/index.php\/wp-json\/wp\/v2\/product"}],"about":[{"href":"http:\/\/klubmamgdynia.pl\/index.php\/wp-json\/wp\/v2\/types\/product"}],"replies":[{"embeddable":true,"href":"http:\/\/klubmamgdynia.pl\/index.php\/wp-json\/wp\/v2\/comments?post=4841"}],"wp:featuredmedia":[{"embeddable":true,"href":"http:\/\/klubmamgdynia.pl\/index.php\/wp-json\/wp\/v2\/media\/4842"}],"wp:attachment":[{"href":"http:\/\/klubmamgdynia.pl\/index.php\/wp-json\/wp\/v2\/media?parent=4841"}],"wp:term":[{"taxonomy":"product_cat","embeddable":true,"href":"http:\/\/klubmamgdynia.pl\/index.php\/wp-json\/wp\/v2\/product_cat?post=4841"},{"taxonomy":"product_tag","embeddable":true,"href":"http:\/\/klubmamgdynia.pl\/index.php\/wp-json\/wp\/v2\/product_tag?post=4841"}],"curies":[{"name":"wp","href":"https:\/\/api.w.org\/{rel}","templated":true}]}}