{"id":4843,"date":"2025-02-26T01:54:47","date_gmt":"2025-02-26T00:54:47","guid":{"rendered":"http:\/\/klubmamgdynia.pl\/?post_type=product&#038;p=4843"},"modified":"2026-04-03T21:40:55","modified_gmt":"2026-04-03T19:40:55","slug":"childhome-silikonowa-taca-do-karmienia-z-pokrywa-evolu-antracytowa","status":"publish","type":"product","link":"http:\/\/klubmamgdynia.pl\/index.php\/produkt\/childhome-silikonowa-taca-do-karmienia-z-pokrywa-evolu-antracytowa\/","title":{"rendered":"Childhome Silikonowa Taca Do Karmienia Z Pokryw\u0105 Evolu Antracytowa"},"content":{"rendered":"<p>W\u0142\u00f3\u017c bez trudu tack\u0119 do karmienia Evolu z pokryw\u0105 marki CHILDHOME na pod\u0142okietniki wysokiego krzese\u0142ka Evolu 2 lub Evolu ONE.80\u00b0, aby stworzy\u0107 ma\u0142y stolik dla swojego dziecka. G\u0142\u0119boko\u015b\u0107 tacy mo\u017cesz wyregulowa\u0107, a dzi\u0119ki temu \u017ce ro\u015bnie ona wraz z Twoim dzieckiem pos\u0142u\u017cy Ci przez lata. Ponadto to akcesorium do wysokiego krzese\u0142ka dostarczane jest wraz z silikonow\u0105 mat\u0105. Pasuje ona do tacek Evolu marki CHILDHOME, jest wykonana z silikonu i zapewnia d\u0142ugotrwa\u0142e u\u017cytkowanie. Wystarczy wsun\u0105\u0107 j\u0105 na tac\u0119, aby stworzy\u0107 powierzchni\u0119, na kt\u00f3rej talerze ani kubki si\u0119 nie przesuwaj\u0105. Uwaga: pokrywy tej mo\u017cna u\u017cy\u0107 wy\u0142\u0105cznie do tacek Evolu marki CHILDHOME, wykonanych z tworzywa ABS. Silikonowa mata nie jest odpowiednia na drewniany st\u00f3\u0142.<\/p>\n<h2>Childhome Silikonowa Taca Do Karmienia Z Pokryw\u0105 Evolu Antracytowa Childhome<\/h2>\n<p>cytaty o nauczycielach, ko\u0142ysanka tekst, \u017cyczenia na lany poniedzia\u0142ek wielkanocny, zagadki o zimie, kolorowanki antystresowe, znaki drogowe do druku, ach \u015bpij kochanie tekst, prezent na 1 urodziny, naj\u0142adniejsze ko\u0142ysanki dla dzieci, maski superbohater\u00f3w do wydrukowania, wierszyki o wakacjach kr\u00f3tkie, opisy do zdj\u0119\u0107 z dzieckiem, zagadki \u015bmieszne<\/p>\n<p>yyyyy<\/p>\n<p>&nbsp;<\/p>\n","protected":false},"excerpt":{"rendered":"<p>W\u0142\u00f3\u017c bez trudu tack\u0119 do karmienia Evolu z pokryw\u0105 marki CHILDHOME na pod\u0142okietniki wysokiego krzese\u0142ka Evolu 2 lub Evolu ONE.80\u00b0, aby stworzy\u0107 ma\u0142y stolik dla swojego dziecka. G\u0142\u0119boko\u015b\u0107 tacy mo\u017cesz wyregulowa\u0107, a dzi\u0119ki temu \u017ce ro\u015bnie ona wraz z Twoim dzieckiem pos\u0142u\u017cy Ci przez lata. Ponadto to akcesorium do wysokiego krzese\u0142ka dostarczane jest wraz z [&hellip;]<\/p>\n","protected":false},"featured_media":4844,"comment_status":"closed","ping_status":"open","template":"","meta":[],"product_cat":[473,158],"product_tag":[612,590,712],"class_list":["post-4843","product","type-product","status-publish","has-post-thumbnail","hentry","product_cat-childhome","product_cat-krzeselka-do-karmienia","product_tag-kolorowanki-do-druku","product_tag-plac-zabaw-warszawa","product_tag-zagadki-o-zwierzetach"],"_links":{"self":[{"href":"http:\/\/klubmamgdynia.pl\/index.php\/wp-json\/wp\/v2\/product\/4843","targetHints":{"allow":["GET"]}}],"collection":[{"href":"http:\/\/klubmamgdynia.pl\/index.php\/wp-json\/wp\/v2\/product"}],"about":[{"href":"http:\/\/klubmamgdynia.pl\/index.php\/wp-json\/wp\/v2\/types\/product"}],"replies":[{"embeddable":true,"href":"http:\/\/klubmamgdynia.pl\/index.php\/wp-json\/wp\/v2\/comments?post=4843"}],"wp:featuredmedia":[{"embeddable":true,"href":"http:\/\/klubmamgdynia.pl\/index.php\/wp-json\/wp\/v2\/media\/4844"}],"wp:attachment":[{"href":"http:\/\/klubmamgdynia.pl\/index.php\/wp-json\/wp\/v2\/media?parent=4843"}],"wp:term":[{"taxonomy":"product_cat","embeddable":true,"href":"http:\/\/klubmamgdynia.pl\/index.php\/wp-json\/wp\/v2\/product_cat?post=4843"},{"taxonomy":"product_tag","embeddable":true,"href":"http:\/\/klubmamgdynia.pl\/index.php\/wp-json\/wp\/v2\/product_tag?post=4843"}],"curies":[{"name":"wp","href":"https:\/\/api.w.org\/{rel}","templated":true}]}}