{"id":4845,"date":"2011-07-24T11:50:58","date_gmt":"2011-07-24T09:50:58","guid":{"rendered":"http:\/\/klubmamgdynia.pl\/index.php\/produkt\/krzeselko-do-karmienia-3-w-1-regulowane-oparcie\/"},"modified":"2026-04-04T02:28:45","modified_gmt":"2026-04-04T00:28:45","slug":"krzeselko-do-karmienia-3-w-1-regulowane-oparcie","status":"publish","type":"product","link":"http:\/\/klubmamgdynia.pl\/index.php\/produkt\/krzeselko-do-karmienia-3-w-1-regulowane-oparcie\/","title":{"rendered":"KRZESE\u0141KO DO KARMIENIA 3 W 1 REGULOWANE OPARCIE"},"content":{"rendered":"<p>KRZESE\u0141KO DO KARMIENIA 3 W 1 REGULOWANE OPARCIEKrzese\u0142ko do karmienia zosta\u0142o wykonane z lekkich i bardzo wytrzyma\u0142ych materia\u0142\u00f3w.Krzese\u0142ko zosta\u0142o tak zaprojektowane, \u017ce b\u0119dzie s\u0142u\u017cy\u0107 Twojemu dziecku przez d\u0142ugie lataPosiada mn\u00f3stwo funkcji :wysokie wygodne krzese\u0142ko do karmieniapo roz\u0142o\u017ceniu &#8211; mamy krzese\u0142ko i stolik &#8211; idealne rozwi\u0105zanie dla starszych dzieci3 stopniowa regulacja wysuni\u0119cia blatu,3 stopniowa regulacja oparcia,rozk\u0142adane na stolik i krzese\u0142ko,dwucz\u0119\u015bciowy blat,5 &#8211; punktowe pasy bezpiecze\u0144stwa,trzpie\u0144 zabezpieczaj\u0105cy przed wysuni\u0119ciem dziecka.BEZPIECZE\u0143STWO DLA TWOJEGO DZIECKAPrzede wszystkim krzese\u0142ko posiada 5 punktowe pasy bezpiecze\u0144stwa, dzi\u0119ki temu masz pewno\u015b\u0107, ze Twoje dziecko nie wypadnie.Ca\u0142a konstrukcja krzese\u0142ko zosta\u0142a przemy\u015blanie wykonania, od mocnych materia\u0142\u00f3w, po op\u0142ywowe kszta\u0142ty, dzi\u0119ki czemu, jak tw\u00f3j maluszek podro\u015bnie to podczas zabawy nie natknie si\u0119 na jaki\u015b wystaj\u0105cy naro\u017cnik.Dodatkowo krzese\u0142ko zosta\u0142o wyposa\u017cone w trzpie\u0144 zabezpieczaj\u0105cy przed wysuni\u0119ciem dziecka.ROK\u0141ADANE NA STOLIK I KRZES\u0141KO &#8211; 3 w 1Krzese\u0142ko mo\u017cna u\u017cytkowa\u0107 na kilka sposob\u00f3w :1. Krzese\u0142ko zamontowane na stoliczku &#8211; dla ma\u0142ych dzieci &#8211; u\u0142atwiaj\u0105ce rodzicom karmienie2. Krzese\u0142ko mo\u017cna \u015bci\u0105gn\u0105\u0107 ze stolika i z niskiej pozycji mo\u017cna karmi\u0107, ale te\u017c dziecko mo\u017ce si\u0119 bawi\u0107 (za\u0142o\u017cony blacik), a Ty zawsze wiesz, ze jest bezpieczne w krzese\u0142ku3. Jak ju\u017c dziecko jest starsze mo\u017cna roz\u0142o\u017cy\u0107 na krzese\u0142ko (blacik \u015bci\u0105gn\u0105\u0107) i stoliczek, dzi\u0119ki czemu maluch ma miejsce zar\u00f3wno do jedzenia jak i zabawy3 STOPNIOWA REGULACJA OPARCIAKrzese\u0142ko ma wygodn\u0105 3 stopniow\u0105 regulacj\u0119 oparcia, dzi\u0119ki czemu mo\u017cesz w prosty spos\u00f3b obni\u017cy\u0107 oparcie, a Tw\u00f3j maluch mo\u017ce si\u0119 w nim zdrzemn\u0105\u0107.DWUCZ\u0118SCIOWY BLATBlat krzese\u0142ko ma 3 stopniow\u0105 regulacj\u0119 wysuni\u0119cia, ale tez jest dwucz\u0119\u015bciowy i g\u00f3rna niebieska cz\u0119\u015b\u0107 mo\u017ce by\u0107 w prosty spos\u00f3b \u015bci\u0105gni\u0119ta &#8211; daj\u0105c dodatkowe mo\u017cliwo\u015bciSPECYFIKACJAwymiary stolikawysoko\u015b\u0107 : 52 cmszeroko\u015b\u0107 : 50 cmd\u0142ugo\u015b\u0107 : 50 cmwymiary krzese\u0142ka :wysoko\u015b\u0107 : 65 cmszeroko\u015b\u0107 : 60 cmd\u0142ugo\u015b\u0107 : 35ca\u0142kowita wysoko\u015b\u0107 krzese\u0142ka do karmienia : 94 cmPrzeznaczone dla dzieci od 6 miesi\u0105ca do 6 lat.Maksymalne dopuszczalne obci\u0105\u017cenie 18 kg.Wymiary opakowania : 67 x 32 x 58 cm \/ 10 kg \/ mag : CKrzese\u0142ko zosta\u0142o tak zaprojektowane, \u017ce b\u0119dzie s\u0142u\u017cy\u0107 Twojemu dziecku przez d\u0142ugie lata.<\/p>\n<h2>KRZESE\u0141KO DO KARMIENIA 3 W 1 REGULOWANE OPARCIE Inny<\/h2>\n<p>bajka o smoku wawelskim, zabawy dla 6 latk\u00f3w, darmowy szablon list do miko\u0142aja, prezent dla 15 latki 2021, wiersz o wakacjach, znaczenie imienia milan, mia imie, wiosna zagadki, atrakcje dla dzieci we wroc\u0142awiu, kolorowanki kotki do druku, kajko i kokosz szko\u0142a latania test z odpowiedziami, test z dzieci z bullerbyn, pierwsze urodziny prezent na roczek dla ch\u0142opca, test z lektury dynastia mizio\u0142k\u00f3w, zabawy na bal karnawa\u0142owy w przedszkolu, skalne miasto<\/p>\n<p>yyyyy<\/p>\n<p>&nbsp;<\/p>\n","protected":false},"excerpt":{"rendered":"<p>KRZESE\u0141KO DO KARMIENIA 3 W 1 REGULOWANE OPARCIEKrzese\u0142ko do karmienia zosta\u0142o wykonane z lekkich i bardzo wytrzyma\u0142ych materia\u0142\u00f3w.Krzese\u0142ko zosta\u0142o tak zaprojektowane, \u017ce b\u0119dzie s\u0142u\u017cy\u0107 Twojemu dziecku przez d\u0142ugie lataPosiada mn\u00f3stwo funkcji :wysokie wygodne krzese\u0142ko do karmieniapo roz\u0142o\u017ceniu &#8211; mamy krzese\u0142ko i stolik &#8211; idealne rozwi\u0105zanie dla starszych dzieci3 stopniowa regulacja wysuni\u0119cia blatu,3 stopniowa regulacja oparcia,rozk\u0142adane [&hellip;]<\/p>\n","protected":false},"featured_media":4846,"comment_status":"closed","ping_status":"open","template":"","meta":[],"product_cat":[169,158],"product_tag":[817,863,844,781,867,588,597],"class_list":["post-4845","product","type-product","status-publish","has-post-thumbnail","hentry","product_cat-inny","product_cat-krzeselka-do-karmienia","product_tag-bajka-terapeutyczna-o-emocjach","product_tag-bajki-dla-dziewczynek","product_tag-co-kupic-na-roczek","product_tag-cytaty-o-wychowaniu-dzieci","product_tag-kolorowanki-dla-dziewczynek","product_tag-wzruszajace-slowa-dla-przyjaciela","product_tag-zagadki-o-zimie"],"_links":{"self":[{"href":"http:\/\/klubmamgdynia.pl\/index.php\/wp-json\/wp\/v2\/product\/4845","targetHints":{"allow":["GET"]}}],"collection":[{"href":"http:\/\/klubmamgdynia.pl\/index.php\/wp-json\/wp\/v2\/product"}],"about":[{"href":"http:\/\/klubmamgdynia.pl\/index.php\/wp-json\/wp\/v2\/types\/product"}],"replies":[{"embeddable":true,"href":"http:\/\/klubmamgdynia.pl\/index.php\/wp-json\/wp\/v2\/comments?post=4845"}],"wp:featuredmedia":[{"embeddable":true,"href":"http:\/\/klubmamgdynia.pl\/index.php\/wp-json\/wp\/v2\/media\/4846"}],"wp:attachment":[{"href":"http:\/\/klubmamgdynia.pl\/index.php\/wp-json\/wp\/v2\/media?parent=4845"}],"wp:term":[{"taxonomy":"product_cat","embeddable":true,"href":"http:\/\/klubmamgdynia.pl\/index.php\/wp-json\/wp\/v2\/product_cat?post=4845"},{"taxonomy":"product_tag","embeddable":true,"href":"http:\/\/klubmamgdynia.pl\/index.php\/wp-json\/wp\/v2\/product_tag?post=4845"}],"curies":[{"name":"wp","href":"https:\/\/api.w.org\/{rel}","templated":true}]}}