{"id":4847,"date":"2021-07-02T03:12:42","date_gmt":"2021-07-02T01:12:42","guid":{"rendered":"http:\/\/klubmamgdynia.pl\/index.php\/produkt\/mz-znikopis-kolorowy-z-pieczatkami\/"},"modified":"2026-04-12T16:40:41","modified_gmt":"2026-04-12T14:40:41","slug":"mz-znikopis-kolorowy-z-pieczatkami","status":"publish","type":"product","link":"http:\/\/klubmamgdynia.pl\/index.php\/produkt\/mz-znikopis-kolorowy-z-pieczatkami\/","title":{"rendered":"M&amp;Z Znikopis Kolorowy Z Piecz\u0105tkami"},"content":{"rendered":"<p>SUPER CENA &#8211; TANIA DOSTAWA ! &#8211; mz-import Znikopis kolor du\u017cy z pieczatkami 009-2079 03804 &#8211; PACZKOMAT, POCZTA, KURIER<\/p>\n<h2>M&amp;Z Znikopis Kolorowy Z Piecz\u0105tkami M&amp;Z<\/h2>\n<p>tabliczka mno\u017cenia zadania do druku, kawal na prima aprilis, kolorowanka lol do druku, kolorowanki na dzie\u0144 babci, ko\u0142ysanki dla dzieci + tekst, piesek do kolorowania, twarz wiosny do druku, zagadki zimowe dla dzieci, bajka psi patrol do czytania, nela w krainie wombat\u00f3w, \u015bmieszne zagadki z odpowiedziami, prezent dla nastoletniego ch\u0142opca<\/p>\n<p>yyyyy<\/p>\n<p>&nbsp;<\/p>\n","protected":false},"excerpt":{"rendered":"<p>SUPER CENA &#8211; TANIA DOSTAWA ! &#8211; mz-import Znikopis kolor du\u017cy z pieczatkami 009-2079 03804 &#8211; PACZKOMAT, POCZTA, KURIER M&amp;Z Znikopis Kolorowy Z Piecz\u0105tkami M&amp;Z tabliczka mno\u017cenia zadania do druku, kawal na prima aprilis, kolorowanka lol do druku, kolorowanki na dzie\u0144 babci, ko\u0142ysanki dla dzieci + tekst, piesek do kolorowania, twarz wiosny do druku, zagadki [&hellip;]<\/p>\n","protected":false},"featured_media":4848,"comment_status":"closed","ping_status":"open","template":"","meta":[],"product_cat":[1177,21],"product_tag":[859,605,621,665,849],"class_list":["post-4847","product","type-product","status-publish","has-post-thumbnail","hentry","product_cat-mz","product_cat-zabawki-plastyczne","product_tag-dobranoc-pchly-na-noc","product_tag-milena","product_tag-prezenty-roczek","product_tag-proste-zagadki","product_tag-zagadki-matematyczne-dla-dzieci"],"_links":{"self":[{"href":"http:\/\/klubmamgdynia.pl\/index.php\/wp-json\/wp\/v2\/product\/4847","targetHints":{"allow":["GET"]}}],"collection":[{"href":"http:\/\/klubmamgdynia.pl\/index.php\/wp-json\/wp\/v2\/product"}],"about":[{"href":"http:\/\/klubmamgdynia.pl\/index.php\/wp-json\/wp\/v2\/types\/product"}],"replies":[{"embeddable":true,"href":"http:\/\/klubmamgdynia.pl\/index.php\/wp-json\/wp\/v2\/comments?post=4847"}],"wp:featuredmedia":[{"embeddable":true,"href":"http:\/\/klubmamgdynia.pl\/index.php\/wp-json\/wp\/v2\/media\/4848"}],"wp:attachment":[{"href":"http:\/\/klubmamgdynia.pl\/index.php\/wp-json\/wp\/v2\/media?parent=4847"}],"wp:term":[{"taxonomy":"product_cat","embeddable":true,"href":"http:\/\/klubmamgdynia.pl\/index.php\/wp-json\/wp\/v2\/product_cat?post=4847"},{"taxonomy":"product_tag","embeddable":true,"href":"http:\/\/klubmamgdynia.pl\/index.php\/wp-json\/wp\/v2\/product_tag?post=4847"}],"curies":[{"name":"wp","href":"https:\/\/api.w.org\/{rel}","templated":true}]}}