{"id":4849,"date":"2021-08-26T02:36:09","date_gmt":"2021-08-26T00:36:09","guid":{"rendered":"http:\/\/klubmamgdynia.pl\/index.php\/produkt\/ochnik-walizka-srednia-na-kolkach-walab-0040-51-24\/"},"modified":"2026-04-30T18:56:29","modified_gmt":"2026-04-30T16:56:29","slug":"ochnik-walizka-srednia-na-kolkach-walab-0040-51-24","status":"publish","type":"product","link":"http:\/\/klubmamgdynia.pl\/index.php\/produkt\/ochnik-walizka-srednia-na-kolkach-walab-0040-51-24\/","title":{"rendered":"OCHNIK Walizka \u015brednia na k\u00f3\u0142kach WALAB-0040-51-24"},"content":{"rendered":"<p>\u015aREDNIA TWARDA WALIZKA NA K\u00d3\u0141KACH\u015arednia walizka wykonana z bardzo lekkiego, wytrzyma\u0142ego i odpornego na uszkodzenia materia\u0142u ABS. K\u00f3\u0142ka podw\u00f3jne, wykonane z mieszanki kauczuku i gumy, \u0142o\u017cyskowane, obr\u00f3t 360 stopni. Wewn\u0105trz komora podzielona na dwie cz\u0119\u015bci, w jednej przestrze\u0144 zamykana materia\u0142em na suwak, w drugiej \u2013 elastycznymi pasami zabezpieczaj\u0105cymi.rozmiar 24\u201d (66\u00d745\u00d726,5 cm)kolor zielonymateria\u0142 wierzchni walizki \u2013 ABSrodzaj walizki \u2013 twardamodel jednokomorowyzamykana na dwustronnie odsuwany suwakpodszewka w czarnym kolorzeDane techniczneSzeroko\u015b\u010745 cmWysoko\u015b\u0107 z k\u00f3\u0142kami66 cmG\u0142\u0119boko\u015b\u010726,5 cmWysoko\u015b\u0107 r\u0105czki40 cmWysoko\u015b\u0107 k\u00f3\u0142ek6 cmPojemno\u015b\u010765 lWaga3,6 kgAtrybuty\u2713 R\u0105czka aluminiowa, teleskopowa\u2713 Materia\u0142 ABS pochodz\u0105cy w 30% z recyklingu\u2713 Funkcjonalna kiesze\u0144 siateczkowa i pasy zabezpieczaj\u0105ce\u2713 Cztery \u0142o\u017cyskowane k\u00f3\u0142kaJak\u0105 walizk\u0119 wybra\u0107?Zastanawiasz si\u0119, kt\u00f3ry model walizki na k\u00f3\u0142kach OCHNIK wybra\u0107? Zacznij od doboru odpowiedniego rozmiaru. Czekaj\u0105 na Ciebie zar\u00f3wno walizki podr\u00f3\u017cne 28\u2019\u2019, idealne na d\u0142ugie, dalekie wyjazdy, podczas kt\u00f3rych b\u0119dziesz potrzebowa\u0107 sporo miejsca na baga\u017c, jak r\u00f3wnie\u017c walizki \u015brednie 24\u201d oraz mniejsze \u201314-16-calowe, optymalne jako baga\u017c podr\u0119czny do samolotu. Je\u015bli nie jeste\u015b pewien, jaki rozmiar walizki b\u0119dzie dla Ciebie najlepszy, a potrzebujesz kilku sztuk baga\u017cu, zdecyduj si\u0119 na komplet. Zestawy walizek s\u0105 r\u00f3wnie\u017c cz\u0119stym wyborem podr\u00f3\u017cuj\u0105cych rodzin \u2013 baga\u017ce o podobnym designie s\u0105 \u0142atwiejsze do identyfikacji, np. na lotniskowej ta\u015bmie.Opr\u00f3cz rozmiaru istotne s\u0105 r\u00f3wnie\u017c takie parametry jak materia\u0142 wykonania (solidne PC, lekkie ABS, a mo\u017ce mi\u0119kki poliester?) oraz design. Dopasuj kolorystyk\u0119 i styl walizki do swojej osobowo\u015bci. Je\u015bli masz w\u0105tpliwo\u015bci, kt\u00f3r\u0105 walizk\u0119 wybra\u0107, zesp\u00f3\u0142 OCHNIK s\u0142u\u017cy pomoc\u0105 przy podj\u0119ciu trafnej decyzji.Co to jest materia\u0142 ABS?ABS to jeden z najpopularniejszych i najtwardszych materia\u0142\u00f3w wykorzystywanych do produkcji walizek. Materia\u0142 bardzo przyst\u0119pny cenowo. Wysoki poziom twardo\u015bci tworzywa wi\u0105\u017ce si\u0119 z brakiem elastyczno\u015bci, a co za tym idzie z ryzykiem p\u0119kni\u0119cia. Materia\u0142 jest r\u00f3wnie\u017c podatny na zarysowania. Walizki z ABS-u s\u0105 bardziej polecane jako baga\u017c podr\u0119czny, tzn. taki, kt\u00f3ry zabieramy ze sob\u0105 na pok\u0142ad samolotu. Walizki z ABS-u idealnie sprawdz\u0105 si\u0119 w podr\u00f3\u017cach samochodem.Co to jest zamek TSAZamek szyfrowy TSA (Travel Sentry Approved) \u2013 niezb\u0119dny dla os\u00f3b podr\u00f3\u017cuj\u0105cych do Japonii, Australii, USA i Kanady, gdzie prawo zezwala funkcjonariuszom na sprawdzenie danego baga\u017cu. Celnicy posiadaj\u0105 kluczyki, pozwalaj\u0105ce przeprowadzi\u0107 bezinwazyjn\u0105 kontrol\u0119 zawarto\u015bci, je\u015bli walizka nie posiada zamka TSA, najcz\u0119\u015bciej przecinaj\u0105 baga\u017c, nie zwa\u017caj\u0105c na uszkodzenia.Zamek szyfrowy to dobre zabezpieczenie baga\u017cu przed kradzie\u017c\u0105, dlatego w przypadku walizek nieposiadaj\u0105cych wbudowanego zamka warto zaopatrzy\u0107 si\u0119 w dodatkow\u0105 k\u0142\u00f3dk\u0119.<\/p>\n<h2>OCHNIK Walizka \u015brednia na k\u00f3\u0142kach WALAB-0040-51-24 Ochnik<\/h2>\n<p>maski karnawa\u0142owe dla dzieci szablony, wierszyki na \u015bmigus dyngus, prezenty dla nastolatkow, opowie\u015bci z narni test, traktor z przyczep\u0105 kolorowanka, cytat o rodzinie, kolorowanki patriotyczne symbole narodowe kolorowanka, zagadki zagadki, zagadki matematyczne dla dzieci 7 lat, kolorowanki do druku zwierz\u0119ta, quizy o minecraft, ko\u0142ysanki dla dzieci + tekst, zagadki dla starszych dzieci, li\u015bcie jesienne szablon, wakacje kolorowanka, szablony papierowe lalki do ubierania do wydruku, miko\u0142ajek &#8211; test z odpowiedziami, aaa kotki dwa tekst, nauka polskiego dla dzieci z ukrainy, zagadki dla 7 latka<\/p>\n<p>yyyyy<\/p>\n<p>&nbsp;<\/p>\n","protected":false},"excerpt":{"rendered":"<p>\u015aREDNIA TWARDA WALIZKA NA K\u00d3\u0141KACH\u015arednia walizka wykonana z bardzo lekkiego, wytrzyma\u0142ego i odpornego na uszkodzenia materia\u0142u ABS. K\u00f3\u0142ka podw\u00f3jne, wykonane z mieszanki kauczuku i gumy, \u0142o\u017cyskowane, obr\u00f3t 360 stopni. Wewn\u0105trz komora podzielona na dwie cz\u0119\u015bci, w jednej przestrze\u0144 zamykana materia\u0142em na suwak, w drugiej \u2013 elastycznymi pasami zabezpieczaj\u0105cymi.rozmiar 24\u201d (66\u00d745\u00d726,5 cm)kolor zielonymateria\u0142 wierzchni walizki \u2013 [&hellip;]<\/p>\n","protected":false},"featured_media":4850,"comment_status":"closed","ping_status":"open","template":"","meta":[],"product_cat":[1274,265],"product_tag":[867,587,811],"class_list":["post-4849","product","type-product","status-publish","has-post-thumbnail","hentry","product_cat-ochnik","product_cat-torby-i-walizki","product_tag-kolorowanki-dla-dziewczynek","product_tag-skalne-miasto","product_tag-zagadki-logiczne-dla-dzieci"],"_links":{"self":[{"href":"http:\/\/klubmamgdynia.pl\/index.php\/wp-json\/wp\/v2\/product\/4849","targetHints":{"allow":["GET"]}}],"collection":[{"href":"http:\/\/klubmamgdynia.pl\/index.php\/wp-json\/wp\/v2\/product"}],"about":[{"href":"http:\/\/klubmamgdynia.pl\/index.php\/wp-json\/wp\/v2\/types\/product"}],"replies":[{"embeddable":true,"href":"http:\/\/klubmamgdynia.pl\/index.php\/wp-json\/wp\/v2\/comments?post=4849"}],"wp:featuredmedia":[{"embeddable":true,"href":"http:\/\/klubmamgdynia.pl\/index.php\/wp-json\/wp\/v2\/media\/4850"}],"wp:attachment":[{"href":"http:\/\/klubmamgdynia.pl\/index.php\/wp-json\/wp\/v2\/media?parent=4849"}],"wp:term":[{"taxonomy":"product_cat","embeddable":true,"href":"http:\/\/klubmamgdynia.pl\/index.php\/wp-json\/wp\/v2\/product_cat?post=4849"},{"taxonomy":"product_tag","embeddable":true,"href":"http:\/\/klubmamgdynia.pl\/index.php\/wp-json\/wp\/v2\/product_tag?post=4849"}],"curies":[{"name":"wp","href":"https:\/\/api.w.org\/{rel}","templated":true}]}}