{"id":485,"date":"2022-08-04T20:10:05","date_gmt":"2022-08-04T18:10:05","guid":{"rendered":"http:\/\/klubmamgdynia.pl\/index.php\/produkt\/baby-born-stroj-urodzinowy-830796\/"},"modified":"2026-04-04T06:36:13","modified_gmt":"2026-04-04T04:36:13","slug":"baby-born-stroj-urodzinowy-830796","status":"publish","type":"product","link":"http:\/\/klubmamgdynia.pl\/index.php\/produkt\/baby-born-stroj-urodzinowy-830796\/","title":{"rendered":"Baby Born Str\u00f3j Urodzinowy 830796"},"content":{"rendered":"<p>BABY born Deluxe Happy Birthday Outfit 43cmUrodzinowy str\u00f3j z zmieniaj\u0105cymi kolor cekinami zawiera uniwersalne okulary.Gdzie po\u0142o\u017cy\u0142em okulary? Kiedy masz 30 lat, to wa\u017cne pytanie. BABY born, ma\u0142a imprezowa ksi\u0119\u017cniczka, obchodzi 30-lecie istnienia.Niebieska maska mo\u017ce by\u0107 noszona jako okulary na opasce lub stanowi\u0107 element stylizacji sukienki dla Kr\u00f3lika Benno. W ko\u0144cu kr\u00f3liczek te\u017c lubi si\u0119 bawi\u0107. Sukienka posiada sp\u00f3dnic\u0119 wykonan\u0105 z cekin\u00f3w zmieniaj\u0105cych kolor. Torebka BABY born jest r\u00f3wnie\u017c ozdobiona b\u0142yszcz\u0105cymi cekinami. Na g\u0142owie ma opask\u0119 o szczeg\u00f3lnie modnym kroju. R\u00f3\u017cowe botki uzupe\u0142niaj\u0105 str\u00f3j urodzinowy.Wysokiej jako\u015bci ubranka dla lalki BABY born.Dla wzmocnionej, r\u00f3\u017cnorodnej i d\u0142ugotrwa\u0142ej zabawy.Bardzo \u0142atwe do zak\u0142adania i zdejmowania.BABY born Deluxe Happy Birthday Outfit 43cm z sukienk\u0105, opask\u0105 i butami. Zawiera stylow\u0105 mask\u0119 i torebk\u0119.Informacje o produkcieNr katalogowy830796-116721Marka Baby BornRodzaj UbrankaWymagania wiekowe od 3 latP\u0142e\u0107 DziewczynkiProdukt na baterie NieBaterie w zestawie NieZasilanie Nie dotyczyKolor Fioletowy<\/p>\n<h2>Baby Born Str\u00f3j Urodzinowy 830796 BABY BORN<\/h2>\n<p>\u0142atwe ale podchwytliwe zagadki, p\u0142onie ognisko w lesie, minionki kolorowanka, minecraft kolorowanki, sky kolorowanka, testy na znaki drogowe, miasto dzieci krak\u00f3w, ostatni dzwonek tekst, wzruszajace cytaty o rodzinie, zabawy na dworze dla 10 latk\u00f3w, najlepsze pranki na prima aprilis, zagadki dla 8 latka, eneduerabe, basen warszawa, maski dla dzieci do druku, mitologia grecka test wiedzy<\/p>\n<p>yyyyy<\/p>\n<p>&nbsp;<\/p>\n","protected":false},"excerpt":{"rendered":"<p>BABY born Deluxe Happy Birthday Outfit 43cmUrodzinowy str\u00f3j z zmieniaj\u0105cymi kolor cekinami zawiera uniwersalne okulary.Gdzie po\u0142o\u017cy\u0142em okulary? Kiedy masz 30 lat, to wa\u017cne pytanie. BABY born, ma\u0142a imprezowa ksi\u0119\u017cniczka, obchodzi 30-lecie istnienia.Niebieska maska mo\u017ce by\u0107 noszona jako okulary na opasce lub stanowi\u0107 element stylizacji sukienki dla Kr\u00f3lika Benno. W ko\u0144cu kr\u00f3liczek te\u017c lubi si\u0119 bawi\u0107. [&hellip;]<\/p>\n","protected":false},"featured_media":486,"comment_status":"closed","ping_status":"open","template":"","meta":[],"product_cat":[176,50],"product_tag":[728,865,626,798,796],"class_list":["post-485","product","type-product","status-publish","has-post-thumbnail","hentry","product_cat-baby-born","product_cat-ubranka-i-buty-dla-lalek","product_tag-bezwarunkowa-milosc-do-dziecka-cytaty","product_tag-cytaty-o-dzieciach","product_tag-jacek","product_tag-prezenty-dla-nastolatki","product_tag-zagatki"],"_links":{"self":[{"href":"http:\/\/klubmamgdynia.pl\/index.php\/wp-json\/wp\/v2\/product\/485","targetHints":{"allow":["GET"]}}],"collection":[{"href":"http:\/\/klubmamgdynia.pl\/index.php\/wp-json\/wp\/v2\/product"}],"about":[{"href":"http:\/\/klubmamgdynia.pl\/index.php\/wp-json\/wp\/v2\/types\/product"}],"replies":[{"embeddable":true,"href":"http:\/\/klubmamgdynia.pl\/index.php\/wp-json\/wp\/v2\/comments?post=485"}],"wp:featuredmedia":[{"embeddable":true,"href":"http:\/\/klubmamgdynia.pl\/index.php\/wp-json\/wp\/v2\/media\/486"}],"wp:attachment":[{"href":"http:\/\/klubmamgdynia.pl\/index.php\/wp-json\/wp\/v2\/media?parent=485"}],"wp:term":[{"taxonomy":"product_cat","embeddable":true,"href":"http:\/\/klubmamgdynia.pl\/index.php\/wp-json\/wp\/v2\/product_cat?post=485"},{"taxonomy":"product_tag","embeddable":true,"href":"http:\/\/klubmamgdynia.pl\/index.php\/wp-json\/wp\/v2\/product_tag?post=485"}],"curies":[{"name":"wp","href":"https:\/\/api.w.org\/{rel}","templated":true}]}}