{"id":4855,"date":"2021-03-28T07:43:13","date_gmt":"2021-03-28T05:43:13","guid":{"rendered":"http:\/\/klubmamgdynia.pl\/index.php\/produkt\/kunert-lavado-premium-safari-czarny-gleboko-spacerowy\/"},"modified":"2026-04-04T01:30:55","modified_gmt":"2026-04-03T23:30:55","slug":"kunert-lavado-premium-safari-czarny-gleboko-spacerowy","status":"publish","type":"product","link":"http:\/\/klubmamgdynia.pl\/index.php\/produkt\/kunert-lavado-premium-safari-czarny-gleboko-spacerowy\/","title":{"rendered":"Kunert Lavado Premium Safari Czarny G\u0142\u0119boko-Spacerowy"},"content":{"rendered":"<p>Kunert Lavado Premium W\u00f3zek G\u0142\u0119boko-Spacerowy Safari + Czarny Grafitowa Rama Ko\u0142a \u017belowe<\/p>\n<h2>Kunert Lavado Premium Safari Czarny G\u0142\u0119boko-Spacerowy Kunert<\/h2>\n<p>milena, rodzina sentencja, mi\u0142osz imie, t\u0119cza kolorowanka, piosenka dla taty przedszkole, co robi\u0107 z dzieckiem w warszawie, nauka zegara zegar do druku, test z ani z zielonego wzg\u00f3rza, bajki do czytania online, zagadki przyrodnicze, karty pracy dla dzieci z ukrainy pdf, bajki do czytania dla ch\u0142opc\u00f3w, karty pracy polsko ukrai\u0144skie, prezent na dzie\u0144 dziecka dla nastolatk\u00f3w, zemsta test wiedzy, jak narysowa\u0107 kota, tulipany kolorowanki<\/p>\n<p>yyyyy<\/p>\n<p>&nbsp;<\/p>\n","protected":false},"excerpt":{"rendered":"<p>Kunert Lavado Premium W\u00f3zek G\u0142\u0119boko-Spacerowy Safari + Czarny Grafitowa Rama Ko\u0142a \u017belowe Kunert Lavado Premium Safari Czarny G\u0142\u0119boko-Spacerowy Kunert milena, rodzina sentencja, mi\u0142osz imie, t\u0119cza kolorowanka, piosenka dla taty przedszkole, co robi\u0107 z dzieckiem w warszawie, nauka zegara zegar do druku, test z ani z zielonego wzg\u00f3rza, bajki do czytania online, zagadki przyrodnicze, karty pracy [&hellip;]<\/p>\n","protected":false},"featured_media":4856,"comment_status":"closed","ping_status":"open","template":"","meta":[],"product_cat":[1277,110],"product_tag":[750,806,682,721,849],"class_list":["post-4855","product","type-product","status-publish","has-post-thumbnail","hentry","product_cat-kunert","product_cat-wozki-wielofunkcyjne","product_tag-imie-kostek","product_tag-prezent-dla-dziecka-na-roczek","product_tag-przyjazn-cytaty","product_tag-zagadki-matematyczne","product_tag-zagadki-matematyczne-dla-dzieci"],"_links":{"self":[{"href":"http:\/\/klubmamgdynia.pl\/index.php\/wp-json\/wp\/v2\/product\/4855","targetHints":{"allow":["GET"]}}],"collection":[{"href":"http:\/\/klubmamgdynia.pl\/index.php\/wp-json\/wp\/v2\/product"}],"about":[{"href":"http:\/\/klubmamgdynia.pl\/index.php\/wp-json\/wp\/v2\/types\/product"}],"replies":[{"embeddable":true,"href":"http:\/\/klubmamgdynia.pl\/index.php\/wp-json\/wp\/v2\/comments?post=4855"}],"wp:featuredmedia":[{"embeddable":true,"href":"http:\/\/klubmamgdynia.pl\/index.php\/wp-json\/wp\/v2\/media\/4856"}],"wp:attachment":[{"href":"http:\/\/klubmamgdynia.pl\/index.php\/wp-json\/wp\/v2\/media?parent=4855"}],"wp:term":[{"taxonomy":"product_cat","embeddable":true,"href":"http:\/\/klubmamgdynia.pl\/index.php\/wp-json\/wp\/v2\/product_cat?post=4855"},{"taxonomy":"product_tag","embeddable":true,"href":"http:\/\/klubmamgdynia.pl\/index.php\/wp-json\/wp\/v2\/product_tag?post=4855"}],"curies":[{"name":"wp","href":"https:\/\/api.w.org\/{rel}","templated":true}]}}