{"id":4857,"date":"2012-03-08T13:32:54","date_gmt":"2012-03-08T12:32:54","guid":{"rendered":"http:\/\/klubmamgdynia.pl\/index.php\/produkt\/fotelik-samochodowy-babysafe-labrador-blue-0-36kg\/"},"modified":"2026-04-04T09:36:19","modified_gmt":"2026-04-04T07:36:19","slug":"fotelik-samochodowy-babysafe-labrador-blue-0-36kg","status":"publish","type":"product","link":"http:\/\/klubmamgdynia.pl\/index.php\/produkt\/fotelik-samochodowy-babysafe-labrador-blue-0-36kg\/","title":{"rendered":"Fotelik samochodowy BabySafe Labrador Blue 0-36Kg"},"content":{"rendered":"<p>BabySafe Labrador &#8211; fotelik samochodowy 0-36 kg Kolor\/wz\u00f3r: Niebieski Potrzebujesz fotelika, kt\u00f3ry b\u0119dzie rozwi\u0105zaniem na d\u0142ugie lata, dotrzyma towarzystwa podczas ka\u017cdej podr\u00f3\u017cy i b\u0119dzie wiernym przyjacielem Twojego dziecka? Poznaj BabySafe Labrador &#8211; to fotelik samochodowy przeznaczony dla dzieci w wieku 0-12 lat, nale\u017c\u0105cy do grupy wagowej 0-36 kg. Fotelik jest zast\u0119pc\u0105 s\u0142ynnego modelu Golden 360 &#8211; Labrador wyr\u00f3\u017cnia si\u0119 l\u017cejsz\u0105 konstrukcj\u0105 oraz prostym monta\u017cem w poje\u017adzie. Do tego, oferowany produkt jest wyj\u0105tkowo bezpieczny i komfortowy, a dzi\u0119ki mo\u017cliwo\u015bci adaptacji mo\u017cemy z \u0142atwo\u015bci\u0105 dostosowa\u0107 wybrane elementy tak, aby pasowa\u0142y do coraz wi\u0119kszego i starszego dziecka. Monta\u017c w poje\u017adzie na obrotowej bazie ISOFIX lub za pomoc\u0105 pas\u00f3w bezpiecze\u0144stwa. Mo\u017cliwo\u015b\u0107 monta\u017cu ty\u0142em do kierunku jazdy do 18 kg! Cechy charakterystyczne Wk\u0142adka redukcyjna Jest dwudzielna, co umo\u017cliwia jak najlepsze dopasowanie niezale\u017cnie od obecnego etapu rozwoju dziecka. Zapewnia komfort oraz pe\u0142ni wa\u017cn\u0105 funkcj\u0119 w kwestii bezpiecze\u0144stwa. Pasy bezpiecze\u0144stwa 5-punktowe pasy bezpiecze\u0144stwa chroni\u0105 Twoje dziecko, b\u0119d\u0105c dla niego niezast\u0105pionym wsparciem podczas podr\u00f3\u017cy samochodem. Regulacja pas\u00f3w i zag\u0142\u00f3wka 7-stopniowa regulacja zag\u0142\u00f3wka i 3-stopniowa, automatyczna regulacja pas\u00f3w bezpiecze\u0144stwa sprawiaj\u0105, \u017ce fotelik ro\u015bnie wraz z dzieckiem i tworzy gotowe rozwi\u0105zanie na d\u0142ugie lata! Regulowany k\u0105t nachylenia 3-stopniowa regulacja k\u0105ta nachylenia oparcia daje mo\u017cliwo\u015b\u0107 wybrania najwygodniejszej pozycji dla Twojego dziecka. Bezpiecze\u0144stwo Za bezpiecze\u0144stwo Twojego dziecka dbaj\u0105 systemy SIP i SOS, kt\u00f3re chroni\u0105 g\u0142ow\u0119, szyj\u0119, barki i biodra dziecka. Dwie mo\u017cliwo\u015bci monta\u017cu Jazda ty\u0142em do kierunku jazdy do 18 kg zapewnia maksymalne bezpiecze\u0144stwo a\u017c do 5 roku \u017cycia malucha. Fotelik mo\u017cna montowa\u0107 na bazie Isofix lub za pomoc\u0105 3-punktowych pas\u00f3w bezpiecze\u0144stwa. Obrotowa baza Isofix Baza Isofix u\u0142atwia monta\u017c fotelika w poje\u017adzie, a tak\u017ce zapewnia jego wi\u0119ksz\u0105 stabilno\u015b\u0107. Funkcja obrotu jest gwarancj\u0105 wygody dla rodzica &#8211; znacznie upraszcza proces wk\u0142adania i wyci\u0105gania dziecka. Specyfikacja Waga 8 kg Wymiary 33 x 32 x 47-96 cm Grupa wagowa 0-36 kg Grupa wiekowa 0-12 lat Monta\u017c ty\u0142em Do 18 kg Monta\u017c Isofix \/ 3-punktowe pasy samochodowe<\/p>\n<h2>Fotelik samochodowy BabySafe Labrador Blue 0-36Kg BabySafe<\/h2>\n<p>pan twardowski na ksi\u0119\u017cycu wiersz, ciekawe miejsca w warszawie dla m\u0142odzie\u017cy, sentencje ma\u0142y ksi\u0105\u017ce cytaty, quiz flagi \u015bwiata, \u017cyczenia na lany poniedzia\u0142ek wielkanocny, m.i.a., po\u0142\u0105cz kropki do wydruku pdf, znaczenie imiona justyna, jad\u0105 jad\u0105 misie tekst, opisy do zdj dziecka, atrakcje wroc\u0142aw i okolice<\/p>\n<p>yyyyy<\/p>\n<p>&nbsp;<\/p>\n","protected":false},"excerpt":{"rendered":"<p>BabySafe Labrador &#8211; fotelik samochodowy 0-36 kg Kolor\/wz\u00f3r: Niebieski Potrzebujesz fotelika, kt\u00f3ry b\u0119dzie rozwi\u0105zaniem na d\u0142ugie lata, dotrzyma towarzystwa podczas ka\u017cdej podr\u00f3\u017cy i b\u0119dzie wiernym przyjacielem Twojego dziecka? Poznaj BabySafe Labrador &#8211; to fotelik samochodowy przeznaczony dla dzieci w wieku 0-12 lat, nale\u017c\u0105cy do grupy wagowej 0-36 kg. Fotelik jest zast\u0119pc\u0105 s\u0142ynnego modelu Golden 360 [&hellip;]<\/p>\n","protected":false},"featured_media":4858,"comment_status":"closed","ping_status":"open","template":"","meta":[],"product_cat":[972,32],"product_tag":[702,847,748,629,773],"class_list":["post-4857","product","type-product","status-publish","has-post-thumbnail","hentry","product_cat-babysafe","product_cat-foteliki-samochodowe","product_tag-co-kupic-na-roczek-dla-dziewczynki","product_tag-kolorowanki-pokemon","product_tag-okolice-wroclawia-atrakcje","product_tag-smieszne-zagadki-z-odpowiedziami","product_tag-test-z-lektury-opowiesci-z-narnii-lew-czarownica-i-stara-szafa"],"_links":{"self":[{"href":"http:\/\/klubmamgdynia.pl\/index.php\/wp-json\/wp\/v2\/product\/4857","targetHints":{"allow":["GET"]}}],"collection":[{"href":"http:\/\/klubmamgdynia.pl\/index.php\/wp-json\/wp\/v2\/product"}],"about":[{"href":"http:\/\/klubmamgdynia.pl\/index.php\/wp-json\/wp\/v2\/types\/product"}],"replies":[{"embeddable":true,"href":"http:\/\/klubmamgdynia.pl\/index.php\/wp-json\/wp\/v2\/comments?post=4857"}],"wp:featuredmedia":[{"embeddable":true,"href":"http:\/\/klubmamgdynia.pl\/index.php\/wp-json\/wp\/v2\/media\/4858"}],"wp:attachment":[{"href":"http:\/\/klubmamgdynia.pl\/index.php\/wp-json\/wp\/v2\/media?parent=4857"}],"wp:term":[{"taxonomy":"product_cat","embeddable":true,"href":"http:\/\/klubmamgdynia.pl\/index.php\/wp-json\/wp\/v2\/product_cat?post=4857"},{"taxonomy":"product_tag","embeddable":true,"href":"http:\/\/klubmamgdynia.pl\/index.php\/wp-json\/wp\/v2\/product_tag?post=4857"}],"curies":[{"name":"wp","href":"https:\/\/api.w.org\/{rel}","templated":true}]}}